{"id":210,"date":"2026-01-10T03:10:58","date_gmt":"2026-01-10T03:10:58","guid":{"rendered":"https:\/\/giaytot.vn\/?page_id=210"},"modified":"2026-01-12T07:55:01","modified_gmt":"2026-01-12T07:55:01","slug":"dich-vu-cham-soc-giay-tai-nha","status":"publish","type":"page","link":"https:\/\/giaytot.vn\/index.php\/dich-vu-cham-soc-giay-tai-nha\/","title":{"rendered":"D\u1ecaCH V\u1ee4 CH\u0102M S\u00d3C GI\u00c0Y T\u1ea0I NH\u00c0"},"content":{"rendered":"\n\n\t<section class=\"section\" id=\"section_1447951888\">\n\t\t<div class=\"section-bg fill\" >\n\t\t\t\t\t\t\t\t\t\n\t\t\t\n\t<div class=\"is-border\"\n\t\tstyle=\"border-color:rgb(0, 0, 0);border-radius:10px;border-width:1px 1px 1px 1px;\">\n\t<\/div>\n\n\t\t<\/div>\n\n\t\t\n\n\t\t<div class=\"section-content relative\">\n\t\t\t\n\n<div class=\"row\"  id=\"row-1703967381\">\n\n\n\t<div id=\"col-121836624\" class=\"col medium-6 small-12 large-6\"  >\n\t\t\t\t<div class=\"col-inner\"  >\n\t\t\t\n\t\t\t\n\n<h3 data-start=\"209\" data-end=\"245\">\ud83d\udc5f D\u1ecaCH V\u1ee4 CH\u0102M S\u00d3C GI\u00c0Y T\u1ea0I NH\u00c0<\/h3>\n<p data-start=\"247\" data-end=\"423\">Ch\u00fang t\u00f4i cung c\u1ea5p <strong data-start=\"266\" data-end=\"339\">d\u1ecbch v\u1ee5 ch\u0103m s\u00f3c \u2013 v\u1ec7 sinh \u2013 ph\u1ee5c h\u1ed3i gi\u00e0y chuy\u00ean nghi\u1ec7p ngay t\u1ea1i nh\u00e0<\/strong>, gi\u00fap \u0111\u00f4i gi\u00e0y c\u1ee7a b\u1ea1n lu\u00f4n s\u1ea1ch \u0111\u1eb9p nh\u01b0 m\u1edbi m\u00e0 kh\u00f4ng c\u1ea7n m\u1ea5t th\u1eddi gian mang \u0111i xa.<\/p>\n<p data-start=\"425\" data-end=\"448\">\ud83d\udd39 <strong data-start=\"428\" data-end=\"448\">D\u1ecbch v\u1ee5 bao g\u1ed3m:<\/strong><\/p>\n<ul data-start=\"449\" data-end=\"735\">\n<li data-start=\"449\" data-end=\"517\">\n<p data-start=\"451\" data-end=\"517\">V\u1ec7 sinh gi\u00e0y sneaker, gi\u00e0y da, gi\u00e0y th\u1ec3 thao, gi\u00e0y v\u1ea3i, gi\u00e0y l\u01b0\u1eddi\u2026<\/p>\n<\/li>\n<li data-start=\"518\" data-end=\"562\">\n<p data-start=\"520\" data-end=\"562\">L\u00e0m s\u1ea1ch \u0111\u1ebf, th\u00e2n gi\u00e0y, d\u00e2y gi\u00e0y, l\u00f3t gi\u00e0y<\/p>\n<\/li>\n<li data-start=\"563\" data-end=\"593\">\n<p data-start=\"565\" data-end=\"593\">Kh\u1eed m\u00f9i \u2013 di\u1ec7t khu\u1ea9n an to\u00e0n<\/p>\n<\/li>\n<li data-start=\"594\" data-end=\"650\">\n<p data-start=\"596\" data-end=\"650\">D\u01b0\u1ee1ng da, ph\u1ee5c h\u1ed3i m\u00e0u, ch\u1ed1ng n\u1ee9t n\u1ebb (\u0111\u1ed1i v\u1edbi gi\u00e0y da)<\/p>\n<\/li>\n<li data-start=\"651\" data-end=\"702\">\n<p data-start=\"653\" data-end=\"702\">X\u1eed l\u00fd v\u1ebft b\u1ea9n c\u1ee9ng \u0111\u1ea7u (b\u00f9n \u0111\u1ea5t, d\u1ea7u m\u1ee1, \u1ed1 v\u00e0ng\u2026)<\/p>\n<\/li>\n<li data-start=\"703\" data-end=\"735\">\n<p data-start=\"705\" data-end=\"735\">T\u01b0 v\u1ea5n b\u1ea3o qu\u1ea3n gi\u00e0y \u0111\u00fang c\u00e1ch<\/p>\n<\/li>\n<\/ul>\n<p data-start=\"737\" data-end=\"1003\">\ud83d\udd39 <strong data-start=\"740\" data-end=\"760\">\u01afu \u0111i\u1ec3m n\u1ed5i b\u1eadt:<\/strong><br \/>\u2705 Ch\u0103m s\u00f3c <strong data-start=\"772\" data-end=\"808\">t\u1eadn n\u01a1i \u2013 nhanh ch\u00f3ng \u2013 ti\u1ec7n l\u1ee3i<\/strong><br data-start=\"808\" data-end=\"811\" \/>\u2705 S\u1eed d\u1ee5ng <strong data-start=\"821\" data-end=\"876\">dung d\u1ecbch chuy\u00ean d\u1ee5ng, an to\u00e0n cho gi\u00e0y v\u00e0 s\u1ee9c kh\u1ecfe<\/strong><br data-start=\"876\" data-end=\"879\" \/>\u2705 Quy tr\u00ecnh t\u1ec9 m\u1ec9, ph\u00f9 h\u1ee3p t\u1eebng ch\u1ea5t li\u1ec7u<br data-start=\"920\" data-end=\"923\" \/>\u2705 Ti\u1ebft ki\u1ec7m th\u1eddi gian \u2013 kh\u00f4ng c\u1ea7n di chuy\u1ec3n<br data-start=\"966\" data-end=\"969\" \/>\u2705 Nh\u00e2n vi\u00ean l\u1ecbch s\u1ef1, chuy\u00ean nghi\u1ec7p<\/p>\n<p data-start=\"1005\" data-end=\"1116\">\ud83d\udc5f <strong data-start=\"1008\" data-end=\"1030\">Ch\u00fang t\u00f4i cam k\u1ebft:<\/strong><br data-start=\"1030\" data-end=\"1033\" \/>Mang l\u1ea1i di\u1ec7n m\u1ea1o s\u1ea1ch \u0111\u1eb9p, th\u01a1m tho v\u00e0 k\u00e9o d\u00e0i tu\u1ed5i th\u1ecd cho t\u1eebng \u0111\u00f4i gi\u00e0y c\u1ee7a b\u1ea1n.<\/p>\n<p data-start=\"1118\" data-end=\"1197\">\ud83d\udcde Li\u00ean h\u1ec7 ngay \u0111\u1ec3 \u0111\u1eb7t l\u1ecbch ch\u0103m s\u00f3c gi\u00e0y t\u1ea1i nh\u00e0 theo th\u1eddi gian b\u1ea1n mong mu\u1ed1n!<\/p>\n\n\t\t<\/div>\n\t\t\t\t\t<\/div>\n\n\t\n\n\t<div id=\"col-1617112080\" class=\"col medium-6 small-12 large-6\"  >\n\t\t\t\t<div class=\"col-inner\"  >\n\t\t\t\n\t\t\t\n\n\t<div class=\"img has-hover x md-x lg-x y md-y lg-y\" id=\"image_1065362991\">\n\t\t\t\t\t\t\t\t<div class=\"img-inner dark\" >\n\t\t\t<img loading=\"lazy\" decoding=\"async\" width=\"1020\" height=\"153\" src=\"https:\/\/giaytot.vn\/wp-content\/uploads\/2026\/01\/Thiet-ke-chua-co-ten-1024x154.png\" class=\"attachment-large size-large\" alt=\"\" srcset=\"https:\/\/giaytot.vn\/wp-content\/uploads\/2026\/01\/Thiet-ke-chua-co-ten-1024x154.png 1024w, https:\/\/giaytot.vn\/wp-content\/uploads\/2026\/01\/Thiet-ke-chua-co-ten-300x45.png 300w, https:\/\/giaytot.vn\/wp-content\/uploads\/2026\/01\/Thiet-ke-chua-co-ten-768x115.png 768w, https:\/\/giaytot.vn\/wp-content\/uploads\/2026\/01\/Thiet-ke-chua-co-ten-1536x230.png 1536w, https:\/\/giaytot.vn\/wp-content\/uploads\/2026\/01\/Thiet-ke-chua-co-ten-1320x198.png 1320w, https:\/\/giaytot.vn\/wp-content\/uploads\/2026\/01\/Thiet-ke-chua-co-ten-600x90.png 600w, https:\/\/giaytot.vn\/wp-content\/uploads\/2026\/01\/Thiet-ke-chua-co-ten.png 2000w\" sizes=\"auto, (max-width: 1020px) 100vw, 1020px\" \/>\t\t\t\t\t\t\n\t\t\t\t\t<\/div>\n\t\t\t\t\t\t\t\t\n<style>\n#image_1065362991 {\n  width: 100%;\n}\n<\/style>\n\t<\/div>\n\t\n\n\n<div class=\"wpcf7 no-js\" id=\"wpcf7-f285-o1\" lang=\"vi\" dir=\"ltr\" data-wpcf7-id=\"285\">\n<div class=\"screen-reader-response\"><p role=\"status\" aria-live=\"polite\" aria-atomic=\"true\"><\/p> <ul><\/ul><\/div>\n<form action=\"\/index.php\/wp-json\/wp\/v2\/pages\/210#wpcf7-f285-o1\" method=\"post\" class=\"wpcf7-form init\" aria-label=\"Form li\u00ean h\u1ec7\" novalidate=\"novalidate\" data-status=\"init\">\n<fieldset class=\"hidden-fields-container\"><input type=\"hidden\" name=\"_wpcf7\" value=\"285\" \/><input type=\"hidden\" name=\"_wpcf7_version\" value=\"6.1.5\" \/><input type=\"hidden\" name=\"_wpcf7_locale\" value=\"vi\" \/><input type=\"hidden\" name=\"_wpcf7_unit_tag\" value=\"wpcf7-f285-o1\" \/><input type=\"hidden\" name=\"_wpcf7_container_post\" value=\"0\" \/><input type=\"hidden\" name=\"_wpcf7_posted_data_hash\" value=\"\" \/>\n<\/fieldset>\n<p><span class=\"wpcf7-form-control-wrap\" data-name=\"text-536\"><input size=\"40\" maxlength=\"400\" class=\"wpcf7-form-control wpcf7-text wpcf7-validates-as-required\" aria-required=\"true\" aria-invalid=\"false\" placeholder=\"T\u00ean b\u1ea1n\" value=\"\" type=\"text\" name=\"text-536\" \/><\/span><br \/>\n<span class=\"wpcf7-form-control-wrap\" data-name=\"tel-603\"><input size=\"40\" maxlength=\"400\" class=\"wpcf7-form-control wpcf7-tel wpcf7-text wpcf7-validates-as-tel\" aria-invalid=\"false\" placeholder=\"S\u1ed1 \u0111i\u1ec7n tho\u1ea1i\" value=\"\" type=\"tel\" name=\"tel-603\" \/><\/span><br \/>\n<span class=\"wpcf7-form-control-wrap\" data-name=\"text-445\"><input size=\"40\" maxlength=\"400\" class=\"wpcf7-form-control wpcf7-text wpcf7-validates-as-required\" aria-required=\"true\" aria-invalid=\"false\" placeholder=\"\u0110\u1ecba ch\u1ec9\" value=\"\" type=\"text\" name=\"text-445\" \/><\/span><br \/>\n<label>S\u1ed1 l\u01b0\u1ee3ng gi\u00e0y <\/label><br \/>\n<span class=\"wpcf7-form-control-wrap\" data-name=\"number-721\"><input class=\"wpcf7-form-control wpcf7-number wpcf7-validates-as-required wpcf7-validates-as-number\" min=\"10\" max=\"200\" aria-required=\"true\" aria-invalid=\"false\" value=\"20\" type=\"number\" name=\"number-721\" \/><\/span><br \/>\n<span class=\"wpcf7-form-control-wrap\" data-name=\"date-591\"><input class=\"wpcf7-form-control wpcf7-date wpcf7-validates-as-required wpcf7-validates-as-date\" aria-required=\"true\" aria-invalid=\"false\" value=\"\" type=\"date\" name=\"date-591\" \/><\/span>\n<\/p>\n<p><input class=\"wpcf7-form-control wpcf7-submit has-spinner\" type=\"submit\" value=\"\u0110\u1eb7t l\u1ecbch\" \/>\n<\/p><div class=\"wpcf7-response-output\" aria-hidden=\"true\"><\/div>\n<\/form>\n<\/div>\n\n\n\n\t\t<\/div>\n\t\t\t\t\t<\/div>\n\n\t\n\n<\/div>\n\n\t\t<\/div>\n\n\t\t\n<style>\n#section_1447951888 {\n  padding-top: 30px;\n  padding-bottom: 30px;\n  background-color: rgb(255,255,255);\n}\n<\/style>\n\t<\/section>\n\t\n\n","protected":false},"excerpt":{"rendered":"","protected":false},"author":1,"featured_media":0,"parent":0,"menu_order":0,"comment_status":"closed","ping_status":"closed","template":"","meta":{"footnotes":""},"class_list":["post-210","page","type-page","status-publish","hentry"],"yoast_head":"<!-- This site is optimized with the Yoast SEO plugin v27.4 - https:\/\/yoast.com\/product\/yoast-seo-wordpress\/ -->\n<title>D\u1ecaCH V\u1ee4 CH\u0102M S\u00d3C GI\u00c0Y T\u1ea0I NH\u00c0 - \u1d33\u2071\u1d43\u02b8\u1d57\u1d52\u1d57\u00b7\u1d5b\u207f<\/title>\n<meta name=\"robots\" content=\"index, follow, max-snippet:-1, max-image-preview:large, max-video-preview:-1\" \/>\n<link rel=\"canonical\" href=\"http:\/\/giaytot.vn\/index.php\/dich-vu-cham-soc-giay-tai-nha\/\" \/>\n<meta property=\"og:locale\" content=\"vi_VN\" \/>\n<meta property=\"og:type\" content=\"article\" \/>\n<meta property=\"og:title\" content=\"D\u1ecaCH V\u1ee4 CH\u0102M S\u00d3C GI\u00c0Y T\u1ea0I NH\u00c0 - \u1d33\u2071\u1d43\u02b8\u1d57\u1d52\u1d57\u00b7\u1d5b\u207f\" \/>\n<meta property=\"og:url\" content=\"http:\/\/giaytot.vn\/index.php\/dich-vu-cham-soc-giay-tai-nha\/\" \/>\n<meta property=\"og:site_name\" content=\"\u1d33\u2071\u1d43\u02b8\u1d57\u1d52\u1d57\u00b7\u1d5b\u207f\" \/>\n<meta property=\"article:modified_time\" content=\"2026-01-12T07:55:01+00:00\" \/>\n<meta name=\"twitter:card\" content=\"summary_large_image\" \/>\n<script type=\"application\/ld+json\" class=\"yoast-schema-graph\">{\"@context\":\"https:\\\/\\\/schema.org\",\"@graph\":[{\"@type\":\"WebPage\",\"@id\":\"http:\\\/\\\/giaytot.vn\\\/index.php\\\/dich-vu-cham-soc-giay-tai-nha\\\/\",\"url\":\"http:\\\/\\\/giaytot.vn\\\/index.php\\\/dich-vu-cham-soc-giay-tai-nha\\\/\",\"name\":\"D\u1ecaCH V\u1ee4 CH\u0102M S\u00d3C GI\u00c0Y T\u1ea0I NH\u00c0 - \u1d33\u2071\u1d43\u02b8\u1d57\u1d52\u1d57\u00b7\u1d5b\u207f\",\"isPartOf\":{\"@id\":\"https:\\\/\\\/giaytot.vn\\\/#website\"},\"datePublished\":\"2026-01-10T03:10:58+00:00\",\"dateModified\":\"2026-01-12T07:55:01+00:00\",\"breadcrumb\":{\"@id\":\"http:\\\/\\\/giaytot.vn\\\/index.php\\\/dich-vu-cham-soc-giay-tai-nha\\\/#breadcrumb\"},\"inLanguage\":\"vi\",\"potentialAction\":[{\"@type\":\"ReadAction\",\"target\":[\"http:\\\/\\\/giaytot.vn\\\/index.php\\\/dich-vu-cham-soc-giay-tai-nha\\\/\"]}]},{\"@type\":\"BreadcrumbList\",\"@id\":\"http:\\\/\\\/giaytot.vn\\\/index.php\\\/dich-vu-cham-soc-giay-tai-nha\\\/#breadcrumb\",\"itemListElement\":[{\"@type\":\"ListItem\",\"position\":1,\"name\":\"Trang ch\u1ee7\",\"item\":\"https:\\\/\\\/giaytot.vn\\\/\"},{\"@type\":\"ListItem\",\"position\":2,\"name\":\"D\u1ecaCH V\u1ee4 CH\u0102M S\u00d3C GI\u00c0Y T\u1ea0I NH\u00c0\"}]},{\"@type\":\"WebSite\",\"@id\":\"https:\\\/\\\/giaytot.vn\\\/#website\",\"url\":\"https:\\\/\\\/giaytot.vn\\\/\",\"name\":\"giaytot.vn\",\"description\":\"\",\"publisher\":{\"@id\":\"https:\\\/\\\/giaytot.vn\\\/#organization\"},\"potentialAction\":[{\"@type\":\"SearchAction\",\"target\":{\"@type\":\"EntryPoint\",\"urlTemplate\":\"https:\\\/\\\/giaytot.vn\\\/?s={search_term_string}\"},\"query-input\":{\"@type\":\"PropertyValueSpecification\",\"valueRequired\":true,\"valueName\":\"search_term_string\"}}],\"inLanguage\":\"vi\"},{\"@type\":\"Organization\",\"@id\":\"https:\\\/\\\/giaytot.vn\\\/#organization\",\"name\":\"giaytot.vn\",\"url\":\"https:\\\/\\\/giaytot.vn\\\/\",\"logo\":{\"@type\":\"ImageObject\",\"inLanguage\":\"vi\",\"@id\":\"https:\\\/\\\/giaytot.vn\\\/#\\\/schema\\\/logo\\\/image\\\/\",\"url\":\"http:\\\/\\\/giaytot.vn\\\/wp-content\\\/uploads\\\/2026\\\/01\\\/cropped-GGIAYTOT.VN-5.png\",\"contentUrl\":\"http:\\\/\\\/giaytot.vn\\\/wp-content\\\/uploads\\\/2026\\\/01\\\/cropped-GGIAYTOT.VN-5.png\",\"width\":512,\"height\":512,\"caption\":\"giaytot.vn\"},\"image\":{\"@id\":\"https:\\\/\\\/giaytot.vn\\\/#\\\/schema\\\/logo\\\/image\\\/\"}}]}<\/script>\n<!-- \/ Yoast SEO plugin. -->","yoast_head_json":{"title":"D\u1ecaCH V\u1ee4 CH\u0102M S\u00d3C GI\u00c0Y T\u1ea0I NH\u00c0 - \u1d33\u2071\u1d43\u02b8\u1d57\u1d52\u1d57\u00b7\u1d5b\u207f","robots":{"index":"index","follow":"follow","max-snippet":"max-snippet:-1","max-image-preview":"max-image-preview:large","max-video-preview":"max-video-preview:-1"},"canonical":"http:\/\/giaytot.vn\/index.php\/dich-vu-cham-soc-giay-tai-nha\/","og_locale":"vi_VN","og_type":"article","og_title":"D\u1ecaCH V\u1ee4 CH\u0102M S\u00d3C GI\u00c0Y T\u1ea0I NH\u00c0 - \u1d33\u2071\u1d43\u02b8\u1d57\u1d52\u1d57\u00b7\u1d5b\u207f","og_url":"http:\/\/giaytot.vn\/index.php\/dich-vu-cham-soc-giay-tai-nha\/","og_site_name":"\u1d33\u2071\u1d43\u02b8\u1d57\u1d52\u1d57\u00b7\u1d5b\u207f","article_modified_time":"2026-01-12T07:55:01+00:00","twitter_card":"summary_large_image","schema":{"@context":"https:\/\/schema.org","@graph":[{"@type":"WebPage","@id":"http:\/\/giaytot.vn\/index.php\/dich-vu-cham-soc-giay-tai-nha\/","url":"http:\/\/giaytot.vn\/index.php\/dich-vu-cham-soc-giay-tai-nha\/","name":"D\u1ecaCH V\u1ee4 CH\u0102M S\u00d3C GI\u00c0Y T\u1ea0I NH\u00c0 - \u1d33\u2071\u1d43\u02b8\u1d57\u1d52\u1d57\u00b7\u1d5b\u207f","isPartOf":{"@id":"https:\/\/giaytot.vn\/#website"},"datePublished":"2026-01-10T03:10:58+00:00","dateModified":"2026-01-12T07:55:01+00:00","breadcrumb":{"@id":"http:\/\/giaytot.vn\/index.php\/dich-vu-cham-soc-giay-tai-nha\/#breadcrumb"},"inLanguage":"vi","potentialAction":[{"@type":"ReadAction","target":["http:\/\/giaytot.vn\/index.php\/dich-vu-cham-soc-giay-tai-nha\/"]}]},{"@type":"BreadcrumbList","@id":"http:\/\/giaytot.vn\/index.php\/dich-vu-cham-soc-giay-tai-nha\/#breadcrumb","itemListElement":[{"@type":"ListItem","position":1,"name":"Trang ch\u1ee7","item":"https:\/\/giaytot.vn\/"},{"@type":"ListItem","position":2,"name":"D\u1ecaCH V\u1ee4 CH\u0102M S\u00d3C GI\u00c0Y T\u1ea0I NH\u00c0"}]},{"@type":"WebSite","@id":"https:\/\/giaytot.vn\/#website","url":"https:\/\/giaytot.vn\/","name":"giaytot.vn","description":"","publisher":{"@id":"https:\/\/giaytot.vn\/#organization"},"potentialAction":[{"@type":"SearchAction","target":{"@type":"EntryPoint","urlTemplate":"https:\/\/giaytot.vn\/?s={search_term_string}"},"query-input":{"@type":"PropertyValueSpecification","valueRequired":true,"valueName":"search_term_string"}}],"inLanguage":"vi"},{"@type":"Organization","@id":"https:\/\/giaytot.vn\/#organization","name":"giaytot.vn","url":"https:\/\/giaytot.vn\/","logo":{"@type":"ImageObject","inLanguage":"vi","@id":"https:\/\/giaytot.vn\/#\/schema\/logo\/image\/","url":"http:\/\/giaytot.vn\/wp-content\/uploads\/2026\/01\/cropped-GGIAYTOT.VN-5.png","contentUrl":"http:\/\/giaytot.vn\/wp-content\/uploads\/2026\/01\/cropped-GGIAYTOT.VN-5.png","width":512,"height":512,"caption":"giaytot.vn"},"image":{"@id":"https:\/\/giaytot.vn\/#\/schema\/logo\/image\/"}}]}},"jetpack_sharing_enabled":true,"_links":{"self":[{"href":"https:\/\/giaytot.vn\/index.php\/wp-json\/wp\/v2\/pages\/210","targetHints":{"allow":["GET"]}}],"collection":[{"href":"https:\/\/giaytot.vn\/index.php\/wp-json\/wp\/v2\/pages"}],"about":[{"href":"https:\/\/giaytot.vn\/index.php\/wp-json\/wp\/v2\/types\/page"}],"author":[{"embeddable":true,"href":"https:\/\/giaytot.vn\/index.php\/wp-json\/wp\/v2\/users\/1"}],"replies":[{"embeddable":true,"href":"https:\/\/giaytot.vn\/index.php\/wp-json\/wp\/v2\/comments?post=210"}],"version-history":[{"count":4,"href":"https:\/\/giaytot.vn\/index.php\/wp-json\/wp\/v2\/pages\/210\/revisions"}],"predecessor-version":[{"id":292,"href":"https:\/\/giaytot.vn\/index.php\/wp-json\/wp\/v2\/pages\/210\/revisions\/292"}],"wp:attachment":[{"href":"https:\/\/giaytot.vn\/index.php\/wp-json\/wp\/v2\/media?parent=210"}],"curies":[{"name":"wp","href":"https:\/\/api.w.org\/{rel}","templated":true}]}}