{"id":258,"date":"2026-01-11T02:51:20","date_gmt":"2026-01-11T02:51:20","guid":{"rendered":"https:\/\/giaytot.vn\/?page_id=258"},"modified":"2026-01-22T01:59:02","modified_gmt":"2026-01-22T01:59:02","slug":"dat-hang","status":"publish","type":"page","link":"https:\/\/giaytot.vn\/index.php\/dat-hang\/","title":{"rendered":"M\u1eaaU GI\u00c0Y B\u00c1N CH\u1ea0Y"},"content":{"rendered":"\n<div class=\"slider-wrapper relative show-for-small\" id=\"slider-1262824920\" >\n    <div class=\"slider slider-nav-circle slider-nav-large slider-nav-light slider-style-normal\"\n        data-flickity-options='{\n            \"cellAlign\": \"center\",\n            \"imagesLoaded\": true,\n            \"lazyLoad\": 1,\n            \"freeScroll\": false,\n            \"wrapAround\": true,\n            \"autoPlay\": 6000,\n            \"pauseAutoPlayOnHover\" : true,\n            \"prevNextButtons\": true,\n            \"contain\" : true,\n            \"adaptiveHeight\" : true,\n            \"dragThreshold\" : 10,\n            \"percentPosition\": true,\n            \"pageDots\": true,\n            \"rightToLeft\": false,\n            \"draggable\": true,\n            \"selectedAttraction\": 0.1,\n            \"parallax\" : 0,\n            \"friction\": 0.6        }'\n        >\n        \n\n\t<div class=\"img has-hover show-for-small x md-x lg-x y md-y lg-y\" id=\"image_588579041\">\n\t\t\t\t\t\t\t\t<div class=\"img-inner image-cover dark\" style=\"padding-top:100%;\">\n\t\t\t<img loading=\"lazy\" decoding=\"async\" width=\"225\" height=\"300\" src=\"https:\/\/giaytot.vn\/wp-content\/uploads\/2026\/01\/z7312104279414_10d14e89fbe3627848909dcdd228b2e3-225x300.jpg\" class=\"attachment-medium size-medium\" alt=\"\" srcset=\"https:\/\/giaytot.vn\/wp-content\/uploads\/2026\/01\/z7312104279414_10d14e89fbe3627848909dcdd228b2e3-225x300.jpg 225w, https:\/\/giaytot.vn\/wp-content\/uploads\/2026\/01\/z7312104279414_10d14e89fbe3627848909dcdd228b2e3-768x1024.jpg 768w, https:\/\/giaytot.vn\/wp-content\/uploads\/2026\/01\/z7312104279414_10d14e89fbe3627848909dcdd228b2e3-600x800.jpg 600w, https:\/\/giaytot.vn\/wp-content\/uploads\/2026\/01\/z7312104279414_10d14e89fbe3627848909dcdd228b2e3.jpg 960w\" sizes=\"auto, (max-width: 225px) 100vw, 225px\" \/>\t\t\t\t\t\t\n\t\t\t\t\t<\/div>\n\t\t\t\t\t\t\t\t\n<style>\n#image_588579041 {\n  width: 100%;\n}\n<\/style>\n\t<\/div>\n\t\n\n\t<div class=\"img has-hover x md-x lg-x y md-y lg-y\" id=\"image_592363074\">\n\t\t\t\t\t\t\t\t<div class=\"img-inner image-cover dark\" style=\"padding-top:100%;\">\n\t\t\t<img loading=\"lazy\" decoding=\"async\" width=\"225\" height=\"300\" src=\"https:\/\/giaytot.vn\/wp-content\/uploads\/2026\/01\/z7312104256962_03204a6b28b99238f6b9306e778c82ec-225x300.jpg\" class=\"attachment-medium size-medium\" alt=\"\" srcset=\"https:\/\/giaytot.vn\/wp-content\/uploads\/2026\/01\/z7312104256962_03204a6b28b99238f6b9306e778c82ec-225x300.jpg 225w, https:\/\/giaytot.vn\/wp-content\/uploads\/2026\/01\/z7312104256962_03204a6b28b99238f6b9306e778c82ec-768x1024.jpg 768w, https:\/\/giaytot.vn\/wp-content\/uploads\/2026\/01\/z7312104256962_03204a6b28b99238f6b9306e778c82ec-600x800.jpg 600w, https:\/\/giaytot.vn\/wp-content\/uploads\/2026\/01\/z7312104256962_03204a6b28b99238f6b9306e778c82ec.jpg 960w\" sizes=\"auto, (max-width: 225px) 100vw, 225px\" \/>\t\t\t\t\t\t\n\t\t\t\t\t<\/div>\n\t\t\t\t\t\t\t\t\n<style>\n#image_592363074 {\n  width: 100%;\n}\n<\/style>\n\t<\/div>\n\t\n\n\t<div class=\"img has-hover x md-x lg-x y md-y lg-y\" id=\"image_808739828\">\n\t\t\t\t\t\t\t\t<div class=\"img-inner image-cover dark\" style=\"padding-top:100%;\">\n\t\t\t<img loading=\"lazy\" decoding=\"async\" width=\"225\" height=\"300\" src=\"https:\/\/giaytot.vn\/wp-content\/uploads\/2026\/01\/z7312104238534_d49e6fe788e9f7cc272c283ced57abe0-225x300.jpg\" class=\"attachment-medium size-medium\" alt=\"\" srcset=\"https:\/\/giaytot.vn\/wp-content\/uploads\/2026\/01\/z7312104238534_d49e6fe788e9f7cc272c283ced57abe0-225x300.jpg 225w, https:\/\/giaytot.vn\/wp-content\/uploads\/2026\/01\/z7312104238534_d49e6fe788e9f7cc272c283ced57abe0-768x1024.jpg 768w, https:\/\/giaytot.vn\/wp-content\/uploads\/2026\/01\/z7312104238534_d49e6fe788e9f7cc272c283ced57abe0-600x800.jpg 600w, https:\/\/giaytot.vn\/wp-content\/uploads\/2026\/01\/z7312104238534_d49e6fe788e9f7cc272c283ced57abe0.jpg 960w\" sizes=\"auto, (max-width: 225px) 100vw, 225px\" \/>\t\t\t\t\t\t\n\t\t\t\t\t<\/div>\n\t\t\t\t\t\t\t\t\n<style>\n#image_808739828 {\n  width: 100%;\n}\n<\/style>\n\t<\/div>\n\t\n\n\t<div class=\"img has-hover x md-x lg-x y md-y lg-y\" id=\"image_401945926\">\n\t\t\t\t\t\t\t\t<div class=\"img-inner image-cover dark\" style=\"padding-top:100%;\">\n\t\t\t<img loading=\"lazy\" decoding=\"async\" width=\"225\" height=\"300\" src=\"https:\/\/giaytot.vn\/wp-content\/uploads\/2026\/01\/z7312104231999_bf4a500869ca8e40ebfe700ea1cd35dc-225x300.jpg\" class=\"attachment-medium size-medium\" alt=\"\" srcset=\"https:\/\/giaytot.vn\/wp-content\/uploads\/2026\/01\/z7312104231999_bf4a500869ca8e40ebfe700ea1cd35dc-225x300.jpg 225w, https:\/\/giaytot.vn\/wp-content\/uploads\/2026\/01\/z7312104231999_bf4a500869ca8e40ebfe700ea1cd35dc-768x1024.jpg 768w, https:\/\/giaytot.vn\/wp-content\/uploads\/2026\/01\/z7312104231999_bf4a500869ca8e40ebfe700ea1cd35dc-600x800.jpg 600w, https:\/\/giaytot.vn\/wp-content\/uploads\/2026\/01\/z7312104231999_bf4a500869ca8e40ebfe700ea1cd35dc.jpg 960w\" sizes=\"auto, (max-width: 225px) 100vw, 225px\" \/>\t\t\t\t\t\t\n\t\t\t\t\t<\/div>\n\t\t\t\t\t\t\t\t\n<style>\n#image_401945926 {\n  width: 100%;\n}\n<\/style>\n\t<\/div>\n\t\n\n\t<div class=\"img has-hover x md-x lg-x y md-y lg-y\" id=\"image_1717440941\">\n\t\t\t\t\t\t\t\t<div class=\"img-inner image-cover dark\" style=\"padding-top:100%;\">\n\t\t\t<img loading=\"lazy\" decoding=\"async\" width=\"225\" height=\"300\" src=\"https:\/\/giaytot.vn\/wp-content\/uploads\/2026\/01\/20251210_133446-scaled-1-225x300.jpg\" class=\"attachment-medium size-medium\" alt=\"\" srcset=\"https:\/\/giaytot.vn\/wp-content\/uploads\/2026\/01\/20251210_133446-scaled-1-225x300.jpg 225w, https:\/\/giaytot.vn\/wp-content\/uploads\/2026\/01\/20251210_133446-scaled-1-768x1024.jpg 768w, https:\/\/giaytot.vn\/wp-content\/uploads\/2026\/01\/20251210_133446-scaled-1-1152x1536.jpg 1152w, https:\/\/giaytot.vn\/wp-content\/uploads\/2026\/01\/20251210_133446-scaled-1-1536x2048.jpg 1536w, https:\/\/giaytot.vn\/wp-content\/uploads\/2026\/01\/20251210_133446-scaled-1-1320x1760.jpg 1320w, https:\/\/giaytot.vn\/wp-content\/uploads\/2026\/01\/20251210_133446-scaled-1-600x800.jpg 600w, https:\/\/giaytot.vn\/wp-content\/uploads\/2026\/01\/20251210_133446-scaled-1.jpg 1920w\" sizes=\"auto, (max-width: 225px) 100vw, 225px\" \/>\t\t\t\t\t\t\n\t\t\t\t\t<\/div>\n\t\t\t\t\t\t\t\t\n<style>\n#image_1717440941 {\n  width: 100%;\n}\n<\/style>\n\t<\/div>\n\t\n\n\t<div class=\"img has-hover x md-x lg-x y md-y lg-y\" id=\"image_1932723031\">\n\t\t\t\t\t\t\t\t<div class=\"img-inner image-cover dark\" style=\"padding-top:100%;\">\n\t\t\t<img loading=\"lazy\" decoding=\"async\" width=\"225\" height=\"300\" src=\"https:\/\/giaytot.vn\/wp-content\/uploads\/2026\/01\/20251210_133618-768x1024-1-225x300.jpg\" class=\"attachment-medium size-medium\" alt=\"\" srcset=\"https:\/\/giaytot.vn\/wp-content\/uploads\/2026\/01\/20251210_133618-768x1024-1-225x300.jpg 225w, https:\/\/giaytot.vn\/wp-content\/uploads\/2026\/01\/20251210_133618-768x1024-1-600x800.jpg 600w, https:\/\/giaytot.vn\/wp-content\/uploads\/2026\/01\/20251210_133618-768x1024-1.jpg 768w\" sizes=\"auto, (max-width: 225px) 100vw, 225px\" \/>\t\t\t\t\t\t\n\t\t\t\t\t<\/div>\n\t\t\t\t\t\t\t\t\n<style>\n#image_1932723031 {\n  width: 100%;\n}\n<\/style>\n\t<\/div>\n\t\n\n\t<div class=\"img has-hover x md-x lg-x y md-y lg-y\" id=\"image_2126577505\">\n\t\t\t\t\t\t\t\t<div class=\"img-inner image-cover dark\" style=\"padding-top:100%;\">\n\t\t\t<img loading=\"lazy\" decoding=\"async\" width=\"300\" height=\"300\" src=\"https:\/\/giaytot.vn\/wp-content\/uploads\/2026\/01\/Thiet-ke-chua-co-ten-7-300x300.png\" class=\"attachment-medium size-medium\" alt=\"\" srcset=\"https:\/\/giaytot.vn\/wp-content\/uploads\/2026\/01\/Thiet-ke-chua-co-ten-7-300x300.png 300w, https:\/\/giaytot.vn\/wp-content\/uploads\/2026\/01\/Thiet-ke-chua-co-ten-7-150x150.png 150w, https:\/\/giaytot.vn\/wp-content\/uploads\/2026\/01\/Thiet-ke-chua-co-ten-7-768x768.png 768w, https:\/\/giaytot.vn\/wp-content\/uploads\/2026\/01\/Thiet-ke-chua-co-ten-7-600x600.png 600w, https:\/\/giaytot.vn\/wp-content\/uploads\/2026\/01\/Thiet-ke-chua-co-ten-7-100x100.png 100w, https:\/\/giaytot.vn\/wp-content\/uploads\/2026\/01\/Thiet-ke-chua-co-ten-7.png 900w\" sizes=\"auto, (max-width: 300px) 100vw, 300px\" \/>\t\t\t\t\t\t\n\t\t\t\t\t<\/div>\n\t\t\t\t\t\t\t\t\n<style>\n#image_2126577505 {\n  width: 100%;\n}\n<\/style>\n\t<\/div>\n\t\n\n\t<div class=\"img has-hover x md-x lg-x y md-y lg-y\" id=\"image_1163897380\">\n\t\t\t\t\t\t\t\t<div class=\"img-inner image-cover dark\" style=\"padding-top:100%;\">\n\t\t\t<img loading=\"lazy\" decoding=\"async\" width=\"225\" height=\"300\" src=\"https:\/\/giaytot.vn\/wp-content\/uploads\/2026\/01\/20251210_133306-scaled-1-225x300.jpg\" class=\"attachment-medium size-medium\" alt=\"\" srcset=\"https:\/\/giaytot.vn\/wp-content\/uploads\/2026\/01\/20251210_133306-scaled-1-225x300.jpg 225w, https:\/\/giaytot.vn\/wp-content\/uploads\/2026\/01\/20251210_133306-scaled-1-768x1024.jpg 768w, https:\/\/giaytot.vn\/wp-content\/uploads\/2026\/01\/20251210_133306-scaled-1-1152x1536.jpg 1152w, https:\/\/giaytot.vn\/wp-content\/uploads\/2026\/01\/20251210_133306-scaled-1-1536x2048.jpg 1536w, https:\/\/giaytot.vn\/wp-content\/uploads\/2026\/01\/20251210_133306-scaled-1-1320x1760.jpg 1320w, https:\/\/giaytot.vn\/wp-content\/uploads\/2026\/01\/20251210_133306-scaled-1-600x800.jpg 600w, https:\/\/giaytot.vn\/wp-content\/uploads\/2026\/01\/20251210_133306-scaled-1.jpg 1920w\" sizes=\"auto, (max-width: 225px) 100vw, 225px\" \/>\t\t\t\t\t\t\n\t\t\t\t\t<\/div>\n\t\t\t\t\t\t\t\t\n<style>\n#image_1163897380 {\n  width: 100%;\n}\n<\/style>\n\t<\/div>\n\t\n\n\n     <\/div>\n\n     <div class=\"loading-spin dark large centered\"><\/div>\n\n\t<\/div>\n\n\n<div class=\"row row-collapse show-for-small\"  id=\"row-1730326018\">\n\n\n\t<div id=\"col-1845952047\" class=\"col small-12 large-12\"  >\n\t\t\t\t<div class=\"col-inner\"  >\n\t\t\t\n\t\t\t\n\n<div class=\"accordion\">\n\n\t<div id=\"accordion-559586318\" class=\"accordion-item\">\n\t\t<a id=\"accordion-559586318-label\" class=\"accordion-title plain active\" href=\"#accordion-item-gi\u00e0y-t\u00e2y-da-b\u00f2-nam-b\u00ecnh-d\u00e2n-350.000-\u0111\" aria-expanded=\"true\" aria-controls=\"accordion-559586318-content\">\n\t\t\t<button class=\"toggle\" aria-label=\"Chuy\u1ec3n \u0111\u1ed5i\"><i class=\"icon-angle-down\" aria-hidden=\"true\"><\/i><\/button>\n\t\t\t<span>Gi\u00e0y t\u00e2y da b\u00f2 nam b\u00ecnh d\u00e2n 350.000 \u0111<\/span>\n\t\t<\/a>\n\t\t<div id=\"accordion-559586318-content\" class=\"accordion-inner\" style=\"display: block;\" aria-labelledby=\"accordion-559586318-label\">\n\t\t\t\n\n\n<div class=\"wpcf7 no-js\" id=\"wpcf7-f257-o1\" lang=\"vi\" dir=\"ltr\" data-wpcf7-id=\"257\">\n<div class=\"screen-reader-response\"><p role=\"status\" aria-live=\"polite\" aria-atomic=\"true\"><\/p> <ul><\/ul><\/div>\n<form action=\"\/index.php\/wp-json\/wp\/v2\/pages\/258#wpcf7-f257-o1\" method=\"post\" class=\"wpcf7-form init\" aria-label=\"Form li\u00ean h\u1ec7\" novalidate=\"novalidate\" data-status=\"init\">\n<fieldset class=\"hidden-fields-container\"><input type=\"hidden\" name=\"_wpcf7\" value=\"257\" \/><input type=\"hidden\" name=\"_wpcf7_version\" value=\"6.1.5\" \/><input type=\"hidden\" name=\"_wpcf7_locale\" value=\"vi\" \/><input type=\"hidden\" name=\"_wpcf7_unit_tag\" value=\"wpcf7-f257-o1\" \/><input type=\"hidden\" name=\"_wpcf7_container_post\" value=\"0\" \/><input type=\"hidden\" name=\"_wpcf7_posted_data_hash\" value=\"\" \/>\n<\/fieldset>\n<p><span class=\"wpcf7-form-control-wrap\" data-name=\"tel-768\"><input size=\"40\" maxlength=\"11\" minlength=\"9\" class=\"wpcf7-form-control wpcf7-tel wpcf7-validates-as-required wpcf7-text wpcf7-validates-as-tel\" aria-required=\"true\" aria-invalid=\"false\" placeholder=\"S\u1ed1 \u0111i\u1ec7n tho\u1ea1i c\u1ee7a b\u1ea1n\" value=\"\" type=\"tel\" name=\"tel-768\" \/><\/span><br \/>\n<span class=\"wpcf7-form-control-wrap\" data-name=\"text-689\"><input size=\"40\" maxlength=\"400\" class=\"wpcf7-form-control wpcf7-text wpcf7-validates-as-required\" aria-required=\"true\" aria-invalid=\"false\" placeholder=\"T\u00ean c\u1ee7a b\u1ea1n\" value=\"\" type=\"text\" name=\"text-689\" \/><\/span><br \/>\n<span class=\"wpcf7-form-control-wrap\" data-name=\"textarea-803\"><textarea cols=\"40\" rows=\"10\" maxlength=\"2000\" class=\"wpcf7-form-control wpcf7-textarea wpcf7-validates-as-required\" aria-required=\"true\" aria-invalid=\"false\" placeholder=\"\u0110\u1ecba ch\u1ec9 c\u1ee7a b\u1ea1n\" name=\"textarea-803\"><\/textarea><\/span>\n<\/p>\n<p><label> Ch\u1ecdn size <\/label>\n<\/p>\n<p><span class=\"wpcf7-form-control-wrap\" data-name=\"checkbox-756\"><span class=\"wpcf7-form-control wpcf7-checkbox wpcf7-validates-as-required\"><span class=\"wpcf7-list-item first\"><label><input type=\"checkbox\" name=\"checkbox-756[]\" value=\"37\" \/><span class=\"wpcf7-list-item-label\">37<\/span><\/label><\/span><span class=\"wpcf7-list-item\"><label><input type=\"checkbox\" name=\"checkbox-756[]\" value=\"38\" \/><span class=\"wpcf7-list-item-label\">38<\/span><\/label><\/span><span class=\"wpcf7-list-item\"><label><input type=\"checkbox\" name=\"checkbox-756[]\" value=\"39\" \/><span class=\"wpcf7-list-item-label\">39<\/span><\/label><\/span><span class=\"wpcf7-list-item\"><label><input type=\"checkbox\" name=\"checkbox-756[]\" value=\"40\" \/><span class=\"wpcf7-list-item-label\">40<\/span><\/label><\/span><span class=\"wpcf7-list-item\"><label><input type=\"checkbox\" name=\"checkbox-756[]\" value=\"41\" \/><span class=\"wpcf7-list-item-label\">41<\/span><\/label><\/span><span class=\"wpcf7-list-item\"><label><input type=\"checkbox\" name=\"checkbox-756[]\" value=\"42\" \/><span class=\"wpcf7-list-item-label\">42<\/span><\/label><\/span><span class=\"wpcf7-list-item\"><label><input type=\"checkbox\" name=\"checkbox-756[]\" value=\"43\" \/><span class=\"wpcf7-list-item-label\">43<\/span><\/label><\/span><span class=\"wpcf7-list-item last\"><label><input type=\"checkbox\" name=\"checkbox-756[]\" value=\"44\" \/><span class=\"wpcf7-list-item-label\">44<\/span><\/label><\/span><\/span><\/span>\n<\/p>\n<p><label> M\u1ea7u s\u1eafc <\/label>\n<\/p>\n<p><span class=\"wpcf7-form-control-wrap\" data-name=\"checkbox-444\"><span class=\"wpcf7-form-control wpcf7-checkbox wpcf7-validates-as-required\"><span class=\"wpcf7-list-item first\"><label><input type=\"checkbox\" name=\"checkbox-444[]\" value=\"m\u1ea7u \u0111en\" \/><span class=\"wpcf7-list-item-label\">m\u1ea7u \u0111en<\/span><\/label><\/span><span class=\"wpcf7-list-item last\"><label><input type=\"checkbox\" name=\"checkbox-444[]\" value=\"m\u1ea7u n\u00e2u\" \/><span class=\"wpcf7-list-item-label\">m\u1ea7u n\u00e2u<\/span><\/label><\/span><\/span><\/span><br \/>\n<input class=\"wpcf7-form-control wpcf7-submit has-spinner\" type=\"submit\" value=\"\u0110\u1eb6T NGAY\" \/>\n<\/p><div class=\"wpcf7-response-output\" aria-hidden=\"true\"><\/div>\n<\/form>\n<\/div>\n\n\n\n\t\t<\/div>\n\t<\/div>\n\t\n\t<div id=\"accordion-757359268\" class=\"accordion-item\">\n\t\t<a id=\"accordion-757359268-label\" class=\"accordion-title plain\" href=\"#accordion-item-m\u00f4-t\u1ea3-s\u1ea3n-ph\u1ea9m\" aria-expanded=\"false\" aria-controls=\"accordion-757359268-content\">\n\t\t\t<button class=\"toggle\" aria-label=\"Chuy\u1ec3n \u0111\u1ed5i\"><i class=\"icon-angle-down\" aria-hidden=\"true\"><\/i><\/button>\n\t\t\t<span>M\u00f4 t\u1ea3 s\u1ea3n ph\u1ea9m<\/span>\n\t\t<\/a>\n\t\t<div id=\"accordion-757359268-content\" class=\"accordion-inner\" aria-labelledby=\"accordion-757359268-label\">\n\t\t\t\n\n<p>\ud83d\udd39 1. Ch\u1ea5t li\u1ec7u da b\u00f2 th\u1eadt<br \/>\nGi\u00e0y s\u1eed d\u1ee5ng da b\u00f2 th\u1eadt (cowhide leather) cho b\u1ec1 ngo\u00e0i t\u1ef1 nhi\u00ean, b\u1ec1n ch\u1eafc v\u00e0 kh\u1ea3 n\u0103ng ch\u1ecbu m\u00e0i m\u00f2n t\u1ed1t h\u01a1n nhi\u1ec1u so v\u1edbi da nh\u00e2n t\u1ea1o. Da b\u00f2 c\u00f3 b\u1ec1 m\u1eb7t m\u1ecbn, nh\u00ecn r\u00f5 k\u1ebft c\u1ea5u da, \u0111\u1ed9 b\u1ec1n cao v\u00e0 khi \u0111i l\u00e2u s\u1ebd m\u1ec1m d\u1ea7n theo th\u1eddi gian n\u1ebfu ch\u0103m s\u00f3c \u0111\u00fang c\u00e1ch. So v\u1edbi da PU, da b\u00f2 tho\u00e1ng kh\u00ed v\u00e0 h\u00fat \u1ea9m t\u1ed1t h\u01a1n n\u00ean \u00edt b\u1ecb b\u00ed ch\u00e2n khi \u0111i c\u1ea3 ng\u00e0y.<\/p>\n<p>Thi\u1ebft k\u1ebf th\u01b0\u1eddng l\u00e0 gi\u00e0y t\u00e2y Oxford ho\u1eb7c Derby v\u1edbi d\u00e1ng g\u1ecdn, thanh l\u1ecbch \u2014 ph\u00f9 h\u1ee3p v\u1edbi qu\u1ea7n \u00e2u, vest, s\u01a1 mi c\u00f4ng s\u1edf. Oxford c\u00f3 d\u00e2y bu\u1ed9c ki\u1ec3u c\u1ed5 \u0111i\u1ec3n, trong khi Derby c\u00f3 ph\u1ea7n bu\u1ed9c m\u1edf tho\u1ea3i m\u00e1i h\u01a1n. M\u0169i gi\u00e0y c\u00f3 th\u1ec3 l\u00e0 tr\u00f2n, nh\u1ecdn hay vu\u00f4ng nh\u1eb9, t\u00f9y m\u1eabu nh\u01b0ng \u0111\u1ec1u gi\u1eef v\u1ebb trang nh\u00e3, kh\u00f4ng qu\u00e1 \u201ch\u1ea7m h\u1ed1\u201d \u0111\u1ec3 ph\u00f9 h\u1ee3p m\u00f4i tr\u01b0\u1eddng l\u00e0m vi\u1ec7c.<\/p>\n<p>\ud83d\udd39 3. M\u00e0u s\u1eafc<br \/>\nTh\u01b0\u1eddng l\u00e0 \u0111en, n\u00e2u, n\u00e2u s\u1eabm \u2014 nh\u1eefng m\u00e0u d\u1ec5 ph\u1ed1i v\u1edbi trang ph\u1ee5c c\u00f4ng s\u1edf. M\u00e0u n\u00e2u c\u00f3 th\u1ec3 l\u00ean \u0111\u1ed9 b\u00f3ng nh\u1eb9 ho\u1eb7c m\u1edd t\u00f9y thi\u1ebft k\u1ebf.<\/p>\n<p>\ud83d\udd39 4. \u0110\u1ebf v\u00e0 l\u00f3t<br \/>\n\u0110\u1ebf l\u00e0m b\u1eb1ng cao su ho\u1eb7c h\u1ed7n h\u1ee3p cao su + da \u0111\u1ec3 t\u0103ng \u0111\u1ed9 b\u00e1m t\u1ed1t khi \u0111i l\u1ea1i h\u1eb1ng ng\u00e0y, gi\u1ea3m tr\u01a1n tr\u01b0\u1ee3t.<\/p>\n<p>\ud83d\udd39 5. \u0110\u1eb7c \u0111i\u1ec3m ti\u1ec7n d\u1ee5ng<br \/>\nNhi\u1ec1u m\u1eabu gi\u00e0y da b\u00f2 b\u00ecnh d\u00e2n d\u1ec5 ph\u1ed1i \u0111\u1ed3, \u0111i v\u1edbi qu\u1ea7n \u00e2u, chinos hay \u0111\u1ed3 c\u00f4ng s\u1edf l\u00e0 \u0111\u1ec1u \u1ed5n.<\/p>\n<p>Thi\u1ebft k\u1ebf th\u01b0\u1eddng \u0111\u01a1n gi\u1ea3n, \u00edt chi ti\u1ebft r\u01b0\u1eddm r\u00e0, ph\u00f9 h\u1ee3p c\u1ea3 v\u1edbi m\u00f4i tr\u01b0\u1eddng l\u00e0m vi\u1ec7c nghi\u00eam t\u00fac l\u1eabn c\u00e1c bu\u1ed5i g\u1eb7p g\u1ee1 \u0111\u1ed1i t\u00e1c.<\/p>\n<p>\ud83d\udd39 6. Gi\u00e1 v\u00e0 ph\u00e2n kh\u00fac<br \/>\nNh\u1eefng \u0111\u00f4i gi\u00e0y \u201cb\u00ecnh d\u00e2n\u201d c\u00f3 m\u1ee9c gi\u00e1 \u1edf t\u1ea7m d\u1ec5 ti\u1ebfp c\u1eadn h\u01a1n, th\u01b0\u1eddng t\u1eeb v\u00e0i tri\u1ec7u \u0111\u1ed3ng tr\u1edf xu\u1ed1ng, th\u00edch h\u1ee3p v\u1edbi ng\u01b0\u1eddi mua l\u1ea7n \u0111\u1ea7u ho\u1eb7c c\u1ea7n m\u1ed9t \u0111\u00f4i gi\u00e0y \u0111\u1eb9p \u2014 b\u1ec1n \u2014 d\u1ec5 d\u00f9ng cho c\u00f4ng vi\u1ec7c h\u00e0ng ng\u00e0y.<\/p>\n\n\t\t<\/div>\n\t<\/div>\n\t\n\n<\/div>\n\n\t\t<\/div>\n\t\t\t\t\t<\/div>\n\n\t\n\n\n<style>\n#row-1730326018 > .col > .col-inner {\n  background-color: rgb(255, 174, 0);\n}\n<\/style>\n<\/div>\n\n","protected":false},"excerpt":{"rendered":"","protected":false},"author":1,"featured_media":0,"parent":0,"menu_order":0,"comment_status":"closed","ping_status":"closed","template":"page-blank.php","meta":{"footnotes":""},"class_list":["post-258","page","type-page","status-publish","hentry"],"yoast_head":"<!-- This site is optimized with the Yoast SEO plugin v27.4 - https:\/\/yoast.com\/product\/yoast-seo-wordpress\/ -->\n<title>M\u1eaaU GI\u00c0Y B\u00c1N CH\u1ea0Y - \u1d33\u2071\u1d43\u02b8\u1d57\u1d52\u1d57\u00b7\u1d5b\u207f<\/title>\n<meta name=\"robots\" content=\"index, follow, max-snippet:-1, max-image-preview:large, max-video-preview:-1\" \/>\n<link rel=\"canonical\" href=\"https:\/\/giaytot.vn\/index.php\/dat-hang\/\" \/>\n<meta property=\"og:locale\" content=\"vi_VN\" \/>\n<meta property=\"og:type\" content=\"article\" \/>\n<meta property=\"og:title\" content=\"M\u1eaaU GI\u00c0Y B\u00c1N CH\u1ea0Y - \u1d33\u2071\u1d43\u02b8\u1d57\u1d52\u1d57\u00b7\u1d5b\u207f\" \/>\n<meta property=\"og:url\" content=\"https:\/\/giaytot.vn\/index.php\/dat-hang\/\" \/>\n<meta property=\"og:site_name\" content=\"\u1d33\u2071\u1d43\u02b8\u1d57\u1d52\u1d57\u00b7\u1d5b\u207f\" \/>\n<meta property=\"article:modified_time\" content=\"2026-01-22T01:59:02+00:00\" \/>\n<meta name=\"twitter:card\" content=\"summary_large_image\" \/>\n<meta name=\"twitter:label1\" content=\"\u01af\u1edbc t\u00ednh th\u1eddi gian \u0111\u1ecdc\" \/>\n\t<meta name=\"twitter:data1\" content=\"3 ph\u00fat\" \/>\n<script type=\"application\/ld+json\" class=\"yoast-schema-graph\">{\"@context\":\"https:\\\/\\\/schema.org\",\"@graph\":[{\"@type\":\"WebPage\",\"@id\":\"https:\\\/\\\/giaytot.vn\\\/index.php\\\/dat-hang\\\/\",\"url\":\"https:\\\/\\\/giaytot.vn\\\/index.php\\\/dat-hang\\\/\",\"name\":\"M\u1eaaU GI\u00c0Y B\u00c1N CH\u1ea0Y - \u1d33\u2071\u1d43\u02b8\u1d57\u1d52\u1d57\u00b7\u1d5b\u207f\",\"isPartOf\":{\"@id\":\"https:\\\/\\\/giaytot.vn\\\/#website\"},\"datePublished\":\"2026-01-11T02:51:20+00:00\",\"dateModified\":\"2026-01-22T01:59:02+00:00\",\"breadcrumb\":{\"@id\":\"https:\\\/\\\/giaytot.vn\\\/index.php\\\/dat-hang\\\/#breadcrumb\"},\"inLanguage\":\"vi\",\"potentialAction\":[{\"@type\":\"ReadAction\",\"target\":[\"https:\\\/\\\/giaytot.vn\\\/index.php\\\/dat-hang\\\/\"]}]},{\"@type\":\"BreadcrumbList\",\"@id\":\"https:\\\/\\\/giaytot.vn\\\/index.php\\\/dat-hang\\\/#breadcrumb\",\"itemListElement\":[{\"@type\":\"ListItem\",\"position\":1,\"name\":\"Trang ch\u1ee7\",\"item\":\"https:\\\/\\\/giaytot.vn\\\/\"},{\"@type\":\"ListItem\",\"position\":2,\"name\":\"M\u1eaaU GI\u00c0Y B\u00c1N CH\u1ea0Y\"}]},{\"@type\":\"WebSite\",\"@id\":\"https:\\\/\\\/giaytot.vn\\\/#website\",\"url\":\"https:\\\/\\\/giaytot.vn\\\/\",\"name\":\"giaytot.vn\",\"description\":\"\",\"publisher\":{\"@id\":\"https:\\\/\\\/giaytot.vn\\\/#organization\"},\"potentialAction\":[{\"@type\":\"SearchAction\",\"target\":{\"@type\":\"EntryPoint\",\"urlTemplate\":\"https:\\\/\\\/giaytot.vn\\\/?s={search_term_string}\"},\"query-input\":{\"@type\":\"PropertyValueSpecification\",\"valueRequired\":true,\"valueName\":\"search_term_string\"}}],\"inLanguage\":\"vi\"},{\"@type\":\"Organization\",\"@id\":\"https:\\\/\\\/giaytot.vn\\\/#organization\",\"name\":\"giaytot.vn\",\"url\":\"https:\\\/\\\/giaytot.vn\\\/\",\"logo\":{\"@type\":\"ImageObject\",\"inLanguage\":\"vi\",\"@id\":\"https:\\\/\\\/giaytot.vn\\\/#\\\/schema\\\/logo\\\/image\\\/\",\"url\":\"http:\\\/\\\/giaytot.vn\\\/wp-content\\\/uploads\\\/2026\\\/01\\\/cropped-GGIAYTOT.VN-5.png\",\"contentUrl\":\"http:\\\/\\\/giaytot.vn\\\/wp-content\\\/uploads\\\/2026\\\/01\\\/cropped-GGIAYTOT.VN-5.png\",\"width\":512,\"height\":512,\"caption\":\"giaytot.vn\"},\"image\":{\"@id\":\"https:\\\/\\\/giaytot.vn\\\/#\\\/schema\\\/logo\\\/image\\\/\"}}]}<\/script>\n<!-- \/ Yoast SEO plugin. -->","yoast_head_json":{"title":"M\u1eaaU GI\u00c0Y B\u00c1N CH\u1ea0Y - \u1d33\u2071\u1d43\u02b8\u1d57\u1d52\u1d57\u00b7\u1d5b\u207f","robots":{"index":"index","follow":"follow","max-snippet":"max-snippet:-1","max-image-preview":"max-image-preview:large","max-video-preview":"max-video-preview:-1"},"canonical":"https:\/\/giaytot.vn\/index.php\/dat-hang\/","og_locale":"vi_VN","og_type":"article","og_title":"M\u1eaaU GI\u00c0Y B\u00c1N CH\u1ea0Y - \u1d33\u2071\u1d43\u02b8\u1d57\u1d52\u1d57\u00b7\u1d5b\u207f","og_url":"https:\/\/giaytot.vn\/index.php\/dat-hang\/","og_site_name":"\u1d33\u2071\u1d43\u02b8\u1d57\u1d52\u1d57\u00b7\u1d5b\u207f","article_modified_time":"2026-01-22T01:59:02+00:00","twitter_card":"summary_large_image","twitter_misc":{"\u01af\u1edbc t\u00ednh th\u1eddi gian \u0111\u1ecdc":"3 ph\u00fat"},"schema":{"@context":"https:\/\/schema.org","@graph":[{"@type":"WebPage","@id":"https:\/\/giaytot.vn\/index.php\/dat-hang\/","url":"https:\/\/giaytot.vn\/index.php\/dat-hang\/","name":"M\u1eaaU GI\u00c0Y B\u00c1N CH\u1ea0Y - \u1d33\u2071\u1d43\u02b8\u1d57\u1d52\u1d57\u00b7\u1d5b\u207f","isPartOf":{"@id":"https:\/\/giaytot.vn\/#website"},"datePublished":"2026-01-11T02:51:20+00:00","dateModified":"2026-01-22T01:59:02+00:00","breadcrumb":{"@id":"https:\/\/giaytot.vn\/index.php\/dat-hang\/#breadcrumb"},"inLanguage":"vi","potentialAction":[{"@type":"ReadAction","target":["https:\/\/giaytot.vn\/index.php\/dat-hang\/"]}]},{"@type":"BreadcrumbList","@id":"https:\/\/giaytot.vn\/index.php\/dat-hang\/#breadcrumb","itemListElement":[{"@type":"ListItem","position":1,"name":"Trang ch\u1ee7","item":"https:\/\/giaytot.vn\/"},{"@type":"ListItem","position":2,"name":"M\u1eaaU GI\u00c0Y B\u00c1N CH\u1ea0Y"}]},{"@type":"WebSite","@id":"https:\/\/giaytot.vn\/#website","url":"https:\/\/giaytot.vn\/","name":"giaytot.vn","description":"","publisher":{"@id":"https:\/\/giaytot.vn\/#organization"},"potentialAction":[{"@type":"SearchAction","target":{"@type":"EntryPoint","urlTemplate":"https:\/\/giaytot.vn\/?s={search_term_string}"},"query-input":{"@type":"PropertyValueSpecification","valueRequired":true,"valueName":"search_term_string"}}],"inLanguage":"vi"},{"@type":"Organization","@id":"https:\/\/giaytot.vn\/#organization","name":"giaytot.vn","url":"https:\/\/giaytot.vn\/","logo":{"@type":"ImageObject","inLanguage":"vi","@id":"https:\/\/giaytot.vn\/#\/schema\/logo\/image\/","url":"http:\/\/giaytot.vn\/wp-content\/uploads\/2026\/01\/cropped-GGIAYTOT.VN-5.png","contentUrl":"http:\/\/giaytot.vn\/wp-content\/uploads\/2026\/01\/cropped-GGIAYTOT.VN-5.png","width":512,"height":512,"caption":"giaytot.vn"},"image":{"@id":"https:\/\/giaytot.vn\/#\/schema\/logo\/image\/"}}]}},"jetpack_sharing_enabled":true,"_links":{"self":[{"href":"https:\/\/giaytot.vn\/index.php\/wp-json\/wp\/v2\/pages\/258","targetHints":{"allow":["GET"]}}],"collection":[{"href":"https:\/\/giaytot.vn\/index.php\/wp-json\/wp\/v2\/pages"}],"about":[{"href":"https:\/\/giaytot.vn\/index.php\/wp-json\/wp\/v2\/types\/page"}],"author":[{"embeddable":true,"href":"https:\/\/giaytot.vn\/index.php\/wp-json\/wp\/v2\/users\/1"}],"replies":[{"embeddable":true,"href":"https:\/\/giaytot.vn\/index.php\/wp-json\/wp\/v2\/comments?post=258"}],"version-history":[{"count":29,"href":"https:\/\/giaytot.vn\/index.php\/wp-json\/wp\/v2\/pages\/258\/revisions"}],"predecessor-version":[{"id":404,"href":"https:\/\/giaytot.vn\/index.php\/wp-json\/wp\/v2\/pages\/258\/revisions\/404"}],"wp:attachment":[{"href":"https:\/\/giaytot.vn\/index.php\/wp-json\/wp\/v2\/media?parent=258"}],"curies":[{"name":"wp","href":"https:\/\/api.w.org\/{rel}","templated":true}]}}