{"id":113,"date":"2026-01-08T06:35:34","date_gmt":"2026-01-08T06:35:34","guid":{"rendered":"https:\/\/giaytot.vn\/?post_type=product&#038;p=113"},"modified":"2026-01-10T06:37:26","modified_gmt":"2026-01-10T06:37:26","slug":"giay-luoi-da-bo-dap-van-binh-dan","status":"publish","type":"product","link":"https:\/\/giaytot.vn\/index.php\/product\/giay-luoi-da-bo-dap-van-binh-dan\/","title":{"rendered":"Gi\u00e0y l\u01b0\u1eddi da b\u00f2 d\u1eadp v\u00e2n b\u00ecnh d\u00e2n"},"content":{"rendered":"<h2 data-start=\"0\" data-end=\"46\">\ud83d\udc5e M\u00f4 t\u1ea3 <strong data-start=\"12\" data-end=\"46\">gi\u00e0y l\u01b0\u1eddi da b\u00f2 d\u1eadp v\u00e2n c\u00e1 s\u1ea5u<\/strong><\/h2>\n<p data-start=\"48\" data-end=\"320\"><strong data-start=\"48\" data-end=\"82\">Gi\u00e0y l\u01b0\u1eddi da b\u00f2 d\u1eadp v\u00e2n c\u00e1 s\u1ea5u<\/strong> l\u00e0 m\u1eabu gi\u00e0y kh\u00f4ng d\u00e2y \u0111\u01b0\u1ee3c l\u00e0m t\u1eeb <em data-start=\"117\" data-end=\"129\">da b\u00f2 th\u1eadt<\/em> nh\u01b0ng c\u00f3 b\u1ec1 m\u1eb7t \u0111\u01b0\u1ee3c <strong data-start=\"151\" data-end=\"187\">d\u1eadp v\u00e2n h\u1ecda ti\u1ebft gi\u1ed1ng da c\u00e1 s\u1ea5u<\/strong>, t\u1ea1o v\u1ebb sang tr\u1ecdng, \u0111\u1eb3ng c\u1ea5p h\u01a1n so v\u1edbi da tr\u01a1n th\u00f4ng th\u01b0\u1eddng \u2014 r\u1ea5t ph\u00f9 h\u1ee3p cho c\u1ea3 <strong data-start=\"270\" data-end=\"319\">\u0111i l\u00e0m, \u0111i ch\u01a1i, ho\u1eb7c d\u1ef1 s\u1ef1 ki\u1ec7n smart-casual<\/strong>.<\/p>\n<hr data-start=\"322\" data-end=\"325\" \/>\n<h3 data-start=\"327\" data-end=\"369\">\ud83d\udc0a 1. Ch\u1ea5t li\u1ec7u \u2013 Da b\u00f2 d\u1eadp v\u00e2n c\u00e1 s\u1ea5u<\/h3>\n<ul data-start=\"370\" data-end=\"740\">\n<li data-start=\"370\" data-end=\"465\">\n<p data-start=\"372\" data-end=\"465\"><strong data-start=\"372\" data-end=\"386\">Da b\u00f2 th\u1eadt<\/strong>: b\u1ec1n b\u1ec9, ch\u1ecbu m\u00e0i m\u00f2n, co gi\u00e3n v\u1eeba ph\u1ea3i v\u00e0 c\u00e0ng d\u00f9ng c\u00e0ng m\u1ec1m theo b\u00e0n ch\u00e2n.<\/p>\n<\/li>\n<li data-start=\"466\" data-end=\"607\">\n<p data-start=\"468\" data-end=\"607\"><strong data-start=\"468\" data-end=\"490\">V\u00e2n c\u00e1 s\u1ea5u d\u1eadp n\u1ed5i<\/strong>: k\u1ef9 thu\u1eadt in\/\u00e9p n\u1ed5i gi\u00fap t\u1ea1o ra b\u1ec1 m\u1eb7t t\u00f3c v\u00e2n gi\u1ed1ng da c\u00e1 s\u1ea5u th\u1eadt \u2014 mang v\u1ebb thanh l\u1ecbch, hi\u1ec7n \u0111\u1ea1i v\u00e0 cao c\u1ea5p h\u01a1n.<\/p>\n<\/li>\n<li data-start=\"608\" data-end=\"740\">\n<p data-start=\"610\" data-end=\"740\">So v\u1edbi gi\u00e0y da b\u00f2 tr\u01a1n, <em data-start=\"634\" data-end=\"646\">v\u00e2n c\u00e1 s\u1ea5u<\/em> t\u1ea1o \u0111i\u1ec3m nh\u1ea5n th\u1ecb gi\u00e1c, gi\u00fap \u0111\u00f4i gi\u00e0y tr\u00f4ng \u1ea5n t\u01b0\u1ee3ng nh\u01b0ng v\u1eabn gi\u1eef \u0111\u01b0\u1ee3c s\u1ef1 trang nh\u00e3 tinh t\u1ebf.<\/p>\n<\/li>\n<\/ul>\n<hr data-start=\"742\" data-end=\"745\" \/>\n<h3 data-start=\"747\" data-end=\"787\">\ud83e\udd7f 2. Ki\u1ec3u d\u00e1ng \u2013 Gi\u00e0y l\u01b0\u1eddi (Loafer)<\/h3>\n<ul data-start=\"788\" data-end=\"1082\">\n<li data-start=\"788\" data-end=\"864\">\n<p data-start=\"790\" data-end=\"864\"><strong data-start=\"790\" data-end=\"808\">Kh\u00f4ng d\u00e2y bu\u1ed9c<\/strong> \u2014 d\u1ec5 x\u1ecf v\u00e0o\/x\u1ecf ra, tho\u1ea3i m\u00e1i khi di chuy\u1ec3n h\u00e0ng ng\u00e0y.<\/p>\n<\/li>\n<li data-start=\"865\" data-end=\"959\">\n<p data-start=\"867\" data-end=\"959\">Th\u00e2n gi\u00e0y th\u1ea5p h\u01a1n c\u1ed5 ch\u00e2n, ki\u1ec3u d\u00e1ng \u00f4m v\u1eeba v\u1eb7n, mang t\u1edbi v\u1ebb tr\u1ebb trung nh\u01b0ng v\u1eabn l\u1ecbch s\u1ef1.<\/p>\n<\/li>\n<li data-start=\"960\" data-end=\"1082\">\n<p data-start=\"962\" data-end=\"1082\">Ph\u00f9 h\u1ee3p v\u1edbi trang ph\u1ee5c <strong data-start=\"985\" data-end=\"1001\">smart-casual<\/strong> ho\u1eb7c <strong data-start=\"1007\" data-end=\"1022\">semi-formal<\/strong>, \u0111\u1eb7c bi\u1ec7t khi ph\u1ed1i v\u1edbi chinos, qu\u1ea7n \u00e2u, s\u01a1 mi ho\u1eb7c \u00e1o polo.<\/p>\n<\/li>\n<\/ul>\n<hr data-start=\"1084\" data-end=\"1087\" \/>\n<h3 data-start=\"1089\" data-end=\"1106\">\ud83c\udfa8 3. M\u00e0u s\u1eafc<\/h3>\n<ul data-start=\"1107\" data-end=\"1258\">\n<li data-start=\"1107\" data-end=\"1172\">\n<p data-start=\"1109\" data-end=\"1172\"><strong data-start=\"1109\" data-end=\"1137\">\u0110en, n\u00e2u socola, n\u00e2u \u0111\u1ea5t<\/strong> l\u00e0 nh\u1eefng l\u1ef1a ch\u1ecdn ph\u1ed5 bi\u1ebfn nh\u1ea5t.<\/p>\n<\/li>\n<li data-start=\"1173\" data-end=\"1258\">\n<p data-start=\"1175\" data-end=\"1258\">M\u00e0u t\u1ed1i gi\u00fap l\u00e0m n\u1ed5i b\u1eadt <strong data-start=\"1200\" data-end=\"1214\">v\u00e2n c\u00e1 s\u1ea5u<\/strong>, \u0111\u1ed3ng th\u1eddi d\u1ec5 ph\u1ed1i \u0111\u1ed3 v\u1edbi nhi\u1ec1u trang ph\u1ee5c.<\/p>\n<\/li>\n<\/ul>\n<hr data-start=\"1260\" data-end=\"1263\" \/>\n<h3 data-start=\"1265\" data-end=\"1286\">\ud83d\udc63 4. \u0110\u1ebf v\u00e0 \u0111\u1ed9 \u00eam<\/h3>\n<ul data-start=\"1287\" data-end=\"1492\">\n<li data-start=\"1287\" data-end=\"1387\">\n<p data-start=\"1289\" data-end=\"1387\"><strong data-start=\"1289\" data-end=\"1328\">\u0110\u1ebf cao su ho\u1eb7c t\u1ed5ng h\u1ee3p cao su + PU<\/strong>: mang l\u1ea1i \u0111\u1ed9 b\u00e1m t\u1ed1t, \u0111\u00e0n h\u1ed3i v\u00e0 gi\u1ea3m ti\u1ebfng khi b\u01b0\u1edbc \u0111i.<\/p>\n<\/li>\n<li data-start=\"1388\" data-end=\"1492\">\n<p data-start=\"1390\" data-end=\"1492\">L\u00f3t trong th\u01b0\u1eddng c\u00f3 <strong data-start=\"1410\" data-end=\"1420\">\u0111\u1ec7m \u00eam<\/strong>, gi\u00fap mang tho\u1ea3i m\u00e1i c\u1ea3 ng\u00e0y \u2014 r\u1ea5t th\u00edch h\u1ee3p n\u1ebfu b\u1ea1n ph\u1ea3i \u0111i l\u1ea1i nhi\u1ec1u.<\/p>\n<\/li>\n<\/ul>\n<hr data-start=\"1494\" data-end=\"1497\" \/>\n<h3 data-start=\"1499\" data-end=\"1527\">\u2728 5. \u1ea4n t\u01b0\u1ee3ng phong c\u00e1ch<\/h3>\n<ul data-start=\"1528\" data-end=\"1806\">\n<li data-start=\"1528\" data-end=\"1680\">\n<p data-start=\"1530\" data-end=\"1680\"><strong data-start=\"1530\" data-end=\"1577\">Phong c\u00e1ch sang tr\u1ecdng nh\u01b0ng kh\u00f4ng qu\u00e1 ch\u1ea3nh<\/strong> \u2014 gi\u00e0y l\u01b0\u1eddi d\u1eadp v\u00e2n c\u00e1 s\u1ea5u t\u1ea1o c\u1ea3m gi\u00e1c tinh t\u1ebf, nam t\u00ednh nh\u01b0ng v\u1eabn linh ho\u1ea1t trong nhi\u1ec1u ho\u00e0n c\u1ea3nh.<\/p>\n<\/li>\n<li data-start=\"1681\" data-end=\"1806\">\n<p data-start=\"1683\" data-end=\"1806\">So v\u1edbi gi\u00e0y l\u01b0\u1eddi da tr\u01a1n, m\u1eabu d\u1eadp v\u00e2n c\u00e1 s\u1ea5u th\u01b0\u1eddng <strong data-start=\"1735\" data-end=\"1750\">n\u1ed5i b\u1eadt h\u01a1n<\/strong>, th\u1ec3 hi\u1ec7n gu th\u1eddi trang c\u1ea7u ti\u1ebfn v\u00e0 ch\u00fa tr\u1ecdng chi ti\u1ebft.<\/p>\n<\/li>\n<\/ul>\n<hr data-start=\"1808\" data-end=\"1811\" \/>\n<h3 data-start=\"1813\" data-end=\"1836\">\ud83d\udccc T\u1ed5ng k\u1ebft \u01b0u \u0111i\u1ec3m<\/h3>\n<p data-start=\"1837\" data-end=\"2035\">\u2714\ufe0f D\u1ec5 mang, ti\u1ec7n l\u1ee3i h\u1eb1ng ng\u00e0y<br data-start=\"1867\" data-end=\"1870\" \/>\u2714\ufe0f V\u00e2n c\u00e1 s\u1ea5u t\u1ea1o n\u00e9t sang tr\u1ecdng, n\u1ed5i b\u1eadt<br data-start=\"1911\" data-end=\"1914\" \/>\u2714\ufe0f Ph\u1ed1i \u0111\u01b0\u1ee3c v\u1edbi nhi\u1ec1u lo\u1ea1i trang ph\u1ee5c<br data-start=\"1952\" data-end=\"1955\" \/>\u2714\ufe0f Ch\u1ea5t da b\u00f2 th\u1eadt b\u1ec1n, c\u00e0ng d\u00f9ng c\u00e0ng m\u1ec1m<br data-start=\"1997\" data-end=\"2000\" \/>\u2714\ufe0f \u0110\u1ebf \u00eam, ph\u00f9 h\u1ee3p di chuy\u1ec3n c\u1ea3 ng\u00e0y<\/p>\n","protected":false},"excerpt":{"rendered":"<p>\ud83d\udc5e M\u00f4 t\u1ea3 gi\u00e0y l\u01b0\u1eddi da b\u00f2 d\u1eadp v\u00e2n c\u00e1 s\u1ea5u Gi\u00e0y l\u01b0\u1eddi da b\u00f2 d\u1eadp v\u00e2n c\u00e1 s\u1ea5u l\u00e0 m\u1eabu gi\u00e0y kh\u00f4ng d\u00e2y \u0111\u01b0\u1ee3c l\u00e0m t\u1eeb da b\u00f2 th\u1eadt nh\u01b0ng c\u00f3 b\u1ec1 m\u1eb7t \u0111\u01b0\u1ee3c d\u1eadp v\u00e2n h\u1ecda ti\u1ebft gi\u1ed1ng da c\u00e1 s\u1ea5u, t\u1ea1o v\u1ebb sang tr\u1ecdng, \u0111\u1eb3ng c\u1ea5p h\u01a1n so v\u1edbi da tr\u01a1n th\u00f4ng [&#8230;]\n","protected":false},"featured_media":117,"comment_status":"open","ping_status":"closed","template":"","meta":[],"product_brand":[],"product_cat":[15],"product_tag":[34],"class_list":{"0":"post-113","1":"product","2":"type-product","3":"status-publish","4":"has-post-thumbnail","6":"product_cat-uncategorized","7":"product_tag-giay-luoi-da-bo-dap-van-binh-dan","9":"first","10":"instock","11":"shipping-taxable","12":"purchasable","13":"product-type-variable"},"yoast_head":"<!-- This site is optimized with the Yoast SEO plugin v27.4 - https:\/\/yoast.com\/product\/yoast-seo-wordpress\/ -->\n<title>Gi\u00e0y l\u01b0\u1eddi da b\u00f2 d\u1eadp v\u00e2n b\u00ecnh d\u00e2n - \u1d33\u2071\u1d43\u02b8\u1d57\u1d52\u1d57\u00b7\u1d5b\u207f<\/title>\n<meta name=\"description\" content=\"Gi\u00e0y l\u01b0\u1eddi da b\u00f2 d\u1eadp v\u00e2n c\u00e1 s\u1ea5u l\u00e0 m\u1eabu gi\u00e0y kh\u00f4ng d\u00e2y \u0111\u01b0\u1ee3c l\u00e0m t\u1eeb da b\u00f2 th\u1eadt nh\u01b0ng c\u00f3 b\u1ec1 m\u1eb7t \u0111\u01b0\u1ee3c d\u1eadp v\u00e2n h\u1ecda ti\u1ebft gi\u1ed1ng da c\u00e1 s\u1ea5u, t\u1ea1o v\u1ebb sang\" \/>\n<meta name=\"robots\" content=\"index, follow, max-snippet:-1, max-image-preview:large, max-video-preview:-1\" \/>\n<link rel=\"canonical\" href=\"https:\/\/giaytot.vn\/index.php\/product\/giay-luoi-da-bo-dap-van-binh-dan\/\" \/>\n<meta property=\"og:locale\" content=\"vi_VN\" \/>\n<meta property=\"og:type\" content=\"article\" \/>\n<meta property=\"og:title\" content=\"Gi\u00e0y l\u01b0\u1eddi da b\u00f2 d\u1eadp v\u00e2n b\u00ecnh d\u00e2n - \u1d33\u2071\u1d43\u02b8\u1d57\u1d52\u1d57\u00b7\u1d5b\u207f\" \/>\n<meta property=\"og:description\" content=\"Gi\u00e0y l\u01b0\u1eddi da b\u00f2 d\u1eadp v\u00e2n c\u00e1 s\u1ea5u l\u00e0 m\u1eabu gi\u00e0y kh\u00f4ng d\u00e2y \u0111\u01b0\u1ee3c l\u00e0m t\u1eeb da b\u00f2 th\u1eadt nh\u01b0ng c\u00f3 b\u1ec1 m\u1eb7t \u0111\u01b0\u1ee3c d\u1eadp v\u00e2n h\u1ecda ti\u1ebft gi\u1ed1ng da c\u00e1 s\u1ea5u, t\u1ea1o v\u1ebb sang\" \/>\n<meta property=\"og:url\" content=\"https:\/\/giaytot.vn\/index.php\/product\/giay-luoi-da-bo-dap-van-binh-dan\/\" \/>\n<meta property=\"og:site_name\" content=\"\u1d33\u2071\u1d43\u02b8\u1d57\u1d52\u1d57\u00b7\u1d5b\u207f\" \/>\n<meta property=\"article:modified_time\" content=\"2026-01-10T06:37:26+00:00\" \/>\n<meta property=\"og:image\" content=\"https:\/\/giaytot.vn\/wp-content\/uploads\/2026\/01\/Thiet-ke-chua-co-ten-23.png\" \/>\n\t<meta property=\"og:image:width\" content=\"900\" \/>\n\t<meta property=\"og:image:height\" content=\"900\" \/>\n\t<meta property=\"og:image:type\" content=\"image\/png\" \/>\n<meta name=\"twitter:card\" content=\"summary_large_image\" \/>\n<meta name=\"twitter:label1\" content=\"\u01af\u1edbc t\u00ednh th\u1eddi gian \u0111\u1ecdc\" \/>\n\t<meta name=\"twitter:data1\" content=\"3 ph\u00fat\" \/>\n<script type=\"application\/ld+json\" class=\"yoast-schema-graph\">{\"@context\":\"https:\\\/\\\/schema.org\",\"@graph\":[{\"@type\":\"WebPage\",\"@id\":\"https:\\\/\\\/giaytot.vn\\\/index.php\\\/product\\\/giay-luoi-da-bo-dap-van-binh-dan\\\/\",\"url\":\"https:\\\/\\\/giaytot.vn\\\/index.php\\\/product\\\/giay-luoi-da-bo-dap-van-binh-dan\\\/\",\"name\":\"Gi\u00e0y l\u01b0\u1eddi da b\u00f2 d\u1eadp v\u00e2n b\u00ecnh d\u00e2n - \u1d33\u2071\u1d43\u02b8\u1d57\u1d52\u1d57\u00b7\u1d5b\u207f\",\"isPartOf\":{\"@id\":\"https:\\\/\\\/giaytot.vn\\\/#website\"},\"primaryImageOfPage\":{\"@id\":\"https:\\\/\\\/giaytot.vn\\\/index.php\\\/product\\\/giay-luoi-da-bo-dap-van-binh-dan\\\/#primaryimage\"},\"image\":{\"@id\":\"https:\\\/\\\/giaytot.vn\\\/index.php\\\/product\\\/giay-luoi-da-bo-dap-van-binh-dan\\\/#primaryimage\"},\"thumbnailUrl\":\"https:\\\/\\\/giaytot.vn\\\/wp-content\\\/uploads\\\/2026\\\/01\\\/Thiet-ke-chua-co-ten-23.png\",\"datePublished\":\"2026-01-08T06:35:34+00:00\",\"dateModified\":\"2026-01-10T06:37:26+00:00\",\"description\":\"Gi\u00e0y l\u01b0\u1eddi da b\u00f2 d\u1eadp v\u00e2n c\u00e1 s\u1ea5u l\u00e0 m\u1eabu gi\u00e0y kh\u00f4ng d\u00e2y \u0111\u01b0\u1ee3c l\u00e0m t\u1eeb da b\u00f2 th\u1eadt nh\u01b0ng c\u00f3 b\u1ec1 m\u1eb7t \u0111\u01b0\u1ee3c d\u1eadp v\u00e2n h\u1ecda ti\u1ebft gi\u1ed1ng da c\u00e1 s\u1ea5u, t\u1ea1o v\u1ebb sang\",\"breadcrumb\":{\"@id\":\"https:\\\/\\\/giaytot.vn\\\/index.php\\\/product\\\/giay-luoi-da-bo-dap-van-binh-dan\\\/#breadcrumb\"},\"inLanguage\":\"vi\",\"potentialAction\":[{\"@type\":\"ReadAction\",\"target\":[\"https:\\\/\\\/giaytot.vn\\\/index.php\\\/product\\\/giay-luoi-da-bo-dap-van-binh-dan\\\/\"]}]},{\"@type\":\"ImageObject\",\"inLanguage\":\"vi\",\"@id\":\"https:\\\/\\\/giaytot.vn\\\/index.php\\\/product\\\/giay-luoi-da-bo-dap-van-binh-dan\\\/#primaryimage\",\"url\":\"https:\\\/\\\/giaytot.vn\\\/wp-content\\\/uploads\\\/2026\\\/01\\\/Thiet-ke-chua-co-ten-23.png\",\"contentUrl\":\"https:\\\/\\\/giaytot.vn\\\/wp-content\\\/uploads\\\/2026\\\/01\\\/Thiet-ke-chua-co-ten-23.png\",\"width\":900,\"height\":900},{\"@type\":\"BreadcrumbList\",\"@id\":\"https:\\\/\\\/giaytot.vn\\\/index.php\\\/product\\\/giay-luoi-da-bo-dap-van-binh-dan\\\/#breadcrumb\",\"itemListElement\":[{\"@type\":\"ListItem\",\"position\":1,\"name\":\"Trang ch\u1ee7\",\"item\":\"https:\\\/\\\/giaytot.vn\\\/\"},{\"@type\":\"ListItem\",\"position\":2,\"name\":\"Shop\",\"item\":\"https:\\\/\\\/giaytot.vn\\\/index.php\\\/shop\\\/\"},{\"@type\":\"ListItem\",\"position\":3,\"name\":\"Gi\u00e0y l\u01b0\u1eddi da b\u00f2 d\u1eadp v\u00e2n b\u00ecnh d\u00e2n\"}]},{\"@type\":\"WebSite\",\"@id\":\"https:\\\/\\\/giaytot.vn\\\/#website\",\"url\":\"https:\\\/\\\/giaytot.vn\\\/\",\"name\":\"giaytot.vn\",\"description\":\"\",\"publisher\":{\"@id\":\"https:\\\/\\\/giaytot.vn\\\/#organization\"},\"potentialAction\":[{\"@type\":\"SearchAction\",\"target\":{\"@type\":\"EntryPoint\",\"urlTemplate\":\"https:\\\/\\\/giaytot.vn\\\/?s={search_term_string}\"},\"query-input\":{\"@type\":\"PropertyValueSpecification\",\"valueRequired\":true,\"valueName\":\"search_term_string\"}}],\"inLanguage\":\"vi\"},{\"@type\":\"Organization\",\"@id\":\"https:\\\/\\\/giaytot.vn\\\/#organization\",\"name\":\"giaytot.vn\",\"url\":\"https:\\\/\\\/giaytot.vn\\\/\",\"logo\":{\"@type\":\"ImageObject\",\"inLanguage\":\"vi\",\"@id\":\"https:\\\/\\\/giaytot.vn\\\/#\\\/schema\\\/logo\\\/image\\\/\",\"url\":\"http:\\\/\\\/giaytot.vn\\\/wp-content\\\/uploads\\\/2026\\\/01\\\/cropped-GGIAYTOT.VN-5.png\",\"contentUrl\":\"http:\\\/\\\/giaytot.vn\\\/wp-content\\\/uploads\\\/2026\\\/01\\\/cropped-GGIAYTOT.VN-5.png\",\"width\":512,\"height\":512,\"caption\":\"giaytot.vn\"},\"image\":{\"@id\":\"https:\\\/\\\/giaytot.vn\\\/#\\\/schema\\\/logo\\\/image\\\/\"}}]}<\/script>\n<!-- \/ Yoast SEO plugin. -->","yoast_head_json":{"title":"Gi\u00e0y l\u01b0\u1eddi da b\u00f2 d\u1eadp v\u00e2n b\u00ecnh d\u00e2n - \u1d33\u2071\u1d43\u02b8\u1d57\u1d52\u1d57\u00b7\u1d5b\u207f","description":"Gi\u00e0y l\u01b0\u1eddi da b\u00f2 d\u1eadp v\u00e2n c\u00e1 s\u1ea5u l\u00e0 m\u1eabu gi\u00e0y kh\u00f4ng d\u00e2y \u0111\u01b0\u1ee3c l\u00e0m t\u1eeb da b\u00f2 th\u1eadt nh\u01b0ng c\u00f3 b\u1ec1 m\u1eb7t \u0111\u01b0\u1ee3c d\u1eadp v\u00e2n h\u1ecda ti\u1ebft gi\u1ed1ng da c\u00e1 s\u1ea5u, t\u1ea1o v\u1ebb sang","robots":{"index":"index","follow":"follow","max-snippet":"max-snippet:-1","max-image-preview":"max-image-preview:large","max-video-preview":"max-video-preview:-1"},"canonical":"https:\/\/giaytot.vn\/index.php\/product\/giay-luoi-da-bo-dap-van-binh-dan\/","og_locale":"vi_VN","og_type":"article","og_title":"Gi\u00e0y l\u01b0\u1eddi da b\u00f2 d\u1eadp v\u00e2n b\u00ecnh d\u00e2n - \u1d33\u2071\u1d43\u02b8\u1d57\u1d52\u1d57\u00b7\u1d5b\u207f","og_description":"Gi\u00e0y l\u01b0\u1eddi da b\u00f2 d\u1eadp v\u00e2n c\u00e1 s\u1ea5u l\u00e0 m\u1eabu gi\u00e0y kh\u00f4ng d\u00e2y \u0111\u01b0\u1ee3c l\u00e0m t\u1eeb da b\u00f2 th\u1eadt nh\u01b0ng c\u00f3 b\u1ec1 m\u1eb7t \u0111\u01b0\u1ee3c d\u1eadp v\u00e2n h\u1ecda ti\u1ebft gi\u1ed1ng da c\u00e1 s\u1ea5u, t\u1ea1o v\u1ebb sang","og_url":"https:\/\/giaytot.vn\/index.php\/product\/giay-luoi-da-bo-dap-van-binh-dan\/","og_site_name":"\u1d33\u2071\u1d43\u02b8\u1d57\u1d52\u1d57\u00b7\u1d5b\u207f","article_modified_time":"2026-01-10T06:37:26+00:00","og_image":[{"width":900,"height":900,"url":"https:\/\/giaytot.vn\/wp-content\/uploads\/2026\/01\/Thiet-ke-chua-co-ten-23.png","type":"image\/png"}],"twitter_card":"summary_large_image","twitter_misc":{"\u01af\u1edbc t\u00ednh th\u1eddi gian \u0111\u1ecdc":"3 ph\u00fat"},"schema":{"@context":"https:\/\/schema.org","@graph":[{"@type":"WebPage","@id":"https:\/\/giaytot.vn\/index.php\/product\/giay-luoi-da-bo-dap-van-binh-dan\/","url":"https:\/\/giaytot.vn\/index.php\/product\/giay-luoi-da-bo-dap-van-binh-dan\/","name":"Gi\u00e0y l\u01b0\u1eddi da b\u00f2 d\u1eadp v\u00e2n b\u00ecnh d\u00e2n - \u1d33\u2071\u1d43\u02b8\u1d57\u1d52\u1d57\u00b7\u1d5b\u207f","isPartOf":{"@id":"https:\/\/giaytot.vn\/#website"},"primaryImageOfPage":{"@id":"https:\/\/giaytot.vn\/index.php\/product\/giay-luoi-da-bo-dap-van-binh-dan\/#primaryimage"},"image":{"@id":"https:\/\/giaytot.vn\/index.php\/product\/giay-luoi-da-bo-dap-van-binh-dan\/#primaryimage"},"thumbnailUrl":"https:\/\/giaytot.vn\/wp-content\/uploads\/2026\/01\/Thiet-ke-chua-co-ten-23.png","datePublished":"2026-01-08T06:35:34+00:00","dateModified":"2026-01-10T06:37:26+00:00","description":"Gi\u00e0y l\u01b0\u1eddi da b\u00f2 d\u1eadp v\u00e2n c\u00e1 s\u1ea5u l\u00e0 m\u1eabu gi\u00e0y kh\u00f4ng d\u00e2y \u0111\u01b0\u1ee3c l\u00e0m t\u1eeb da b\u00f2 th\u1eadt nh\u01b0ng c\u00f3 b\u1ec1 m\u1eb7t \u0111\u01b0\u1ee3c d\u1eadp v\u00e2n h\u1ecda ti\u1ebft gi\u1ed1ng da c\u00e1 s\u1ea5u, t\u1ea1o v\u1ebb sang","breadcrumb":{"@id":"https:\/\/giaytot.vn\/index.php\/product\/giay-luoi-da-bo-dap-van-binh-dan\/#breadcrumb"},"inLanguage":"vi","potentialAction":[{"@type":"ReadAction","target":["https:\/\/giaytot.vn\/index.php\/product\/giay-luoi-da-bo-dap-van-binh-dan\/"]}]},{"@type":"ImageObject","inLanguage":"vi","@id":"https:\/\/giaytot.vn\/index.php\/product\/giay-luoi-da-bo-dap-van-binh-dan\/#primaryimage","url":"https:\/\/giaytot.vn\/wp-content\/uploads\/2026\/01\/Thiet-ke-chua-co-ten-23.png","contentUrl":"https:\/\/giaytot.vn\/wp-content\/uploads\/2026\/01\/Thiet-ke-chua-co-ten-23.png","width":900,"height":900},{"@type":"BreadcrumbList","@id":"https:\/\/giaytot.vn\/index.php\/product\/giay-luoi-da-bo-dap-van-binh-dan\/#breadcrumb","itemListElement":[{"@type":"ListItem","position":1,"name":"Trang ch\u1ee7","item":"https:\/\/giaytot.vn\/"},{"@type":"ListItem","position":2,"name":"Shop","item":"https:\/\/giaytot.vn\/index.php\/shop\/"},{"@type":"ListItem","position":3,"name":"Gi\u00e0y l\u01b0\u1eddi da b\u00f2 d\u1eadp v\u00e2n b\u00ecnh d\u00e2n"}]},{"@type":"WebSite","@id":"https:\/\/giaytot.vn\/#website","url":"https:\/\/giaytot.vn\/","name":"giaytot.vn","description":"","publisher":{"@id":"https:\/\/giaytot.vn\/#organization"},"potentialAction":[{"@type":"SearchAction","target":{"@type":"EntryPoint","urlTemplate":"https:\/\/giaytot.vn\/?s={search_term_string}"},"query-input":{"@type":"PropertyValueSpecification","valueRequired":true,"valueName":"search_term_string"}}],"inLanguage":"vi"},{"@type":"Organization","@id":"https:\/\/giaytot.vn\/#organization","name":"giaytot.vn","url":"https:\/\/giaytot.vn\/","logo":{"@type":"ImageObject","inLanguage":"vi","@id":"https:\/\/giaytot.vn\/#\/schema\/logo\/image\/","url":"http:\/\/giaytot.vn\/wp-content\/uploads\/2026\/01\/cropped-GGIAYTOT.VN-5.png","contentUrl":"http:\/\/giaytot.vn\/wp-content\/uploads\/2026\/01\/cropped-GGIAYTOT.VN-5.png","width":512,"height":512,"caption":"giaytot.vn"},"image":{"@id":"https:\/\/giaytot.vn\/#\/schema\/logo\/image\/"}}]}},"jetpack_sharing_enabled":true,"_links":{"self":[{"href":"https:\/\/giaytot.vn\/index.php\/wp-json\/wp\/v2\/product\/113","targetHints":{"allow":["GET"]}}],"collection":[{"href":"https:\/\/giaytot.vn\/index.php\/wp-json\/wp\/v2\/product"}],"about":[{"href":"https:\/\/giaytot.vn\/index.php\/wp-json\/wp\/v2\/types\/product"}],"replies":[{"embeddable":true,"href":"https:\/\/giaytot.vn\/index.php\/wp-json\/wp\/v2\/comments?post=113"}],"wp:featuredmedia":[{"embeddable":true,"href":"https:\/\/giaytot.vn\/index.php\/wp-json\/wp\/v2\/media\/117"}],"wp:attachment":[{"href":"https:\/\/giaytot.vn\/index.php\/wp-json\/wp\/v2\/media?parent=113"}],"wp:term":[{"taxonomy":"product_brand","embeddable":true,"href":"https:\/\/giaytot.vn\/index.php\/wp-json\/wp\/v2\/product_brand?post=113"},{"taxonomy":"product_cat","embeddable":true,"href":"https:\/\/giaytot.vn\/index.php\/wp-json\/wp\/v2\/product_cat?post=113"},{"taxonomy":"product_tag","embeddable":true,"href":"https:\/\/giaytot.vn\/index.php\/wp-json\/wp\/v2\/product_tag?post=113"}],"curies":[{"name":"wp","href":"https:\/\/api.w.org\/{rel}","templated":true}]}}