{"id":135,"date":"2026-01-08T06:49:22","date_gmt":"2026-01-08T06:49:22","guid":{"rendered":"https:\/\/giaytot.vn\/?post_type=product&#038;p=135"},"modified":"2026-01-21T08:43:21","modified_gmt":"2026-01-21T08:43:21","slug":"giay-tay-da-bo-de-cao","status":"publish","type":"product","link":"https:\/\/giaytot.vn\/index.php\/product\/giay-tay-da-bo-de-cao\/","title":{"rendered":"Gi\u00e0y t\u00e2y da b\u00f2 \u0111\u1ebf cao b\u00ecnh d\u00e2n"},"content":{"rendered":"<h3 data-start=\"0\" data-end=\"86\">\ud83d\udc5e \u0110\u1eb7c \u0111i\u1ec3m <strong data-start=\"16\" data-end=\"47\">gi\u00e0y t\u00e2y da b\u00f2 \u0111\u1ebf cao ~6 cm<\/strong> \u2013 phong c\u00e1ch l\u1ecbch l\u00e3m &amp; t\u0103ng chi\u1ec1u cao<\/h3>\n<p data-start=\"88\" data-end=\"424\"><strong data-start=\"88\" data-end=\"118\">Gi\u00e0y t\u00e2y da b\u00f2 \u0111\u1ebf cao 6 cm<\/strong> l\u00e0 m\u1eabu gi\u00e0y <em data-start=\"131\" data-end=\"144\">dress shoes<\/em> d\u00e0nh cho nam \u0111\u01b0\u1ee3c thi\u1ebft k\u1ebf v\u1edbi ph\u1ea7n <strong data-start=\"181\" data-end=\"208\">\u0111\u1ebf d\u00e0y h\u01a1n th\u00f4ng th\u01b0\u1eddng<\/strong> \u2014 gi\u00fap t\u0103ng chi\u1ec1u cao kho\u1ea3ng <strong data-start=\"238\" data-end=\"263\">6 cm m\u1ed9t c\u00e1ch tinh t\u1ebf<\/strong>, \u0111\u1ed3ng th\u1eddi gi\u1eef v\u1ebb <strong data-start=\"282\" data-end=\"305\">l\u1ecbch s\u1ef1, sang tr\u1ecdng<\/strong>, ph\u00f9 h\u1ee3p v\u1edbi c\u00f4ng s\u1edf, s\u1ef1 ki\u1ec7n, ho\u1eb7c phong c\u00e1ch smart-casual n\u00e2ng t\u1ea7m phong th\u00e1i.<\/p>\n<hr data-start=\"426\" data-end=\"429\" \/>\n<h2 data-start=\"431\" data-end=\"465\">\ud83d\udd0e 1. Ch\u1ea5t li\u1ec7u &amp; c\u1ea3m gi\u00e1c mang<\/h2>\n<ul data-start=\"467\" data-end=\"867\">\n<li data-start=\"467\" data-end=\"572\">\n<p data-start=\"469\" data-end=\"572\"><strong data-start=\"469\" data-end=\"491\">Da b\u00f2 th\u1eadt cao c\u1ea5p<\/strong> \u1edf ph\u1ea7n th\u00e2n gi\u00e0y: b\u1ec1 m\u1eb7t m\u1ec1m m\u1ea1i, b\u1ec1n v\u00e0 c\u00f3 kh\u1ea3 n\u0103ng \u201c\u00f4m ch\u00e2n\u201d theo th\u1eddi gian.<\/p>\n<\/li>\n<li data-start=\"573\" data-end=\"735\">\n<p data-start=\"575\" data-end=\"735\">Da th\u1eadt gi\u00fap gi\u00e0y tr\u00f4ng <strong data-start=\"599\" data-end=\"613\">sang tr\u1ecdng<\/strong>, ph\u1ea3n \u00e1nh gu th\u1eddi trang tinh t\u1ebf, \u0111\u1ed3ng th\u1eddi d\u1ec5 b\u1ea3o d\u01b0\u1ee1ng n\u1ebfu th\u01b0\u1eddng xuy\u00ean \u0111\u00e1nh xi.<\/p>\n<\/li>\n<li data-start=\"736\" data-end=\"867\">\n<p data-start=\"738\" data-end=\"867\">Ph\u1ea7n <strong data-start=\"743\" data-end=\"760\">l\u00f3t b\u00ean trong<\/strong> th\u01b0\u1eddng s\u1eed d\u1ee5ng ch\u1ea5t li\u1ec7u \u00eam, h\u00fat m\u1ed3i h\u00f4i v\u00e0 tho\u00e1ng kh\u00ed \u2014 mang l\u1ea1i c\u1ea3m gi\u00e1c tho\u1ea3i m\u00e1i k\u1ec3 c\u1ea3 khi \u0111i c\u1ea3 ng\u00e0y.<\/p>\n<\/li>\n<\/ul>\n<hr data-start=\"869\" data-end=\"872\" \/>\n<h2 data-start=\"874\" data-end=\"918\">\ud83e\uddb6 2. \u0110\u1ebf cao ~6 cm \u2013 \u0111i\u1ec3m nh\u1ea5n quan tr\u1ecdng<\/h2>\n<ul data-start=\"920\" data-end=\"1519\">\n<li data-start=\"920\" data-end=\"1075\">\n<p data-start=\"922\" data-end=\"1075\"><strong data-start=\"922\" data-end=\"956\">\u0110\u1ebf ngo\u00e0i v\u00e0 ph\u1ea7n \u0111\u1ed9n b\u00ean trong<\/strong> k\u1ebft h\u1ee3p \u0111\u1ec3 n\u00e2ng chi\u1ec1u cao t\u1ed5ng c\u1ed9ng kho\u1ea3ng 6 cm m\u00e0 <em data-start=\"1008\" data-end=\"1034\">kh\u00f4ng l\u1ed9 r\u00f5 ra b\u00ean ngo\u00e0i<\/em>.<\/p>\n<\/li>\n<li data-start=\"1076\" data-end=\"1244\">\n<p data-start=\"1078\" data-end=\"1244\">Thi\u1ebft k\u1ebf \u0111\u1ebf th\u01b0\u1eddng b\u1eb1ng <strong data-start=\"1102\" data-end=\"1146\">cao su \u0111\u00fac\/cao su gh\u00e9p ho\u1eb7c EVA si\u00eau nh\u1eb9<\/strong> \u2014 gi\u00fap gi\u1ea3m tr\u1ecdng l\u01b0\u1ee3ng v\u00e0 t\u0103ng \u0111\u1ed9 b\u00e1m, ch\u1ed1ng tr\u01a1n tr\u01b0\u1ee3t<\/p>\n<\/li>\n<li data-start=\"1245\" data-end=\"1519\">\n<p data-start=\"1247\" data-end=\"1263\">\u0110\u1ebf cao mang l\u1ea1i:<\/p>\n<ul data-start=\"1266\" data-end=\"1519\">\n<li data-start=\"1266\" data-end=\"1377\">\n<p data-start=\"1268\" data-end=\"1377\">\ud83d\udc5e <strong data-start=\"1271\" data-end=\"1298\">T\u0103ng chi\u1ec1u cao t\u1ef1 nhi\u00ean<\/strong>, c\u1ea3i thi\u1ec7n d\u00e1ng \u0111i, phong th\u00e1i t\u1ef1 tin. \ud83d\udc5e <strong data-start=\"1385\" data-end=\"1406\">\u1ed4n \u0111\u1ecbnh &amp; \u00eam ch\u00e2n<\/strong>, n\u1ebfu thi\u1ebft k\u1ebf l\u1edbp \u0111\u1ec7m b\u00ean trong \u0111\u01b0\u1ee3c t\u1ed1i \u01b0u.<\/p>\n<\/li>\n<li data-start=\"1456\" data-end=\"1519\">\n<p data-start=\"1458\" data-end=\"1519\">\ud83d\udc5e <strong data-start=\"1461\" data-end=\"1482\">Ph\u00f9 h\u1ee3p nhi\u1ec1u d\u1ecbp<\/strong> t\u1eeb c\u00f4ng s\u1edf \u0111\u1ebfn \u0111i ti\u1ec7c, g\u1eb7p \u0111\u1ed1i t\u00e1c.<\/p>\n<\/li>\n<\/ul>\n<\/li>\n<\/ul>\n<hr data-start=\"1521\" data-end=\"1524\" \/>\n<h2 data-start=\"1526\" data-end=\"1557\">\ud83d\udccf 3. Ki\u1ec3u d\u00e1ng &amp; phong c\u00e1ch<\/h2>\n<p data-start=\"1559\" data-end=\"1586\">M\u1eabu gi\u00e0y n\u00e0y c\u00f3 th\u1ec3 \u1edf d\u1ea1ng:<\/p>\n<ul data-start=\"1587\" data-end=\"1833\">\n<li data-start=\"1587\" data-end=\"1654\">\n<p data-start=\"1589\" data-end=\"1654\">\ud83d\udc54 <strong data-start=\"1592\" data-end=\"1617\">Oxford\/Derby bu\u1ed9c d\u00e2y<\/strong> \u2013 l\u1ecbch l\u00e3m, ph\u00f9 h\u1ee3p vest, qu\u1ea7n \u00e2u.<\/p>\n<\/li>\n<li data-start=\"1655\" data-end=\"1736\">\n<p data-start=\"1657\" data-end=\"1736\">\ud83e\udd7f <strong data-start=\"1660\" data-end=\"1686\">Gi\u00e0y l\u01b0\u1eddi loafer da b\u00f2<\/strong> \u2013 tr\u1ebb trung, linh ho\u1ea1t ph\u1ed1i v\u1edbi chinos, blazer.<\/p>\n<\/li>\n<li data-start=\"1737\" data-end=\"1833\">\n<p data-start=\"1739\" data-end=\"1833\">\ud83d\udc5e <strong data-start=\"1742\" data-end=\"1768\">Plain toe ho\u1eb7c cap toe<\/strong> \u2013 \u0111\u01a1n gi\u1ea3n m\u00e0 v\u1eabn tinh t\u1ebf<\/p>\n<\/li>\n<\/ul>\n<p data-start=\"1835\" data-end=\"1936\">M\u00e0u s\u1eafc th\u01b0\u1eddng l\u00e0 <strong data-start=\"1853\" data-end=\"1881\">\u0111en, n\u00e2u socola, n\u00e2u \u0111\u1ea5t<\/strong> \u2014 d\u1ec5 ph\u1ed1i \u0111\u1ed3 v\u1edbi trang ph\u1ee5c c\u00f4ng s\u1edf ho\u1eb7c smart-casual.<\/p>\n<hr data-start=\"1938\" data-end=\"1941\" \/>\n<h2 data-start=\"1943\" data-end=\"1967\">\ud83d\udc54 4. \u01afu \u0111i\u1ec3m n\u1ed5i b\u1eadt<\/h2>\n<p data-start=\"1969\" data-end=\"2277\">\u2728 <strong data-start=\"1971\" data-end=\"1998\">T\u0103ng chi\u1ec1u cao t\u1ef1 nhi\u00ean<\/strong> m\u00e0 kh\u00f4ng c\u1ea7n d\u00f9ng \u201c\u0111\u1ebf \u0111\u1ed9n l\u1ed9 r\u00f5\u201d.<br data-start=\"2070\" data-end=\"2073\" \/>\u2728 <strong data-start=\"2075\" data-end=\"2110\">Phong c\u00e1ch l\u1ecbch s\u1ef1 &amp; sang tr\u1ecdng<\/strong> \u2014 ph\u00f9 h\u1ee3p \u0111a d\u1ea1ng ho\u00e0n c\u1ea3nh.<br data-start=\"2139\" data-end=\"2142\" \/>\u2728 <strong data-start=\"2144\" data-end=\"2182\">Da b\u00f2 th\u1eadt b\u1ec1n, \u0111\u1eb9p theo th\u1eddi gian<\/strong> khi ch\u0103m s\u00f3c \u0111\u00fang c\u00e1ch.<br data-start=\"2206\" data-end=\"2209\" \/>\u2728 <strong data-start=\"2211\" data-end=\"2243\">C\u1ea3m gi\u00e1c tho\u1ea3i m\u00e1i &amp; \u1ed5n \u0111\u1ecbnh<\/strong>: \u0111\u1ec7m t\u1ed1t, \u0111\u1ebf b\u00e1m ch\u1eafc khi \u0111i l\u1ea1i.<\/p>\n","protected":false},"excerpt":{"rendered":"<p>\ud83d\udc5e \u0110\u1eb7c \u0111i\u1ec3m gi\u00e0y t\u00e2y da b\u00f2 \u0111\u1ebf cao ~6 cm \u2013 phong c\u00e1ch l\u1ecbch l\u00e3m &amp; t\u0103ng chi\u1ec1u cao Gi\u00e0y t\u00e2y da b\u00f2 \u0111\u1ebf cao 6 cm l\u00e0 m\u1eabu gi\u00e0y dress shoes d\u00e0nh cho nam \u0111\u01b0\u1ee3c thi\u1ebft k\u1ebf v\u1edbi ph\u1ea7n \u0111\u1ebf d\u00e0y h\u01a1n th\u00f4ng th\u01b0\u1eddng \u2014 gi\u00fap t\u0103ng chi\u1ec1u cao kho\u1ea3ng 6 cm m\u1ed9t [&#8230;]\n","protected":false},"featured_media":390,"comment_status":"open","ping_status":"closed","template":"","meta":[],"product_brand":[],"product_cat":[15],"product_tag":[39],"class_list":{"0":"post-135","1":"product","2":"type-product","3":"status-publish","4":"has-post-thumbnail","6":"product_cat-uncategorized","7":"product_tag-giay-tay-da-bo-de-cao-binh-dan","9":"first","10":"instock","11":"shipping-taxable","12":"purchasable","13":"product-type-variable"},"yoast_head":"<!-- This site is optimized with the Yoast SEO plugin v27.4 - https:\/\/yoast.com\/product\/yoast-seo-wordpress\/ -->\n<title>Gi\u00e0y t\u00e2y da b\u00f2 \u0111\u1ebf cao b\u00ecnh d\u00e2n - \u1d33\u2071\u1d43\u02b8\u1d57\u1d52\u1d57\u00b7\u1d5b\u207f<\/title>\n<meta name=\"description\" content=\"Gi\u00e0y t\u00e2y da b\u00f2 \u0111\u1ebf cao 6 cm l\u00e0 m\u1eabu gi\u00e0y dress shoes d\u00e0nh cho nam \u0111\u01b0\u1ee3c thi\u1ebft k\u1ebf v\u1edbi ph\u1ea7n \u0111\u1ebf d\u00e0y h\u01a1n th\u00f4ng th\u01b0\u1eddng \u2014 gi\u00fap t\u0103ng chi\u1ec1u cao kho\u1ea3ng\" \/>\n<meta name=\"robots\" content=\"index, follow, max-snippet:-1, max-image-preview:large, max-video-preview:-1\" \/>\n<link rel=\"canonical\" href=\"https:\/\/giaytot.vn\/index.php\/product\/giay-tay-da-bo-de-cao\/\" \/>\n<meta property=\"og:locale\" content=\"vi_VN\" \/>\n<meta property=\"og:type\" content=\"article\" \/>\n<meta property=\"og:title\" content=\"Gi\u00e0y t\u00e2y da b\u00f2 \u0111\u1ebf cao b\u00ecnh d\u00e2n - \u1d33\u2071\u1d43\u02b8\u1d57\u1d52\u1d57\u00b7\u1d5b\u207f\" \/>\n<meta property=\"og:description\" content=\"Gi\u00e0y t\u00e2y da b\u00f2 \u0111\u1ebf cao 6 cm l\u00e0 m\u1eabu gi\u00e0y dress shoes d\u00e0nh cho nam \u0111\u01b0\u1ee3c thi\u1ebft k\u1ebf v\u1edbi ph\u1ea7n \u0111\u1ebf d\u00e0y h\u01a1n th\u00f4ng th\u01b0\u1eddng \u2014 gi\u00fap t\u0103ng chi\u1ec1u cao kho\u1ea3ng\" \/>\n<meta property=\"og:url\" content=\"https:\/\/giaytot.vn\/index.php\/product\/giay-tay-da-bo-de-cao\/\" \/>\n<meta property=\"og:site_name\" content=\"\u1d33\u2071\u1d43\u02b8\u1d57\u1d52\u1d57\u00b7\u1d5b\u207f\" \/>\n<meta property=\"article:modified_time\" content=\"2026-01-21T08:43:21+00:00\" \/>\n<meta property=\"og:image\" content=\"https:\/\/giaytot.vn\/wp-content\/uploads\/2026\/01\/z7453510204129_cf0a5650132eaea9638c9b1eb4d721f9.jpg\" \/>\n\t<meta property=\"og:image:width\" content=\"1024\" \/>\n\t<meta property=\"og:image:height\" content=\"1024\" \/>\n\t<meta property=\"og:image:type\" content=\"image\/jpeg\" \/>\n<meta name=\"twitter:card\" content=\"summary_large_image\" \/>\n<meta name=\"twitter:label1\" content=\"\u01af\u1edbc t\u00ednh th\u1eddi gian \u0111\u1ecdc\" \/>\n\t<meta name=\"twitter:data1\" content=\"3 ph\u00fat\" \/>\n<script type=\"application\/ld+json\" class=\"yoast-schema-graph\">{\"@context\":\"https:\\\/\\\/schema.org\",\"@graph\":[{\"@type\":\"WebPage\",\"@id\":\"https:\\\/\\\/giaytot.vn\\\/index.php\\\/product\\\/giay-tay-da-bo-de-cao\\\/\",\"url\":\"https:\\\/\\\/giaytot.vn\\\/index.php\\\/product\\\/giay-tay-da-bo-de-cao\\\/\",\"name\":\"Gi\u00e0y t\u00e2y da b\u00f2 \u0111\u1ebf cao b\u00ecnh d\u00e2n - \u1d33\u2071\u1d43\u02b8\u1d57\u1d52\u1d57\u00b7\u1d5b\u207f\",\"isPartOf\":{\"@id\":\"https:\\\/\\\/giaytot.vn\\\/#website\"},\"primaryImageOfPage\":{\"@id\":\"https:\\\/\\\/giaytot.vn\\\/index.php\\\/product\\\/giay-tay-da-bo-de-cao\\\/#primaryimage\"},\"image\":{\"@id\":\"https:\\\/\\\/giaytot.vn\\\/index.php\\\/product\\\/giay-tay-da-bo-de-cao\\\/#primaryimage\"},\"thumbnailUrl\":\"https:\\\/\\\/giaytot.vn\\\/wp-content\\\/uploads\\\/2026\\\/01\\\/z7453510204129_cf0a5650132eaea9638c9b1eb4d721f9.jpg\",\"datePublished\":\"2026-01-08T06:49:22+00:00\",\"dateModified\":\"2026-01-21T08:43:21+00:00\",\"description\":\"Gi\u00e0y t\u00e2y da b\u00f2 \u0111\u1ebf cao 6 cm l\u00e0 m\u1eabu gi\u00e0y dress shoes d\u00e0nh cho nam \u0111\u01b0\u1ee3c thi\u1ebft k\u1ebf v\u1edbi ph\u1ea7n \u0111\u1ebf d\u00e0y h\u01a1n th\u00f4ng th\u01b0\u1eddng \u2014 gi\u00fap t\u0103ng chi\u1ec1u cao kho\u1ea3ng\",\"breadcrumb\":{\"@id\":\"https:\\\/\\\/giaytot.vn\\\/index.php\\\/product\\\/giay-tay-da-bo-de-cao\\\/#breadcrumb\"},\"inLanguage\":\"vi\",\"potentialAction\":[{\"@type\":\"ReadAction\",\"target\":[\"https:\\\/\\\/giaytot.vn\\\/index.php\\\/product\\\/giay-tay-da-bo-de-cao\\\/\"]}]},{\"@type\":\"ImageObject\",\"inLanguage\":\"vi\",\"@id\":\"https:\\\/\\\/giaytot.vn\\\/index.php\\\/product\\\/giay-tay-da-bo-de-cao\\\/#primaryimage\",\"url\":\"https:\\\/\\\/giaytot.vn\\\/wp-content\\\/uploads\\\/2026\\\/01\\\/z7453510204129_cf0a5650132eaea9638c9b1eb4d721f9.jpg\",\"contentUrl\":\"https:\\\/\\\/giaytot.vn\\\/wp-content\\\/uploads\\\/2026\\\/01\\\/z7453510204129_cf0a5650132eaea9638c9b1eb4d721f9.jpg\",\"width\":1024,\"height\":1024},{\"@type\":\"BreadcrumbList\",\"@id\":\"https:\\\/\\\/giaytot.vn\\\/index.php\\\/product\\\/giay-tay-da-bo-de-cao\\\/#breadcrumb\",\"itemListElement\":[{\"@type\":\"ListItem\",\"position\":1,\"name\":\"Trang ch\u1ee7\",\"item\":\"https:\\\/\\\/giaytot.vn\\\/\"},{\"@type\":\"ListItem\",\"position\":2,\"name\":\"Shop\",\"item\":\"https:\\\/\\\/giaytot.vn\\\/index.php\\\/shop\\\/\"},{\"@type\":\"ListItem\",\"position\":3,\"name\":\"Gi\u00e0y t\u00e2y da b\u00f2 \u0111\u1ebf cao b\u00ecnh d\u00e2n\"}]},{\"@type\":\"WebSite\",\"@id\":\"https:\\\/\\\/giaytot.vn\\\/#website\",\"url\":\"https:\\\/\\\/giaytot.vn\\\/\",\"name\":\"giaytot.vn\",\"description\":\"\",\"publisher\":{\"@id\":\"https:\\\/\\\/giaytot.vn\\\/#organization\"},\"potentialAction\":[{\"@type\":\"SearchAction\",\"target\":{\"@type\":\"EntryPoint\",\"urlTemplate\":\"https:\\\/\\\/giaytot.vn\\\/?s={search_term_string}\"},\"query-input\":{\"@type\":\"PropertyValueSpecification\",\"valueRequired\":true,\"valueName\":\"search_term_string\"}}],\"inLanguage\":\"vi\"},{\"@type\":\"Organization\",\"@id\":\"https:\\\/\\\/giaytot.vn\\\/#organization\",\"name\":\"giaytot.vn\",\"url\":\"https:\\\/\\\/giaytot.vn\\\/\",\"logo\":{\"@type\":\"ImageObject\",\"inLanguage\":\"vi\",\"@id\":\"https:\\\/\\\/giaytot.vn\\\/#\\\/schema\\\/logo\\\/image\\\/\",\"url\":\"http:\\\/\\\/giaytot.vn\\\/wp-content\\\/uploads\\\/2026\\\/01\\\/cropped-GGIAYTOT.VN-5.png\",\"contentUrl\":\"http:\\\/\\\/giaytot.vn\\\/wp-content\\\/uploads\\\/2026\\\/01\\\/cropped-GGIAYTOT.VN-5.png\",\"width\":512,\"height\":512,\"caption\":\"giaytot.vn\"},\"image\":{\"@id\":\"https:\\\/\\\/giaytot.vn\\\/#\\\/schema\\\/logo\\\/image\\\/\"}}]}<\/script>\n<!-- \/ Yoast SEO plugin. -->","yoast_head_json":{"title":"Gi\u00e0y t\u00e2y da b\u00f2 \u0111\u1ebf cao b\u00ecnh d\u00e2n - \u1d33\u2071\u1d43\u02b8\u1d57\u1d52\u1d57\u00b7\u1d5b\u207f","description":"Gi\u00e0y t\u00e2y da b\u00f2 \u0111\u1ebf cao 6 cm l\u00e0 m\u1eabu gi\u00e0y dress shoes d\u00e0nh cho nam \u0111\u01b0\u1ee3c thi\u1ebft k\u1ebf v\u1edbi ph\u1ea7n \u0111\u1ebf d\u00e0y h\u01a1n th\u00f4ng th\u01b0\u1eddng \u2014 gi\u00fap t\u0103ng chi\u1ec1u cao kho\u1ea3ng","robots":{"index":"index","follow":"follow","max-snippet":"max-snippet:-1","max-image-preview":"max-image-preview:large","max-video-preview":"max-video-preview:-1"},"canonical":"https:\/\/giaytot.vn\/index.php\/product\/giay-tay-da-bo-de-cao\/","og_locale":"vi_VN","og_type":"article","og_title":"Gi\u00e0y t\u00e2y da b\u00f2 \u0111\u1ebf cao b\u00ecnh d\u00e2n - \u1d33\u2071\u1d43\u02b8\u1d57\u1d52\u1d57\u00b7\u1d5b\u207f","og_description":"Gi\u00e0y t\u00e2y da b\u00f2 \u0111\u1ebf cao 6 cm l\u00e0 m\u1eabu gi\u00e0y dress shoes d\u00e0nh cho nam \u0111\u01b0\u1ee3c thi\u1ebft k\u1ebf v\u1edbi ph\u1ea7n \u0111\u1ebf d\u00e0y h\u01a1n th\u00f4ng th\u01b0\u1eddng \u2014 gi\u00fap t\u0103ng chi\u1ec1u cao kho\u1ea3ng","og_url":"https:\/\/giaytot.vn\/index.php\/product\/giay-tay-da-bo-de-cao\/","og_site_name":"\u1d33\u2071\u1d43\u02b8\u1d57\u1d52\u1d57\u00b7\u1d5b\u207f","article_modified_time":"2026-01-21T08:43:21+00:00","og_image":[{"width":1024,"height":1024,"url":"https:\/\/giaytot.vn\/wp-content\/uploads\/2026\/01\/z7453510204129_cf0a5650132eaea9638c9b1eb4d721f9.jpg","type":"image\/jpeg"}],"twitter_card":"summary_large_image","twitter_misc":{"\u01af\u1edbc t\u00ednh th\u1eddi gian \u0111\u1ecdc":"3 ph\u00fat"},"schema":{"@context":"https:\/\/schema.org","@graph":[{"@type":"WebPage","@id":"https:\/\/giaytot.vn\/index.php\/product\/giay-tay-da-bo-de-cao\/","url":"https:\/\/giaytot.vn\/index.php\/product\/giay-tay-da-bo-de-cao\/","name":"Gi\u00e0y t\u00e2y da b\u00f2 \u0111\u1ebf cao b\u00ecnh d\u00e2n - \u1d33\u2071\u1d43\u02b8\u1d57\u1d52\u1d57\u00b7\u1d5b\u207f","isPartOf":{"@id":"https:\/\/giaytot.vn\/#website"},"primaryImageOfPage":{"@id":"https:\/\/giaytot.vn\/index.php\/product\/giay-tay-da-bo-de-cao\/#primaryimage"},"image":{"@id":"https:\/\/giaytot.vn\/index.php\/product\/giay-tay-da-bo-de-cao\/#primaryimage"},"thumbnailUrl":"https:\/\/giaytot.vn\/wp-content\/uploads\/2026\/01\/z7453510204129_cf0a5650132eaea9638c9b1eb4d721f9.jpg","datePublished":"2026-01-08T06:49:22+00:00","dateModified":"2026-01-21T08:43:21+00:00","description":"Gi\u00e0y t\u00e2y da b\u00f2 \u0111\u1ebf cao 6 cm l\u00e0 m\u1eabu gi\u00e0y dress shoes d\u00e0nh cho nam \u0111\u01b0\u1ee3c thi\u1ebft k\u1ebf v\u1edbi ph\u1ea7n \u0111\u1ebf d\u00e0y h\u01a1n th\u00f4ng th\u01b0\u1eddng \u2014 gi\u00fap t\u0103ng chi\u1ec1u cao kho\u1ea3ng","breadcrumb":{"@id":"https:\/\/giaytot.vn\/index.php\/product\/giay-tay-da-bo-de-cao\/#breadcrumb"},"inLanguage":"vi","potentialAction":[{"@type":"ReadAction","target":["https:\/\/giaytot.vn\/index.php\/product\/giay-tay-da-bo-de-cao\/"]}]},{"@type":"ImageObject","inLanguage":"vi","@id":"https:\/\/giaytot.vn\/index.php\/product\/giay-tay-da-bo-de-cao\/#primaryimage","url":"https:\/\/giaytot.vn\/wp-content\/uploads\/2026\/01\/z7453510204129_cf0a5650132eaea9638c9b1eb4d721f9.jpg","contentUrl":"https:\/\/giaytot.vn\/wp-content\/uploads\/2026\/01\/z7453510204129_cf0a5650132eaea9638c9b1eb4d721f9.jpg","width":1024,"height":1024},{"@type":"BreadcrumbList","@id":"https:\/\/giaytot.vn\/index.php\/product\/giay-tay-da-bo-de-cao\/#breadcrumb","itemListElement":[{"@type":"ListItem","position":1,"name":"Trang ch\u1ee7","item":"https:\/\/giaytot.vn\/"},{"@type":"ListItem","position":2,"name":"Shop","item":"https:\/\/giaytot.vn\/index.php\/shop\/"},{"@type":"ListItem","position":3,"name":"Gi\u00e0y t\u00e2y da b\u00f2 \u0111\u1ebf cao b\u00ecnh d\u00e2n"}]},{"@type":"WebSite","@id":"https:\/\/giaytot.vn\/#website","url":"https:\/\/giaytot.vn\/","name":"giaytot.vn","description":"","publisher":{"@id":"https:\/\/giaytot.vn\/#organization"},"potentialAction":[{"@type":"SearchAction","target":{"@type":"EntryPoint","urlTemplate":"https:\/\/giaytot.vn\/?s={search_term_string}"},"query-input":{"@type":"PropertyValueSpecification","valueRequired":true,"valueName":"search_term_string"}}],"inLanguage":"vi"},{"@type":"Organization","@id":"https:\/\/giaytot.vn\/#organization","name":"giaytot.vn","url":"https:\/\/giaytot.vn\/","logo":{"@type":"ImageObject","inLanguage":"vi","@id":"https:\/\/giaytot.vn\/#\/schema\/logo\/image\/","url":"http:\/\/giaytot.vn\/wp-content\/uploads\/2026\/01\/cropped-GGIAYTOT.VN-5.png","contentUrl":"http:\/\/giaytot.vn\/wp-content\/uploads\/2026\/01\/cropped-GGIAYTOT.VN-5.png","width":512,"height":512,"caption":"giaytot.vn"},"image":{"@id":"https:\/\/giaytot.vn\/#\/schema\/logo\/image\/"}}]}},"jetpack_sharing_enabled":true,"_links":{"self":[{"href":"https:\/\/giaytot.vn\/index.php\/wp-json\/wp\/v2\/product\/135","targetHints":{"allow":["GET"]}}],"collection":[{"href":"https:\/\/giaytot.vn\/index.php\/wp-json\/wp\/v2\/product"}],"about":[{"href":"https:\/\/giaytot.vn\/index.php\/wp-json\/wp\/v2\/types\/product"}],"replies":[{"embeddable":true,"href":"https:\/\/giaytot.vn\/index.php\/wp-json\/wp\/v2\/comments?post=135"}],"wp:featuredmedia":[{"embeddable":true,"href":"https:\/\/giaytot.vn\/index.php\/wp-json\/wp\/v2\/media\/390"}],"wp:attachment":[{"href":"https:\/\/giaytot.vn\/index.php\/wp-json\/wp\/v2\/media?parent=135"}],"wp:term":[{"taxonomy":"product_brand","embeddable":true,"href":"https:\/\/giaytot.vn\/index.php\/wp-json\/wp\/v2\/product_brand?post=135"},{"taxonomy":"product_cat","embeddable":true,"href":"https:\/\/giaytot.vn\/index.php\/wp-json\/wp\/v2\/product_cat?post=135"},{"taxonomy":"product_tag","embeddable":true,"href":"https:\/\/giaytot.vn\/index.php\/wp-json\/wp\/v2\/product_tag?post=135"}],"curies":[{"name":"wp","href":"https:\/\/api.w.org\/{rel}","templated":true}]}}