{"id":219,"date":"2026-01-10T06:42:57","date_gmt":"2026-01-10T06:42:57","guid":{"rendered":"https:\/\/giaytot.vn\/?post_type=product&#038;p=219"},"modified":"2026-01-10T06:45:54","modified_gmt":"2026-01-10T06:45:54","slug":"giay-luoi-de-cao-da-bo-nam","status":"publish","type":"product","link":"https:\/\/giaytot.vn\/index.php\/product\/giay-luoi-de-cao-da-bo-nam\/","title":{"rendered":"Gi\u00e0y l\u01b0\u1eddi \u0111\u1ebf cao da b\u00f2 nam"},"content":{"rendered":"<div class=\"flex max-w-full flex-col\">\n<div class=\"min-h-8 text-message relative flex w-full flex-col items-end gap-2 text-start break-words whitespace-normal [.text-message+&amp;]:mt-1\" dir=\"auto\" data-message-author-role=\"assistant\" data-message-id=\"297aebf2-ff83-46ac-b531-a3fd1e7fe423\" data-message-model-slug=\"gpt-5-2\">\n<div class=\"flex w-full flex-col gap-1 empty:hidden first:pt-[1px]\">\n<div class=\"markdown prose dark:prose-invert w-full break-words light markdown-new-styling\">\n<p data-start=\"139\" data-end=\"206\"><strong data-start=\"139\" data-end=\"206\">GI\u00c0Y L\u01af\u1edcI \u0110\u1ebe CAO DA B\u00d2 NAM \u2013 L\u1ecaCH L\u00c3M &amp; T\u0102NG CHI\u1ec0U CAO T\u1ef0 NHI\u00caN<\/strong><\/p>\n<p data-start=\"208\" data-end=\"456\">Gi\u00e0y l\u01b0\u1eddi nam \u0111\u1ebf cao \u0111\u01b0\u1ee3c l\u00e0m t\u1eeb <strong data-start=\"241\" data-end=\"263\">da b\u00f2 th\u1eadt cao c\u1ea5p<\/strong>, b\u1ec1 m\u1eb7t m\u1ec1m m\u1ecbn, b\u1ec1n \u0111\u1eb9p theo th\u1eddi gian. Thi\u1ebft k\u1ebf form d\u00e1ng g\u1ecdn g\u00e0ng, hi\u1ec7n \u0111\u1ea1i, mang l\u1ea1i v\u1ebb ngo\u00e0i <strong data-start=\"362\" data-end=\"385\">l\u1ecbch l\u00e3m \u2013 nam t\u00ednh<\/strong>, ph\u00f9 h\u1ee3p cho m\u00f4i tr\u01b0\u1eddng c\u00f4ng s\u1edf, g\u1eb7p g\u1ee1 \u0111\u1ed1i t\u00e1c hay \u0111i ch\u01a1i h\u00e0ng ng\u00e0y.<\/p>\n<p data-start=\"458\" data-end=\"478\"><strong data-start=\"458\" data-end=\"478\">\u01afu \u0111i\u1ec3m n\u1ed5i b\u1eadt:<\/strong><\/p>\n<ul data-start=\"479\" data-end=\"783\">\n<li data-start=\"479\" data-end=\"536\">\n<p data-start=\"481\" data-end=\"536\"><strong data-start=\"481\" data-end=\"500\">Da b\u00f2 th\u1eadt 100%<\/strong>: m\u1ec1m, tho\u00e1ng kh\u00ed, h\u1ea1n ch\u1ebf bong tr\u00f3c<\/p>\n<\/li>\n<li data-start=\"537\" data-end=\"597\">\n<p data-start=\"539\" data-end=\"597\"><strong data-start=\"539\" data-end=\"568\">\u0110\u1ebf cao su \u0111\u00fac nguy\u00ean kh\u1ed1i<\/strong>: ch\u1eafc ch\u1eafn, ch\u1ed1ng tr\u01a1n tr\u01b0\u1ee3t<\/p>\n<\/li>\n<li data-start=\"598\" data-end=\"675\">\n<p data-start=\"600\" data-end=\"675\"><strong data-start=\"600\" data-end=\"622\">Thi\u1ebft k\u1ebf \u0111\u1ebf cao \u1ea9n<\/strong>: gi\u00fap t\u0103ng chi\u1ec1u cao t\u1ef1 nhi\u00ean 5\u20137cm m\u00e0 v\u1eabn tho\u1ea3i m\u00e1i<\/p>\n<\/li>\n<li data-start=\"676\" data-end=\"728\">\n<p data-start=\"678\" data-end=\"728\"><strong data-start=\"678\" data-end=\"710\">Ki\u1ec3u d\u00e1ng gi\u00e0y l\u01b0\u1eddi ti\u1ec7n l\u1ee3i<\/strong>: d\u1ec5 mang, d\u1ec5 th\u00e1o<\/p>\n<\/li>\n<li data-start=\"729\" data-end=\"783\">\n<p data-start=\"731\" data-end=\"783\"><strong data-start=\"731\" data-end=\"750\">L\u00f3t trong \u00eam \u00e1i<\/strong>: gi\u1ea3m m\u1ecfi ch\u00e2n khi di chuy\u1ec3n l\u00e2u<\/p>\n<\/li>\n<\/ul>\n<p data-start=\"785\" data-end=\"811\"><strong data-start=\"785\" data-end=\"811\">Phong c\u00e1ch &amp; \u1ee9ng d\u1ee5ng:<\/strong><\/p>\n<ul data-start=\"812\" data-end=\"911\">\n<li data-start=\"812\" data-end=\"862\">\n<p data-start=\"814\" data-end=\"862\">Ph\u00f9 h\u1ee3p \u0111i l\u00e0m, d\u1ef1 ti\u1ec7c, \u0111i ch\u01a1i, g\u1eb7p kh\u00e1ch h\u00e0ng<\/p>\n<\/li>\n<li data-start=\"863\" data-end=\"911\">\n<p data-start=\"865\" data-end=\"911\">D\u1ec5 ph\u1ed1i v\u1edbi qu\u1ea7n t\u00e2y, kaki, jean, vest c\u00f4ng s\u1edf<\/p>\n<\/li>\n<\/ul>\n<p data-start=\"913\" data-end=\"936\"><strong data-start=\"913\" data-end=\"936\">Th\u00f4ng tin s\u1ea3n ph\u1ea9m:<\/strong><\/p>\n<ul data-start=\"937\" data-end=\"1018\">\n<li data-start=\"937\" data-end=\"960\">\n<p data-start=\"939\" data-end=\"960\">Ch\u1ea5t li\u1ec7u: Da b\u00f2 th\u1eadt<\/p>\n<\/li>\n<li data-start=\"961\" data-end=\"981\">\n<p data-start=\"963\" data-end=\"981\">\u0110\u1ebf: Cao su cao c\u1ea5p<\/p>\n<\/li>\n<li data-start=\"982\" data-end=\"1002\">\n<p data-start=\"984\" data-end=\"1002\">M\u00e0u s\u1eafc: \u0110en \/ N\u00e2u<\/p>\n<\/li>\n<li data-start=\"1003\" data-end=\"1018\">\n<p data-start=\"1005\" data-end=\"1018\">Size: 38 \u2013 43<\/p>\n<\/li>\n<\/ul>\n<p data-start=\"1020\" data-end=\"1122\">\ud83d\udc49 <strong data-start=\"1023\" data-end=\"1122\">L\u1ef1a ch\u1ecdn ho\u00e0n h\u1ea3o cho qu\u00fd \u00f4ng mu\u1ed1n t\u0103ng chi\u1ec1u cao, kh\u1eb3ng \u0111\u1ecbnh phong c\u00e1ch v\u00e0 s\u1ef1 t\u1ef1 tin m\u1ed7i ng\u00e0y.<\/strong><\/p>\n<\/div>\n<\/div>\n<\/div>\n<\/div>\n<div class=\"flex items-center justify-center\"><\/div>\n","protected":false},"excerpt":{"rendered":"<p>GI\u00c0Y L\u01af\u1edcI \u0110\u1ebe CAO DA B\u00d2 NAM \u2013 L\u1ecaCH L\u00c3M &amp; T\u0102NG CHI\u1ec0U CAO T\u1ef0 NHI\u00caN Gi\u00e0y l\u01b0\u1eddi nam \u0111\u1ebf cao \u0111\u01b0\u1ee3c l\u00e0m t\u1eeb da b\u00f2 th\u1eadt cao c\u1ea5p, b\u1ec1 m\u1eb7t m\u1ec1m m\u1ecbn, b\u1ec1n \u0111\u1eb9p theo th\u1eddi gian. Thi\u1ebft k\u1ebf form d\u00e1ng g\u1ecdn g\u00e0ng, hi\u1ec7n \u0111\u1ea1i, mang l\u1ea1i v\u1ebb ngo\u00e0i l\u1ecbch l\u00e3m \u2013 nam t\u00ednh, [&#8230;]\n","protected":false},"featured_media":223,"comment_status":"open","ping_status":"closed","template":"","meta":[],"product_brand":[],"product_cat":[15],"product_tag":[35],"class_list":{"0":"post-219","1":"product","2":"type-product","3":"status-publish","4":"has-post-thumbnail","6":"product_cat-uncategorized","7":"product_tag-giay-luoi-de-cao-da-bo-nam","9":"first","10":"instock","11":"shipping-taxable","12":"purchasable","13":"product-type-variable"},"yoast_head":"<!-- This site is optimized with the Yoast SEO plugin v27.4 - https:\/\/yoast.com\/product\/yoast-seo-wordpress\/ -->\n<title>Gi\u00e0y l\u01b0\u1eddi \u0111\u1ebf cao da b\u00f2 nam - \u1d33\u2071\u1d43\u02b8\u1d57\u1d52\u1d57\u00b7\u1d5b\u207f<\/title>\n<meta name=\"description\" content=\"Gi\u00e0y l\u01b0\u1eddi nam \u0111\u1ebf cao \u0111\u01b0\u1ee3c l\u00e0m t\u1eeb da b\u00f2 th\u1eadt cao c\u1ea5p, b\u1ec1 m\u1eb7t m\u1ec1m m\u1ecbn, b\u1ec1n \u0111\u1eb9p theo th\u1eddi gian. Thi\u1ebft k\u1ebf form d\u00e1ng g\u1ecdn g\u00e0ng, hi\u1ec7n \u0111\u1ea1i\" \/>\n<meta name=\"robots\" content=\"index, follow, max-snippet:-1, max-image-preview:large, max-video-preview:-1\" \/>\n<link rel=\"canonical\" href=\"https:\/\/giaytot.vn\/index.php\/product\/giay-luoi-de-cao-da-bo-nam\/\" \/>\n<meta property=\"og:locale\" content=\"vi_VN\" \/>\n<meta property=\"og:type\" content=\"article\" \/>\n<meta property=\"og:title\" content=\"Gi\u00e0y l\u01b0\u1eddi \u0111\u1ebf cao da b\u00f2 nam - \u1d33\u2071\u1d43\u02b8\u1d57\u1d52\u1d57\u00b7\u1d5b\u207f\" \/>\n<meta property=\"og:description\" content=\"Gi\u00e0y l\u01b0\u1eddi nam \u0111\u1ebf cao \u0111\u01b0\u1ee3c l\u00e0m t\u1eeb da b\u00f2 th\u1eadt cao c\u1ea5p, b\u1ec1 m\u1eb7t m\u1ec1m m\u1ecbn, b\u1ec1n \u0111\u1eb9p theo th\u1eddi gian. Thi\u1ebft k\u1ebf form d\u00e1ng g\u1ecdn g\u00e0ng, hi\u1ec7n \u0111\u1ea1i\" \/>\n<meta property=\"og:url\" content=\"https:\/\/giaytot.vn\/index.php\/product\/giay-luoi-de-cao-da-bo-nam\/\" \/>\n<meta property=\"og:site_name\" content=\"\u1d33\u2071\u1d43\u02b8\u1d57\u1d52\u1d57\u00b7\u1d5b\u207f\" \/>\n<meta property=\"article:modified_time\" content=\"2026-01-10T06:45:54+00:00\" \/>\n<meta property=\"og:image\" content=\"https:\/\/giaytot.vn\/wp-content\/uploads\/2026\/01\/Thiet-ke-chua-co-ten-10.png\" \/>\n\t<meta property=\"og:image:width\" content=\"900\" \/>\n\t<meta property=\"og:image:height\" content=\"900\" \/>\n\t<meta property=\"og:image:type\" content=\"image\/png\" \/>\n<meta name=\"twitter:card\" content=\"summary_large_image\" \/>\n<meta name=\"twitter:label1\" content=\"\u01af\u1edbc t\u00ednh th\u1eddi gian \u0111\u1ecdc\" \/>\n\t<meta name=\"twitter:data1\" content=\"2 ph\u00fat\" \/>\n<script type=\"application\/ld+json\" class=\"yoast-schema-graph\">{\"@context\":\"https:\\\/\\\/schema.org\",\"@graph\":[{\"@type\":\"WebPage\",\"@id\":\"https:\\\/\\\/giaytot.vn\\\/index.php\\\/product\\\/giay-luoi-de-cao-da-bo-nam\\\/\",\"url\":\"https:\\\/\\\/giaytot.vn\\\/index.php\\\/product\\\/giay-luoi-de-cao-da-bo-nam\\\/\",\"name\":\"Gi\u00e0y l\u01b0\u1eddi \u0111\u1ebf cao da b\u00f2 nam - \u1d33\u2071\u1d43\u02b8\u1d57\u1d52\u1d57\u00b7\u1d5b\u207f\",\"isPartOf\":{\"@id\":\"https:\\\/\\\/giaytot.vn\\\/#website\"},\"primaryImageOfPage\":{\"@id\":\"https:\\\/\\\/giaytot.vn\\\/index.php\\\/product\\\/giay-luoi-de-cao-da-bo-nam\\\/#primaryimage\"},\"image\":{\"@id\":\"https:\\\/\\\/giaytot.vn\\\/index.php\\\/product\\\/giay-luoi-de-cao-da-bo-nam\\\/#primaryimage\"},\"thumbnailUrl\":\"https:\\\/\\\/giaytot.vn\\\/wp-content\\\/uploads\\\/2026\\\/01\\\/Thiet-ke-chua-co-ten-10.png\",\"datePublished\":\"2026-01-10T06:42:57+00:00\",\"dateModified\":\"2026-01-10T06:45:54+00:00\",\"description\":\"Gi\u00e0y l\u01b0\u1eddi nam \u0111\u1ebf cao \u0111\u01b0\u1ee3c l\u00e0m t\u1eeb da b\u00f2 th\u1eadt cao c\u1ea5p, b\u1ec1 m\u1eb7t m\u1ec1m m\u1ecbn, b\u1ec1n \u0111\u1eb9p theo th\u1eddi gian. Thi\u1ebft k\u1ebf form d\u00e1ng g\u1ecdn g\u00e0ng, hi\u1ec7n \u0111\u1ea1i\",\"breadcrumb\":{\"@id\":\"https:\\\/\\\/giaytot.vn\\\/index.php\\\/product\\\/giay-luoi-de-cao-da-bo-nam\\\/#breadcrumb\"},\"inLanguage\":\"vi\",\"potentialAction\":[{\"@type\":\"ReadAction\",\"target\":[\"https:\\\/\\\/giaytot.vn\\\/index.php\\\/product\\\/giay-luoi-de-cao-da-bo-nam\\\/\"]}]},{\"@type\":\"ImageObject\",\"inLanguage\":\"vi\",\"@id\":\"https:\\\/\\\/giaytot.vn\\\/index.php\\\/product\\\/giay-luoi-de-cao-da-bo-nam\\\/#primaryimage\",\"url\":\"https:\\\/\\\/giaytot.vn\\\/wp-content\\\/uploads\\\/2026\\\/01\\\/Thiet-ke-chua-co-ten-10.png\",\"contentUrl\":\"https:\\\/\\\/giaytot.vn\\\/wp-content\\\/uploads\\\/2026\\\/01\\\/Thiet-ke-chua-co-ten-10.png\",\"width\":900,\"height\":900},{\"@type\":\"BreadcrumbList\",\"@id\":\"https:\\\/\\\/giaytot.vn\\\/index.php\\\/product\\\/giay-luoi-de-cao-da-bo-nam\\\/#breadcrumb\",\"itemListElement\":[{\"@type\":\"ListItem\",\"position\":1,\"name\":\"Trang ch\u1ee7\",\"item\":\"https:\\\/\\\/giaytot.vn\\\/\"},{\"@type\":\"ListItem\",\"position\":2,\"name\":\"Shop\",\"item\":\"https:\\\/\\\/giaytot.vn\\\/index.php\\\/shop\\\/\"},{\"@type\":\"ListItem\",\"position\":3,\"name\":\"Gi\u00e0y l\u01b0\u1eddi \u0111\u1ebf cao da b\u00f2 nam\"}]},{\"@type\":\"WebSite\",\"@id\":\"https:\\\/\\\/giaytot.vn\\\/#website\",\"url\":\"https:\\\/\\\/giaytot.vn\\\/\",\"name\":\"giaytot.vn\",\"description\":\"\",\"publisher\":{\"@id\":\"https:\\\/\\\/giaytot.vn\\\/#organization\"},\"potentialAction\":[{\"@type\":\"SearchAction\",\"target\":{\"@type\":\"EntryPoint\",\"urlTemplate\":\"https:\\\/\\\/giaytot.vn\\\/?s={search_term_string}\"},\"query-input\":{\"@type\":\"PropertyValueSpecification\",\"valueRequired\":true,\"valueName\":\"search_term_string\"}}],\"inLanguage\":\"vi\"},{\"@type\":\"Organization\",\"@id\":\"https:\\\/\\\/giaytot.vn\\\/#organization\",\"name\":\"giaytot.vn\",\"url\":\"https:\\\/\\\/giaytot.vn\\\/\",\"logo\":{\"@type\":\"ImageObject\",\"inLanguage\":\"vi\",\"@id\":\"https:\\\/\\\/giaytot.vn\\\/#\\\/schema\\\/logo\\\/image\\\/\",\"url\":\"http:\\\/\\\/giaytot.vn\\\/wp-content\\\/uploads\\\/2026\\\/01\\\/cropped-GGIAYTOT.VN-5.png\",\"contentUrl\":\"http:\\\/\\\/giaytot.vn\\\/wp-content\\\/uploads\\\/2026\\\/01\\\/cropped-GGIAYTOT.VN-5.png\",\"width\":512,\"height\":512,\"caption\":\"giaytot.vn\"},\"image\":{\"@id\":\"https:\\\/\\\/giaytot.vn\\\/#\\\/schema\\\/logo\\\/image\\\/\"}}]}<\/script>\n<!-- \/ Yoast SEO plugin. -->","yoast_head_json":{"title":"Gi\u00e0y l\u01b0\u1eddi \u0111\u1ebf cao da b\u00f2 nam - \u1d33\u2071\u1d43\u02b8\u1d57\u1d52\u1d57\u00b7\u1d5b\u207f","description":"Gi\u00e0y l\u01b0\u1eddi nam \u0111\u1ebf cao \u0111\u01b0\u1ee3c l\u00e0m t\u1eeb da b\u00f2 th\u1eadt cao c\u1ea5p, b\u1ec1 m\u1eb7t m\u1ec1m m\u1ecbn, b\u1ec1n \u0111\u1eb9p theo th\u1eddi gian. Thi\u1ebft k\u1ebf form d\u00e1ng g\u1ecdn g\u00e0ng, hi\u1ec7n \u0111\u1ea1i","robots":{"index":"index","follow":"follow","max-snippet":"max-snippet:-1","max-image-preview":"max-image-preview:large","max-video-preview":"max-video-preview:-1"},"canonical":"https:\/\/giaytot.vn\/index.php\/product\/giay-luoi-de-cao-da-bo-nam\/","og_locale":"vi_VN","og_type":"article","og_title":"Gi\u00e0y l\u01b0\u1eddi \u0111\u1ebf cao da b\u00f2 nam - \u1d33\u2071\u1d43\u02b8\u1d57\u1d52\u1d57\u00b7\u1d5b\u207f","og_description":"Gi\u00e0y l\u01b0\u1eddi nam \u0111\u1ebf cao \u0111\u01b0\u1ee3c l\u00e0m t\u1eeb da b\u00f2 th\u1eadt cao c\u1ea5p, b\u1ec1 m\u1eb7t m\u1ec1m m\u1ecbn, b\u1ec1n \u0111\u1eb9p theo th\u1eddi gian. Thi\u1ebft k\u1ebf form d\u00e1ng g\u1ecdn g\u00e0ng, hi\u1ec7n \u0111\u1ea1i","og_url":"https:\/\/giaytot.vn\/index.php\/product\/giay-luoi-de-cao-da-bo-nam\/","og_site_name":"\u1d33\u2071\u1d43\u02b8\u1d57\u1d52\u1d57\u00b7\u1d5b\u207f","article_modified_time":"2026-01-10T06:45:54+00:00","og_image":[{"width":900,"height":900,"url":"https:\/\/giaytot.vn\/wp-content\/uploads\/2026\/01\/Thiet-ke-chua-co-ten-10.png","type":"image\/png"}],"twitter_card":"summary_large_image","twitter_misc":{"\u01af\u1edbc t\u00ednh th\u1eddi gian \u0111\u1ecdc":"2 ph\u00fat"},"schema":{"@context":"https:\/\/schema.org","@graph":[{"@type":"WebPage","@id":"https:\/\/giaytot.vn\/index.php\/product\/giay-luoi-de-cao-da-bo-nam\/","url":"https:\/\/giaytot.vn\/index.php\/product\/giay-luoi-de-cao-da-bo-nam\/","name":"Gi\u00e0y l\u01b0\u1eddi \u0111\u1ebf cao da b\u00f2 nam - \u1d33\u2071\u1d43\u02b8\u1d57\u1d52\u1d57\u00b7\u1d5b\u207f","isPartOf":{"@id":"https:\/\/giaytot.vn\/#website"},"primaryImageOfPage":{"@id":"https:\/\/giaytot.vn\/index.php\/product\/giay-luoi-de-cao-da-bo-nam\/#primaryimage"},"image":{"@id":"https:\/\/giaytot.vn\/index.php\/product\/giay-luoi-de-cao-da-bo-nam\/#primaryimage"},"thumbnailUrl":"https:\/\/giaytot.vn\/wp-content\/uploads\/2026\/01\/Thiet-ke-chua-co-ten-10.png","datePublished":"2026-01-10T06:42:57+00:00","dateModified":"2026-01-10T06:45:54+00:00","description":"Gi\u00e0y l\u01b0\u1eddi nam \u0111\u1ebf cao \u0111\u01b0\u1ee3c l\u00e0m t\u1eeb da b\u00f2 th\u1eadt cao c\u1ea5p, b\u1ec1 m\u1eb7t m\u1ec1m m\u1ecbn, b\u1ec1n \u0111\u1eb9p theo th\u1eddi gian. Thi\u1ebft k\u1ebf form d\u00e1ng g\u1ecdn g\u00e0ng, hi\u1ec7n \u0111\u1ea1i","breadcrumb":{"@id":"https:\/\/giaytot.vn\/index.php\/product\/giay-luoi-de-cao-da-bo-nam\/#breadcrumb"},"inLanguage":"vi","potentialAction":[{"@type":"ReadAction","target":["https:\/\/giaytot.vn\/index.php\/product\/giay-luoi-de-cao-da-bo-nam\/"]}]},{"@type":"ImageObject","inLanguage":"vi","@id":"https:\/\/giaytot.vn\/index.php\/product\/giay-luoi-de-cao-da-bo-nam\/#primaryimage","url":"https:\/\/giaytot.vn\/wp-content\/uploads\/2026\/01\/Thiet-ke-chua-co-ten-10.png","contentUrl":"https:\/\/giaytot.vn\/wp-content\/uploads\/2026\/01\/Thiet-ke-chua-co-ten-10.png","width":900,"height":900},{"@type":"BreadcrumbList","@id":"https:\/\/giaytot.vn\/index.php\/product\/giay-luoi-de-cao-da-bo-nam\/#breadcrumb","itemListElement":[{"@type":"ListItem","position":1,"name":"Trang ch\u1ee7","item":"https:\/\/giaytot.vn\/"},{"@type":"ListItem","position":2,"name":"Shop","item":"https:\/\/giaytot.vn\/index.php\/shop\/"},{"@type":"ListItem","position":3,"name":"Gi\u00e0y l\u01b0\u1eddi \u0111\u1ebf cao da b\u00f2 nam"}]},{"@type":"WebSite","@id":"https:\/\/giaytot.vn\/#website","url":"https:\/\/giaytot.vn\/","name":"giaytot.vn","description":"","publisher":{"@id":"https:\/\/giaytot.vn\/#organization"},"potentialAction":[{"@type":"SearchAction","target":{"@type":"EntryPoint","urlTemplate":"https:\/\/giaytot.vn\/?s={search_term_string}"},"query-input":{"@type":"PropertyValueSpecification","valueRequired":true,"valueName":"search_term_string"}}],"inLanguage":"vi"},{"@type":"Organization","@id":"https:\/\/giaytot.vn\/#organization","name":"giaytot.vn","url":"https:\/\/giaytot.vn\/","logo":{"@type":"ImageObject","inLanguage":"vi","@id":"https:\/\/giaytot.vn\/#\/schema\/logo\/image\/","url":"http:\/\/giaytot.vn\/wp-content\/uploads\/2026\/01\/cropped-GGIAYTOT.VN-5.png","contentUrl":"http:\/\/giaytot.vn\/wp-content\/uploads\/2026\/01\/cropped-GGIAYTOT.VN-5.png","width":512,"height":512,"caption":"giaytot.vn"},"image":{"@id":"https:\/\/giaytot.vn\/#\/schema\/logo\/image\/"}}]}},"jetpack_sharing_enabled":true,"_links":{"self":[{"href":"https:\/\/giaytot.vn\/index.php\/wp-json\/wp\/v2\/product\/219","targetHints":{"allow":["GET"]}}],"collection":[{"href":"https:\/\/giaytot.vn\/index.php\/wp-json\/wp\/v2\/product"}],"about":[{"href":"https:\/\/giaytot.vn\/index.php\/wp-json\/wp\/v2\/types\/product"}],"replies":[{"embeddable":true,"href":"https:\/\/giaytot.vn\/index.php\/wp-json\/wp\/v2\/comments?post=219"}],"wp:featuredmedia":[{"embeddable":true,"href":"https:\/\/giaytot.vn\/index.php\/wp-json\/wp\/v2\/media\/223"}],"wp:attachment":[{"href":"https:\/\/giaytot.vn\/index.php\/wp-json\/wp\/v2\/media?parent=219"}],"wp:term":[{"taxonomy":"product_brand","embeddable":true,"href":"https:\/\/giaytot.vn\/index.php\/wp-json\/wp\/v2\/product_brand?post=219"},{"taxonomy":"product_cat","embeddable":true,"href":"https:\/\/giaytot.vn\/index.php\/wp-json\/wp\/v2\/product_cat?post=219"},{"taxonomy":"product_tag","embeddable":true,"href":"https:\/\/giaytot.vn\/index.php\/wp-json\/wp\/v2\/product_tag?post=219"}],"curies":[{"name":"wp","href":"https:\/\/api.w.org\/{rel}","templated":true}]}}