{"id":233,"date":"2026-01-10T06:56:33","date_gmt":"2026-01-10T06:56:33","guid":{"rendered":"https:\/\/giaytot.vn\/?post_type=product&#038;p=233"},"modified":"2026-01-20T08:32:41","modified_gmt":"2026-01-20T08:32:41","slug":"giay-cong-so-da-bo-nam","status":"publish","type":"product","link":"https:\/\/giaytot.vn\/index.php\/product\/giay-cong-so-da-bo-nam\/","title":{"rendered":"Gi\u00e0y c\u00f4ng s\u1edf da b\u00f2 nam"},"content":{"rendered":"<p data-start=\"121\" data-end=\"195\"><strong data-start=\"121\" data-end=\"195\">Gi\u00e0y c\u00f4ng s\u1edf da b\u00f2 nam \u2013 Sang tr\u1ecdng, b\u1ec1n \u0111\u1eb9p, chu\u1ea9n phong c\u00e1ch qu\u00fd \u00f4ng<\/strong><\/p>\n<p data-start=\"197\" data-end=\"421\">Gi\u00e0y c\u00f4ng s\u1edf nam \u0111\u01b0\u1ee3c ch\u1ebf t\u00e1c t\u1eeb <strong data-start=\"230\" data-end=\"252\">da b\u00f2 th\u1eadt cao c\u1ea5p<\/strong>, b\u1ec1 m\u1eb7t da m\u1ecbn, m\u1ec1m v\u00e0 c\u00f3 \u0111\u1ed9 b\u1ec1n cao, c\u00e0ng s\u1eed d\u1ee5ng c\u00e0ng \u0111\u1eb9p. Thi\u1ebft k\u1ebf <strong data-start=\"323\" data-end=\"342\">form d\u00e1ng chu\u1ea9n<\/strong>, \u0111\u01b0\u1eddng may tinh t\u1ebf, mang l\u1ea1i v\u1ebb ngo\u00e0i l\u1ecbch l\u00e3m v\u00e0 chuy\u00ean nghi\u1ec7p cho ph\u00e1i m\u1ea1nh.<\/p>\n<p data-start=\"423\" data-end=\"613\">Ph\u1ea7n <strong data-start=\"428\" data-end=\"449\">\u0111\u1ebf gi\u00e0y ch\u1eafc ch\u1eafn<\/strong>, ch\u1ed1ng tr\u01a1n tr\u01b0\u1ee3t, gi\u00fap di chuy\u1ec3n \u00eam \u00e1i v\u00e0 an to\u00e0n su\u1ed1t ng\u00e0y d\u00e0i l\u00e0m vi\u1ec7c. L\u00f3t trong m\u1ec1m m\u1ea1i, tho\u00e1ng kh\u00ed, h\u1ea1n ch\u1ebf m\u00f9i, t\u1ea1o c\u1ea3m gi\u00e1c tho\u1ea3i m\u00e1i ngay c\u1ea3 khi mang l\u00e2u.<\/p>\n<p data-start=\"615\" data-end=\"734\">Gi\u00e0y d\u1ec5 ph\u1ed1i c\u00f9ng <strong data-start=\"633\" data-end=\"661\">qu\u1ea7n t\u00e2y, vest, \u00e1o s\u01a1 mi<\/strong>, ph\u00f9 h\u1ee3p \u0111i l\u00e0m c\u00f4ng s\u1edf, g\u1eb7p g\u1ee1 \u0111\u1ed1i t\u00e1c, h\u1ed9i h\u1ecdp hay s\u1ef1 ki\u1ec7n quan tr\u1ecdng.<\/p>\n<p data-start=\"736\" data-end=\"758\"><strong data-start=\"736\" data-end=\"758\">Th\u00f4ng tin n\u1ed5i b\u1eadt:<\/strong><\/p>\n<ul data-start=\"759\" data-end=\"970\">\n<li data-start=\"759\" data-end=\"794\">\n<p data-start=\"761\" data-end=\"794\">Ch\u1ea5t li\u1ec7u: <strong data-start=\"772\" data-end=\"794\">Da b\u00f2 th\u1eadt cao c\u1ea5p<\/strong><\/p>\n<\/li>\n<li data-start=\"795\" data-end=\"837\">\n<p data-start=\"797\" data-end=\"837\">Ki\u1ec3u d\u00e1ng: <strong data-start=\"808\" data-end=\"837\">Gi\u00e0y c\u00f4ng s\u1edf nam l\u1ecbch l\u00e3m<\/strong><\/p>\n<\/li>\n<li data-start=\"838\" data-end=\"879\">\n<p data-start=\"840\" data-end=\"879\">\u0110\u1ebf gi\u00e0y: <strong data-start=\"849\" data-end=\"879\">B\u1ec1n ch\u1eafc, ch\u1ed1ng tr\u01a1n tr\u01b0\u1ee3t<\/strong><\/p>\n<\/li>\n<li data-start=\"880\" data-end=\"914\">\n<p data-start=\"882\" data-end=\"914\">L\u00f3t trong: <strong data-start=\"893\" data-end=\"914\">\u00cam \u00e1i, tho\u00e1ng kh\u00ed<\/strong><\/p>\n<\/li>\n<li data-start=\"915\" data-end=\"970\">\n<p data-start=\"917\" data-end=\"970\">Phong c\u00e1ch: <strong data-start=\"929\" data-end=\"970\">Sang tr\u1ecdng \u2013 nam t\u00ednh \u2013 chuy\u00ean nghi\u1ec7p<\/strong><\/p>\n<\/li>\n<\/ul>\n<p data-start=\"972\" data-end=\"1079\">\ud83d\udc49 L\u1ef1a ch\u1ecdn ho\u00e0n h\u1ea3o cho qu\u00fd \u00f4ng y\u00eau th\u00edch s\u1ef1 <strong data-start=\"1018\" data-end=\"1053\">\u0111\u1eb3ng c\u1ea5p, ch\u1ec9n chu v\u00e0 tho\u1ea3i m\u00e1i<\/strong> trong m\u00f4i tr\u01b0\u1eddng c\u00f4ng s\u1edf.<\/p>\n","protected":false},"excerpt":{"rendered":"<p>Gi\u00e0y c\u00f4ng s\u1edf da b\u00f2 nam \u2013 Sang tr\u1ecdng, b\u1ec1n \u0111\u1eb9p, chu\u1ea9n phong c\u00e1ch qu\u00fd \u00f4ng Gi\u00e0y c\u00f4ng s\u1edf nam \u0111\u01b0\u1ee3c ch\u1ebf t\u00e1c t\u1eeb da b\u00f2 th\u1eadt cao c\u1ea5p, b\u1ec1 m\u1eb7t da m\u1ecbn, m\u1ec1m v\u00e0 c\u00f3 \u0111\u1ed9 b\u1ec1n cao, c\u00e0ng s\u1eed d\u1ee5ng c\u00e0ng \u0111\u1eb9p. Thi\u1ebft k\u1ebf form d\u00e1ng chu\u1ea9n, \u0111\u01b0\u1eddng may tinh t\u1ebf, mang l\u1ea1i [&#8230;]\n","protected":false},"featured_media":326,"comment_status":"open","ping_status":"closed","template":"","meta":[],"product_brand":[],"product_cat":[15],"product_tag":[36],"class_list":{"0":"post-233","1":"product","2":"type-product","3":"status-publish","4":"has-post-thumbnail","6":"product_cat-uncategorized","7":"product_tag-giay-cong-so-da-bo-nam","9":"first","10":"instock","11":"shipping-taxable","12":"purchasable","13":"product-type-variable"},"yoast_head":"<!-- This site is optimized with the Yoast SEO plugin v27.4 - https:\/\/yoast.com\/product\/yoast-seo-wordpress\/ -->\n<title>Gi\u00e0y c\u00f4ng s\u1edf da b\u00f2 nam - \u1d33\u2071\u1d43\u02b8\u1d57\u1d52\u1d57\u00b7\u1d5b\u207f<\/title>\n<meta name=\"description\" content=\"Gi\u00e0y c\u00f4ng s\u1edf nam \u0111\u01b0\u1ee3c ch\u1ebf t\u00e1c t\u1eeb da b\u00f2 th\u1eadt cao c\u1ea5p, b\u1ec1 m\u1eb7t da m\u1ecbn, m\u1ec1m v\u00e0 c\u00f3 \u0111\u1ed9 b\u1ec1n cao, c\u00e0ng s\u1eed d\u1ee5ng c\u00e0ng \u0111\u1eb9p. Thi\u1ebft k\u1ebf form d\u00e1ng chu\u1ea9n,\" \/>\n<meta name=\"robots\" content=\"index, follow, max-snippet:-1, max-image-preview:large, max-video-preview:-1\" \/>\n<link rel=\"canonical\" href=\"http:\/\/giaytot.vn\/index.php\/product\/giay-cong-so-da-bo-nam\/\" \/>\n<meta property=\"og:locale\" content=\"vi_VN\" \/>\n<meta property=\"og:type\" content=\"article\" \/>\n<meta property=\"og:title\" content=\"Gi\u00e0y c\u00f4ng s\u1edf da b\u00f2 nam - \u1d33\u2071\u1d43\u02b8\u1d57\u1d52\u1d57\u00b7\u1d5b\u207f\" \/>\n<meta property=\"og:description\" content=\"Gi\u00e0y c\u00f4ng s\u1edf nam \u0111\u01b0\u1ee3c ch\u1ebf t\u00e1c t\u1eeb da b\u00f2 th\u1eadt cao c\u1ea5p, b\u1ec1 m\u1eb7t da m\u1ecbn, m\u1ec1m v\u00e0 c\u00f3 \u0111\u1ed9 b\u1ec1n cao, c\u00e0ng s\u1eed d\u1ee5ng c\u00e0ng \u0111\u1eb9p. Thi\u1ebft k\u1ebf form d\u00e1ng chu\u1ea9n,\" \/>\n<meta property=\"og:url\" content=\"http:\/\/giaytot.vn\/index.php\/product\/giay-cong-so-da-bo-nam\/\" \/>\n<meta property=\"og:site_name\" content=\"\u1d33\u2071\u1d43\u02b8\u1d57\u1d52\u1d57\u00b7\u1d5b\u207f\" \/>\n<meta property=\"article:modified_time\" content=\"2026-01-20T08:32:41+00:00\" \/>\n<meta property=\"og:image\" content=\"http:\/\/giaytot.vn\/wp-content\/uploads\/2026\/01\/z7447244558672_89b040049afb0f082a19e7956140f0b5.jpg\" \/>\n\t<meta property=\"og:image:width\" content=\"1024\" \/>\n\t<meta property=\"og:image:height\" content=\"1024\" \/>\n\t<meta property=\"og:image:type\" content=\"image\/jpeg\" \/>\n<meta name=\"twitter:card\" content=\"summary_large_image\" \/>\n<meta name=\"twitter:label1\" content=\"\u01af\u1edbc t\u00ednh th\u1eddi gian \u0111\u1ecdc\" \/>\n\t<meta name=\"twitter:data1\" content=\"2 ph\u00fat\" \/>\n<script type=\"application\/ld+json\" class=\"yoast-schema-graph\">{\"@context\":\"https:\\\/\\\/schema.org\",\"@graph\":[{\"@type\":\"WebPage\",\"@id\":\"http:\\\/\\\/giaytot.vn\\\/index.php\\\/product\\\/giay-cong-so-da-bo-nam\\\/\",\"url\":\"http:\\\/\\\/giaytot.vn\\\/index.php\\\/product\\\/giay-cong-so-da-bo-nam\\\/\",\"name\":\"Gi\u00e0y c\u00f4ng s\u1edf da b\u00f2 nam - \u1d33\u2071\u1d43\u02b8\u1d57\u1d52\u1d57\u00b7\u1d5b\u207f\",\"isPartOf\":{\"@id\":\"https:\\\/\\\/giaytot.vn\\\/#website\"},\"primaryImageOfPage\":{\"@id\":\"http:\\\/\\\/giaytot.vn\\\/index.php\\\/product\\\/giay-cong-so-da-bo-nam\\\/#primaryimage\"},\"image\":{\"@id\":\"http:\\\/\\\/giaytot.vn\\\/index.php\\\/product\\\/giay-cong-so-da-bo-nam\\\/#primaryimage\"},\"thumbnailUrl\":\"https:\\\/\\\/giaytot.vn\\\/wp-content\\\/uploads\\\/2026\\\/01\\\/z7447244558672_89b040049afb0f082a19e7956140f0b5.jpg\",\"datePublished\":\"2026-01-10T06:56:33+00:00\",\"dateModified\":\"2026-01-20T08:32:41+00:00\",\"description\":\"Gi\u00e0y c\u00f4ng s\u1edf nam \u0111\u01b0\u1ee3c ch\u1ebf t\u00e1c t\u1eeb da b\u00f2 th\u1eadt cao c\u1ea5p, b\u1ec1 m\u1eb7t da m\u1ecbn, m\u1ec1m v\u00e0 c\u00f3 \u0111\u1ed9 b\u1ec1n cao, c\u00e0ng s\u1eed d\u1ee5ng c\u00e0ng \u0111\u1eb9p. Thi\u1ebft k\u1ebf form d\u00e1ng chu\u1ea9n,\",\"breadcrumb\":{\"@id\":\"http:\\\/\\\/giaytot.vn\\\/index.php\\\/product\\\/giay-cong-so-da-bo-nam\\\/#breadcrumb\"},\"inLanguage\":\"vi\",\"potentialAction\":[{\"@type\":\"ReadAction\",\"target\":[\"http:\\\/\\\/giaytot.vn\\\/index.php\\\/product\\\/giay-cong-so-da-bo-nam\\\/\"]}]},{\"@type\":\"ImageObject\",\"inLanguage\":\"vi\",\"@id\":\"http:\\\/\\\/giaytot.vn\\\/index.php\\\/product\\\/giay-cong-so-da-bo-nam\\\/#primaryimage\",\"url\":\"https:\\\/\\\/giaytot.vn\\\/wp-content\\\/uploads\\\/2026\\\/01\\\/z7447244558672_89b040049afb0f082a19e7956140f0b5.jpg\",\"contentUrl\":\"https:\\\/\\\/giaytot.vn\\\/wp-content\\\/uploads\\\/2026\\\/01\\\/z7447244558672_89b040049afb0f082a19e7956140f0b5.jpg\",\"width\":1024,\"height\":1024},{\"@type\":\"BreadcrumbList\",\"@id\":\"http:\\\/\\\/giaytot.vn\\\/index.php\\\/product\\\/giay-cong-so-da-bo-nam\\\/#breadcrumb\",\"itemListElement\":[{\"@type\":\"ListItem\",\"position\":1,\"name\":\"Trang ch\u1ee7\",\"item\":\"https:\\\/\\\/giaytot.vn\\\/\"},{\"@type\":\"ListItem\",\"position\":2,\"name\":\"Shop\",\"item\":\"https:\\\/\\\/giaytot.vn\\\/index.php\\\/shop\\\/\"},{\"@type\":\"ListItem\",\"position\":3,\"name\":\"Gi\u00e0y c\u00f4ng s\u1edf da b\u00f2 nam\"}]},{\"@type\":\"WebSite\",\"@id\":\"https:\\\/\\\/giaytot.vn\\\/#website\",\"url\":\"https:\\\/\\\/giaytot.vn\\\/\",\"name\":\"giaytot.vn\",\"description\":\"\",\"publisher\":{\"@id\":\"https:\\\/\\\/giaytot.vn\\\/#organization\"},\"potentialAction\":[{\"@type\":\"SearchAction\",\"target\":{\"@type\":\"EntryPoint\",\"urlTemplate\":\"https:\\\/\\\/giaytot.vn\\\/?s={search_term_string}\"},\"query-input\":{\"@type\":\"PropertyValueSpecification\",\"valueRequired\":true,\"valueName\":\"search_term_string\"}}],\"inLanguage\":\"vi\"},{\"@type\":\"Organization\",\"@id\":\"https:\\\/\\\/giaytot.vn\\\/#organization\",\"name\":\"giaytot.vn\",\"url\":\"https:\\\/\\\/giaytot.vn\\\/\",\"logo\":{\"@type\":\"ImageObject\",\"inLanguage\":\"vi\",\"@id\":\"https:\\\/\\\/giaytot.vn\\\/#\\\/schema\\\/logo\\\/image\\\/\",\"url\":\"http:\\\/\\\/giaytot.vn\\\/wp-content\\\/uploads\\\/2026\\\/01\\\/cropped-GGIAYTOT.VN-5.png\",\"contentUrl\":\"http:\\\/\\\/giaytot.vn\\\/wp-content\\\/uploads\\\/2026\\\/01\\\/cropped-GGIAYTOT.VN-5.png\",\"width\":512,\"height\":512,\"caption\":\"giaytot.vn\"},\"image\":{\"@id\":\"https:\\\/\\\/giaytot.vn\\\/#\\\/schema\\\/logo\\\/image\\\/\"}}]}<\/script>\n<!-- \/ Yoast SEO plugin. -->","yoast_head_json":{"title":"Gi\u00e0y c\u00f4ng s\u1edf da b\u00f2 nam - \u1d33\u2071\u1d43\u02b8\u1d57\u1d52\u1d57\u00b7\u1d5b\u207f","description":"Gi\u00e0y c\u00f4ng s\u1edf nam \u0111\u01b0\u1ee3c ch\u1ebf t\u00e1c t\u1eeb da b\u00f2 th\u1eadt cao c\u1ea5p, b\u1ec1 m\u1eb7t da m\u1ecbn, m\u1ec1m v\u00e0 c\u00f3 \u0111\u1ed9 b\u1ec1n cao, c\u00e0ng s\u1eed d\u1ee5ng c\u00e0ng \u0111\u1eb9p. Thi\u1ebft k\u1ebf form d\u00e1ng chu\u1ea9n,","robots":{"index":"index","follow":"follow","max-snippet":"max-snippet:-1","max-image-preview":"max-image-preview:large","max-video-preview":"max-video-preview:-1"},"canonical":"http:\/\/giaytot.vn\/index.php\/product\/giay-cong-so-da-bo-nam\/","og_locale":"vi_VN","og_type":"article","og_title":"Gi\u00e0y c\u00f4ng s\u1edf da b\u00f2 nam - \u1d33\u2071\u1d43\u02b8\u1d57\u1d52\u1d57\u00b7\u1d5b\u207f","og_description":"Gi\u00e0y c\u00f4ng s\u1edf nam \u0111\u01b0\u1ee3c ch\u1ebf t\u00e1c t\u1eeb da b\u00f2 th\u1eadt cao c\u1ea5p, b\u1ec1 m\u1eb7t da m\u1ecbn, m\u1ec1m v\u00e0 c\u00f3 \u0111\u1ed9 b\u1ec1n cao, c\u00e0ng s\u1eed d\u1ee5ng c\u00e0ng \u0111\u1eb9p. Thi\u1ebft k\u1ebf form d\u00e1ng chu\u1ea9n,","og_url":"http:\/\/giaytot.vn\/index.php\/product\/giay-cong-so-da-bo-nam\/","og_site_name":"\u1d33\u2071\u1d43\u02b8\u1d57\u1d52\u1d57\u00b7\u1d5b\u207f","article_modified_time":"2026-01-20T08:32:41+00:00","og_image":[{"width":1024,"height":1024,"url":"http:\/\/giaytot.vn\/wp-content\/uploads\/2026\/01\/z7447244558672_89b040049afb0f082a19e7956140f0b5.jpg","type":"image\/jpeg"}],"twitter_card":"summary_large_image","twitter_misc":{"\u01af\u1edbc t\u00ednh th\u1eddi gian \u0111\u1ecdc":"2 ph\u00fat"},"schema":{"@context":"https:\/\/schema.org","@graph":[{"@type":"WebPage","@id":"http:\/\/giaytot.vn\/index.php\/product\/giay-cong-so-da-bo-nam\/","url":"http:\/\/giaytot.vn\/index.php\/product\/giay-cong-so-da-bo-nam\/","name":"Gi\u00e0y c\u00f4ng s\u1edf da b\u00f2 nam - \u1d33\u2071\u1d43\u02b8\u1d57\u1d52\u1d57\u00b7\u1d5b\u207f","isPartOf":{"@id":"https:\/\/giaytot.vn\/#website"},"primaryImageOfPage":{"@id":"http:\/\/giaytot.vn\/index.php\/product\/giay-cong-so-da-bo-nam\/#primaryimage"},"image":{"@id":"http:\/\/giaytot.vn\/index.php\/product\/giay-cong-so-da-bo-nam\/#primaryimage"},"thumbnailUrl":"https:\/\/giaytot.vn\/wp-content\/uploads\/2026\/01\/z7447244558672_89b040049afb0f082a19e7956140f0b5.jpg","datePublished":"2026-01-10T06:56:33+00:00","dateModified":"2026-01-20T08:32:41+00:00","description":"Gi\u00e0y c\u00f4ng s\u1edf nam \u0111\u01b0\u1ee3c ch\u1ebf t\u00e1c t\u1eeb da b\u00f2 th\u1eadt cao c\u1ea5p, b\u1ec1 m\u1eb7t da m\u1ecbn, m\u1ec1m v\u00e0 c\u00f3 \u0111\u1ed9 b\u1ec1n cao, c\u00e0ng s\u1eed d\u1ee5ng c\u00e0ng \u0111\u1eb9p. Thi\u1ebft k\u1ebf form d\u00e1ng chu\u1ea9n,","breadcrumb":{"@id":"http:\/\/giaytot.vn\/index.php\/product\/giay-cong-so-da-bo-nam\/#breadcrumb"},"inLanguage":"vi","potentialAction":[{"@type":"ReadAction","target":["http:\/\/giaytot.vn\/index.php\/product\/giay-cong-so-da-bo-nam\/"]}]},{"@type":"ImageObject","inLanguage":"vi","@id":"http:\/\/giaytot.vn\/index.php\/product\/giay-cong-so-da-bo-nam\/#primaryimage","url":"https:\/\/giaytot.vn\/wp-content\/uploads\/2026\/01\/z7447244558672_89b040049afb0f082a19e7956140f0b5.jpg","contentUrl":"https:\/\/giaytot.vn\/wp-content\/uploads\/2026\/01\/z7447244558672_89b040049afb0f082a19e7956140f0b5.jpg","width":1024,"height":1024},{"@type":"BreadcrumbList","@id":"http:\/\/giaytot.vn\/index.php\/product\/giay-cong-so-da-bo-nam\/#breadcrumb","itemListElement":[{"@type":"ListItem","position":1,"name":"Trang ch\u1ee7","item":"https:\/\/giaytot.vn\/"},{"@type":"ListItem","position":2,"name":"Shop","item":"https:\/\/giaytot.vn\/index.php\/shop\/"},{"@type":"ListItem","position":3,"name":"Gi\u00e0y c\u00f4ng s\u1edf da b\u00f2 nam"}]},{"@type":"WebSite","@id":"https:\/\/giaytot.vn\/#website","url":"https:\/\/giaytot.vn\/","name":"giaytot.vn","description":"","publisher":{"@id":"https:\/\/giaytot.vn\/#organization"},"potentialAction":[{"@type":"SearchAction","target":{"@type":"EntryPoint","urlTemplate":"https:\/\/giaytot.vn\/?s={search_term_string}"},"query-input":{"@type":"PropertyValueSpecification","valueRequired":true,"valueName":"search_term_string"}}],"inLanguage":"vi"},{"@type":"Organization","@id":"https:\/\/giaytot.vn\/#organization","name":"giaytot.vn","url":"https:\/\/giaytot.vn\/","logo":{"@type":"ImageObject","inLanguage":"vi","@id":"https:\/\/giaytot.vn\/#\/schema\/logo\/image\/","url":"http:\/\/giaytot.vn\/wp-content\/uploads\/2026\/01\/cropped-GGIAYTOT.VN-5.png","contentUrl":"http:\/\/giaytot.vn\/wp-content\/uploads\/2026\/01\/cropped-GGIAYTOT.VN-5.png","width":512,"height":512,"caption":"giaytot.vn"},"image":{"@id":"https:\/\/giaytot.vn\/#\/schema\/logo\/image\/"}}]}},"jetpack_sharing_enabled":true,"_links":{"self":[{"href":"https:\/\/giaytot.vn\/index.php\/wp-json\/wp\/v2\/product\/233","targetHints":{"allow":["GET"]}}],"collection":[{"href":"https:\/\/giaytot.vn\/index.php\/wp-json\/wp\/v2\/product"}],"about":[{"href":"https:\/\/giaytot.vn\/index.php\/wp-json\/wp\/v2\/types\/product"}],"replies":[{"embeddable":true,"href":"https:\/\/giaytot.vn\/index.php\/wp-json\/wp\/v2\/comments?post=233"}],"wp:featuredmedia":[{"embeddable":true,"href":"https:\/\/giaytot.vn\/index.php\/wp-json\/wp\/v2\/media\/326"}],"wp:attachment":[{"href":"https:\/\/giaytot.vn\/index.php\/wp-json\/wp\/v2\/media?parent=233"}],"wp:term":[{"taxonomy":"product_brand","embeddable":true,"href":"https:\/\/giaytot.vn\/index.php\/wp-json\/wp\/v2\/product_brand?post=233"},{"taxonomy":"product_cat","embeddable":true,"href":"https:\/\/giaytot.vn\/index.php\/wp-json\/wp\/v2\/product_cat?post=233"},{"taxonomy":"product_tag","embeddable":true,"href":"https:\/\/giaytot.vn\/index.php\/wp-json\/wp\/v2\/product_tag?post=233"}],"curies":[{"name":"wp","href":"https:\/\/api.w.org\/{rel}","templated":true}]}}