{"id":355,"date":"2026-01-21T08:29:21","date_gmt":"2026-01-21T08:29:21","guid":{"rendered":"https:\/\/giaytot.vn\/?post_type=product&#038;p=355"},"modified":"2026-01-21T08:31:46","modified_gmt":"2026-01-21T08:31:46","slug":"giay-luoi-da-bo-dap-van-ca-sau-cao-cap","status":"publish","type":"product","link":"https:\/\/giaytot.vn\/index.php\/product\/giay-luoi-da-bo-dap-van-ca-sau-cao-cap\/","title":{"rendered":"Gi\u00e0y l\u01b0\u1eddi da b\u00f2 d\u1eadp v\u00e2n c\u00e1 s\u1ea5u cao c\u1ea5p"},"content":{"rendered":"<p data-start=\"0\" data-end=\"228\"><strong data-start=\"0\" data-end=\"42\">Gi\u00e0y l\u01b0\u1eddi da b\u00f2 d\u1eadp v\u00e2n c\u00e1 s\u1ea5u cao c\u1ea5p<\/strong> l\u00e0 m\u1ed9t m\u00f3n ph\u1ee5 ki\u1ec7n th\u1eddi trang nam sang tr\u1ecdng, k\u1ebft h\u1ee3p gi\u1eefa ch\u1ea5t li\u1ec7u da th\u1eadt v\u00e0 h\u1ecda ti\u1ebft gi\u1ea3 v\u00e2n c\u00e1 s\u1ea5u, t\u1ea1o n\u00ean v\u1ebb l\u1ecbch l\u00e3m, \u0111\u1eb3ng c\u1ea5p nh\u01b0ng v\u1eabn d\u1ec5 ph\u1ed1i \u0111\u1ed3. D\u01b0\u1edbi \u0111\u00e2y l\u00e0 m\u00f4 t\u1ea3 chi ti\u1ebft:<\/p>\n<hr data-start=\"230\" data-end=\"233\" \/>\n<h2 data-start=\"235\" data-end=\"250\">\ud83d\udc5e T\u1ed5ng quan<\/h2>\n<p data-start=\"252\" data-end=\"534\">Gi\u00e0y l\u01b0\u1eddi da b\u00f2 d\u1eadp v\u00e2n c\u00e1 s\u1ea5u cao c\u1ea5p l\u00e0 ki\u1ec3u <strong data-start=\"299\" data-end=\"317\">loafer\/slip-on<\/strong> kh\u00f4ng d\u00e2y bu\u1ed9c, l\u00e0m ho\u00e0n to\u00e0n (ho\u1eb7c ch\u1ee7 y\u1ebfu) t\u1eeb <strong data-start=\"366\" data-end=\"380\">da b\u00f2 th\u1eadt<\/strong> \u0111\u01b0\u1ee3c <strong data-start=\"386\" data-end=\"413\">d\u1eadp v\u00e2n h\u1ecda ti\u1ebft c\u00e1 s\u1ea5u<\/strong>. \u0110\u00e2y l\u00e0 m\u1ed9t trong nh\u1eefng l\u1ef1a ch\u1ecdn ph\u1ed5 bi\u1ebfn cho phong c\u00e1ch <strong data-start=\"471\" data-end=\"487\">smart casual<\/strong> ho\u1eb7c <strong data-start=\"493\" data-end=\"503\">formal<\/strong> l\u1ecbch s\u1ef1 nh\u01b0ng v\u1eabn tho\u1ea3i m\u00e1i.<\/p>\n<hr data-start=\"536\" data-end=\"539\" \/>\n<h2 data-start=\"541\" data-end=\"556\">\ud83d\udc02 Ch\u1ea5t li\u1ec7u<\/h2>\n<ul data-start=\"558\" data-end=\"852\">\n<li data-start=\"558\" data-end=\"623\">\n<p data-start=\"560\" data-end=\"623\"><strong data-start=\"560\" data-end=\"582\">Da b\u00f2 th\u1eadt cao c\u1ea5p<\/strong>: m\u1ec1m, b\u00e1m m\u00e0u \u0111\u1eb9p, b\u1ec1n theo th\u1eddi gian.<\/p>\n<\/li>\n<li data-start=\"624\" data-end=\"764\">\n<p data-start=\"626\" data-end=\"764\"><strong data-start=\"626\" data-end=\"648\">V\u00e2n c\u00e1 s\u1ea5u d\u1eadp n\u1ed5i<\/strong>: k\u1ef9 thu\u1eadt d\u1eadp khu\u00f4n t\u1ea1o h\u1ecda ti\u1ebft v\u00e2n c\u00e1 s\u1ea5u tinh x\u1ea3o tr\u00ean b\u1ec1 m\u1eb7t da, tr\u00f4ng sang tr\u1ecdng nh\u01b0ng kh\u00f4ng qu\u00e1 ph\u00f4 tr\u01b0\u01a1ng.<\/p>\n<\/li>\n<li data-start=\"765\" data-end=\"852\">\n<p data-start=\"767\" data-end=\"852\"><strong data-start=\"767\" data-end=\"813\">L\u00f3t trong b\u1eb1ng da ho\u1eb7c da t\u1ed5ng h\u1ee3p cao c\u1ea5p<\/strong>: tho\u00e1ng kh\u00ed, \u00eam ch\u00e2n khi \u0111i nhi\u1ec1u gi\u1edd.<\/p>\n<\/li>\n<\/ul>\n<hr data-start=\"854\" data-end=\"857\" \/>\n<h2 data-start=\"859\" data-end=\"873\">\ud83e\uddf5 Thi\u1ebft k\u1ebf<\/h2>\n<ul data-start=\"875\" data-end=\"1166\">\n<li data-start=\"875\" data-end=\"943\">\n<p data-start=\"877\" data-end=\"943\"><strong data-start=\"877\" data-end=\"897\">Loafer kh\u00f4ng d\u00e2y<\/strong>: d\u1ec5 x\u1ecf v\u00e0o\/x\u1ecf ra nhanh ch\u00f3ng, r\u1ea5t ti\u1ec7n l\u1ee3i.<\/p>\n<\/li>\n<li data-start=\"944\" data-end=\"997\">\n<p data-start=\"946\" data-end=\"997\"><strong data-start=\"946\" data-end=\"962\">Form \u00f4m ch\u00e2n<\/strong>: t\u1ea1o c\u1ea3m gi\u00e1c g\u1ecdn g\u00e0ng, l\u1ecbch s\u1ef1.<\/p>\n<\/li>\n<li data-start=\"998\" data-end=\"1086\">\n<p data-start=\"1000\" data-end=\"1086\"><strong data-start=\"1000\" data-end=\"1019\">\u0110\u1ebf gi\u00e0y cao c\u1ea5p<\/strong>: th\u01b0\u1eddng l\u00e0 \u0111\u1ebf cao su ho\u1eb7c da b\u1ecdc cao c\u1ea5p, \u0111\u1ed9 b\u00e1m t\u1ed1t v\u00e0 \u0111\u00e0n h\u1ed3i.<\/p>\n<\/li>\n<li data-start=\"1087\" data-end=\"1166\">\n<p data-start=\"1089\" data-end=\"1166\"><strong data-start=\"1089\" data-end=\"1109\">M\u00e0u s\u1eafc ph\u1ed5 bi\u1ebfn<\/strong>: \u0111en, n\u00e2u s\u1eabm, n\u00e2u \u0111\u1ea5t \u2014 d\u1ec5 ph\u1ed1i v\u1edbi nhi\u1ec1u trang ph\u1ee5c.<\/p>\n<\/li>\n<\/ul>\n<hr data-start=\"1168\" data-end=\"1171\" \/>\n<h2 data-start=\"1173\" data-end=\"1186\">\ud83d\udccf \u01afu \u0111i\u1ec3m<\/h2>\n<p data-start=\"1188\" data-end=\"1339\">\u2705 <strong data-start=\"1190\" data-end=\"1214\">Sang tr\u1ecdng &amp; tinh t\u1ebf<\/strong><br data-start=\"1214\" data-end=\"1217\" \/>H\u1ecda ti\u1ebft v\u00e2n c\u00e1 s\u1ea5u mang \u0111\u1ebfn v\u1ebb th\u01b0\u1ee3ng l\u01b0u m\u00e0 v\u1eabn l\u1ecbch s\u1ef1, ph\u00f9 h\u1ee3p v\u1edbi m\u00f4i tr\u01b0\u1eddng c\u00f4ng s\u1edf, d\u1ef1 ti\u1ec7c ho\u1eb7c g\u1eb7p g\u1ee1 kh\u00e1ch h\u00e0ng.<\/p>\n<p data-start=\"1341\" data-end=\"1456\">\u2705 <strong data-start=\"1343\" data-end=\"1367\">Tho\u1ea3i m\u00e1i khi \u0111i l\u1ea1i<\/strong><br data-start=\"1367\" data-end=\"1370\" \/>Do l\u00e0 ki\u1ec3u gi\u00e0y l\u01b0\u1eddi kh\u00f4ng d\u00e2y, kh\u00f4ng g\u00f2 b\u00f3, d\u1ec5 d\u00e0ng mang \u0111i c\u1ea3 ng\u00e0y m\u00e0 v\u1eabn tho\u1ea3i m\u00e1i.<\/p>\n<p data-start=\"1458\" data-end=\"1552\">\u2705 <strong data-start=\"1460\" data-end=\"1474\">\u0110\u1ed9 b\u1ec1n cao<\/strong><br data-start=\"1474\" data-end=\"1477\" \/>Da b\u00f2 th\u1eadt n\u1ebfu \u0111\u01b0\u1ee3c ch\u0103m s\u00f3c \u0111\u00fang c\u00e1ch s\u1ebd b\u1ec1n l\u00e2u, c\u00e0ng \u0111i c\u00e0ng m\u1ec1m v\u00e0 \u0111\u1eb9p.<\/p>\n<hr data-start=\"1554\" data-end=\"1557\" \/>\n<h2 data-start=\"1559\" data-end=\"1583\">\ud83c\udfaf Phong c\u00e1ch ph\u1ed1i \u0111\u1ed3<\/h2>\n<p data-start=\"1585\" data-end=\"1647\">Gi\u00e0y l\u01b0\u1eddi da b\u00f2 d\u1eadp v\u00e2n c\u00e1 s\u1ea5u cao c\u1ea5p ph\u00f9 h\u1ee3p khi ph\u1ed1i v\u1edbi:<\/p>\n<ul data-start=\"1648\" data-end=\"1820\">\n<li data-start=\"1648\" data-end=\"1709\">\n<p data-start=\"1650\" data-end=\"1709\"><strong data-start=\"1650\" data-end=\"1672\">Qu\u1ea7n t\u00e2y, \u00e1o s\u01a1 mi<\/strong> \u2014 cho trang ph\u1ee5c c\u00f4ng s\u1edf, d\u1ef1 ti\u1ec7c.<\/p>\n<\/li>\n<li data-start=\"1710\" data-end=\"1758\">\n<p data-start=\"1712\" data-end=\"1758\"><strong data-start=\"1712\" data-end=\"1731\">Chinos + blazer<\/strong> \u2014 smart casual l\u1ecbch l\u00e3m.<\/p>\n<\/li>\n<li data-start=\"1759\" data-end=\"1820\">\n<p data-start=\"1761\" data-end=\"1820\"><strong data-start=\"1761\" data-end=\"1777\">Jean t\u1ed1i m\u00e0u<\/strong> \u2014 t\u1ea1o n\u00e9t th\u1eddi trang nh\u01b0ng v\u1eabn thanh l\u1ecbch.<\/p>\n<\/li>\n<\/ul>\n<hr data-start=\"1822\" data-end=\"1825\" \/>\n<h2 data-start=\"1827\" data-end=\"1846\">\ud83e\uddfc Ch\u0103m s\u00f3c gi\u00e0y<\/h2>\n<ul data-start=\"1848\" data-end=\"2084\">\n<li data-start=\"1848\" data-end=\"1936\">\n<p data-start=\"1850\" data-end=\"1936\">V\u1ec7 sinh nh\u1eb9 b\u1eb1ng kh\u0103n \u1ea9m, d\u00f9ng <strong data-start=\"1881\" data-end=\"1900\">kem\/xi d\u01b0\u1ee1ng da<\/strong> \u0111\u1ec3 gi\u1eef \u0111\u1ed9 m\u1ec1m v\u00e0 m\u00e0u da b\u00f3ng b\u1ec1n.<\/p>\n<\/li>\n<li data-start=\"1937\" data-end=\"2022\">\n<p data-start=\"1939\" data-end=\"2022\">Tr\u00e1nh ti\u1ebfp x\u00fac n\u01b0\u1edbc qu\u00e1 l\u00e2u; n\u1ebfu \u01b0\u1edbt, n\u00ean nh\u1ed3i gi\u1ea5y th\u1ea5m n\u01b0\u1edbc v\u00e0 \u0111\u1ec3 kh\u00f4 t\u1ef1 nhi\u00ean.<\/p>\n<\/li>\n<li data-start=\"2023\" data-end=\"2084\">\n<p data-start=\"2025\" data-end=\"2084\">D\u00f9ng <strong data-start=\"2030\" data-end=\"2051\">c\u00e2y gi\u1eef form gi\u00e0y<\/strong> khi kh\u00f4ng mang \u0111\u1ec3 gi\u1eef ki\u1ec3u d\u00e1ng.<\/p>\n<\/li>\n<\/ul>\n<hr data-start=\"2086\" data-end=\"2089\" \/>\n<h2 data-start=\"2091\" data-end=\"2113\">\ud83c\udfa8 \u0110\u1eb7c \u0111i\u1ec3m n\u1ed5i b\u1eadt<\/h2>\n<div class=\"TyagGW_tableContainer\">\n<div class=\"group TyagGW_tableWrapper flex flex-col-reverse w-fit\" tabindex=\"-1\">\n<table class=\"w-fit min-w-(--thread-content-width)\" data-start=\"2115\" data-end=\"2355\">\n<thead data-start=\"2115\" data-end=\"2135\">\n<tr data-start=\"2115\" data-end=\"2135\">\n<th data-start=\"2115\" data-end=\"2126\" data-col-size=\"sm\">Ti\u00eau ch\u00ed<\/th>\n<th data-start=\"2126\" data-end=\"2135\" data-col-size=\"sm\">M\u00f4 t\u1ea3<\/th>\n<\/tr>\n<\/thead>\n<tbody data-start=\"2157\" data-end=\"2355\">\n<tr data-start=\"2157\" data-end=\"2199\">\n<td data-start=\"2157\" data-end=\"2169\" data-col-size=\"sm\">Ch\u1ea5t li\u1ec7u<\/td>\n<td data-col-size=\"sm\" data-start=\"2169\" data-end=\"2199\">Da b\u00f2 th\u1eadt, d\u1eadp v\u00e2n c\u00e1 s\u1ea5u<\/td>\n<\/tr>\n<tr data-start=\"2200\" data-end=\"2236\">\n<td data-start=\"2200\" data-end=\"2213\" data-col-size=\"sm\">Phong c\u00e1ch<\/td>\n<td data-col-size=\"sm\" data-start=\"2213\" data-end=\"2236\">Sang tr\u1ecdng, tinh t\u1ebf<\/td>\n<\/tr>\n<tr data-start=\"2237\" data-end=\"2279\">\n<td data-start=\"2237\" data-end=\"2249\" data-col-size=\"sm\">Ki\u1ec3u d\u00e1ng<\/td>\n<td data-start=\"2249\" data-end=\"2279\" data-col-size=\"sm\">Gi\u00e0y l\u01b0\u1eddi (loafer\/slip-on)<\/td>\n<\/tr>\n<tr data-start=\"2280\" data-end=\"2310\">\n<td data-start=\"2280\" data-end=\"2290\" data-col-size=\"sm\">M\u00e0u s\u1eafc<\/td>\n<td data-col-size=\"sm\" data-start=\"2290\" data-end=\"2310\">\u00a0\u0111en, n\u00e2u<\/td>\n<\/tr>\n<tr data-start=\"2311\" data-end=\"2355\">\n<td data-start=\"2311\" data-end=\"2321\" data-col-size=\"sm\">Ph\u00f9 h\u1ee3p<\/td>\n<td data-start=\"2321\" data-end=\"2355\" data-col-size=\"sm\">C\u00f4ng s\u1edf, s\u1ef1 ki\u1ec7n, smart casual<\/td>\n<\/tr>\n<\/tbody>\n<\/table>\n<\/div>\n<\/div>\n","protected":false},"excerpt":{"rendered":"<p>Gi\u00e0y l\u01b0\u1eddi da b\u00f2 d\u1eadp v\u00e2n c\u00e1 s\u1ea5u cao c\u1ea5p l\u00e0 m\u1ed9t m\u00f3n ph\u1ee5 ki\u1ec7n th\u1eddi trang nam sang tr\u1ecdng, k\u1ebft h\u1ee3p gi\u1eefa ch\u1ea5t li\u1ec7u da th\u1eadt v\u00e0 h\u1ecda ti\u1ebft gi\u1ea3 v\u00e2n c\u00e1 s\u1ea5u, t\u1ea1o n\u00ean v\u1ebb l\u1ecbch l\u00e3m, \u0111\u1eb3ng c\u1ea5p nh\u01b0ng v\u1eabn d\u1ec5 ph\u1ed1i \u0111\u1ed3. D\u01b0\u1edbi \u0111\u00e2y l\u00e0 m\u00f4 t\u1ea3 chi ti\u1ebft: \ud83d\udc5e T\u1ed5ng [&#8230;]\n","protected":false},"featured_media":357,"comment_status":"open","ping_status":"closed","template":"","meta":[],"product_brand":[],"product_cat":[30],"product_tag":[37],"class_list":{"0":"post-355","1":"product","2":"type-product","3":"status-publish","4":"has-post-thumbnail","6":"product_cat-cao-cap","7":"product_tag-giay-luoi-da-bo-dap-van-ca-sau-cao-cap","9":"first","10":"instock","11":"shipping-taxable","12":"purchasable","13":"product-type-variable"},"yoast_head":"<!-- This site is optimized with the Yoast SEO plugin v27.4 - https:\/\/yoast.com\/product\/yoast-seo-wordpress\/ -->\n<title>Gi\u00e0y l\u01b0\u1eddi da b\u00f2 d\u1eadp v\u00e2n c\u00e1 s\u1ea5u cao c\u1ea5p - \u1d33\u2071\u1d43\u02b8\u1d57\u1d52\u1d57\u00b7\u1d5b\u207f<\/title>\n<meta name=\"description\" content=\"Gi\u00e0y l\u01b0\u1eddi da b\u00f2 d\u1eadp v\u00e2n c\u00e1 s\u1ea5u cao c\u1ea5p l\u00e0 m\u1ed9t m\u00f3n ph\u1ee5 ki\u1ec7n th\u1eddi trang nam sang tr\u1ecdng, k\u1ebft h\u1ee3p gi\u1eefa ch\u1ea5t li\u1ec7u da th\u1eadt v\u00e0 h\u1ecda ti\u1ebft gi\u1ea3 v\u00e2n c\u00e1 s\u1ea5u\" \/>\n<meta name=\"robots\" content=\"index, follow, max-snippet:-1, max-image-preview:large, max-video-preview:-1\" \/>\n<link rel=\"canonical\" href=\"https:\/\/giaytot.vn\/index.php\/product\/giay-luoi-da-bo-dap-van-ca-sau-cao-cap\/\" \/>\n<meta property=\"og:locale\" content=\"vi_VN\" \/>\n<meta property=\"og:type\" content=\"article\" \/>\n<meta property=\"og:title\" content=\"Gi\u00e0y l\u01b0\u1eddi da b\u00f2 d\u1eadp v\u00e2n c\u00e1 s\u1ea5u cao c\u1ea5p - \u1d33\u2071\u1d43\u02b8\u1d57\u1d52\u1d57\u00b7\u1d5b\u207f\" \/>\n<meta property=\"og:description\" content=\"Gi\u00e0y l\u01b0\u1eddi da b\u00f2 d\u1eadp v\u00e2n c\u00e1 s\u1ea5u cao c\u1ea5p l\u00e0 m\u1ed9t m\u00f3n ph\u1ee5 ki\u1ec7n th\u1eddi trang nam sang tr\u1ecdng, k\u1ebft h\u1ee3p gi\u1eefa ch\u1ea5t li\u1ec7u da th\u1eadt v\u00e0 h\u1ecda ti\u1ebft gi\u1ea3 v\u00e2n c\u00e1 s\u1ea5u\" \/>\n<meta property=\"og:url\" content=\"https:\/\/giaytot.vn\/index.php\/product\/giay-luoi-da-bo-dap-van-ca-sau-cao-cap\/\" \/>\n<meta property=\"og:site_name\" content=\"\u1d33\u2071\u1d43\u02b8\u1d57\u1d52\u1d57\u00b7\u1d5b\u207f\" \/>\n<meta property=\"article:modified_time\" content=\"2026-01-21T08:31:46+00:00\" \/>\n<meta property=\"og:image\" content=\"https:\/\/giaytot.vn\/wp-content\/uploads\/2026\/01\/z7453430733667_0da99132a8effe6092200de972786873.jpg\" \/>\n\t<meta property=\"og:image:width\" content=\"1024\" \/>\n\t<meta property=\"og:image:height\" content=\"1024\" \/>\n\t<meta property=\"og:image:type\" content=\"image\/jpeg\" \/>\n<meta name=\"twitter:card\" content=\"summary_large_image\" \/>\n<meta name=\"twitter:label1\" content=\"\u01af\u1edbc t\u00ednh th\u1eddi gian \u0111\u1ecdc\" \/>\n\t<meta name=\"twitter:data1\" content=\"3 ph\u00fat\" \/>\n<script type=\"application\/ld+json\" class=\"yoast-schema-graph\">{\"@context\":\"https:\\\/\\\/schema.org\",\"@graph\":[{\"@type\":\"WebPage\",\"@id\":\"https:\\\/\\\/giaytot.vn\\\/index.php\\\/product\\\/giay-luoi-da-bo-dap-van-ca-sau-cao-cap\\\/\",\"url\":\"https:\\\/\\\/giaytot.vn\\\/index.php\\\/product\\\/giay-luoi-da-bo-dap-van-ca-sau-cao-cap\\\/\",\"name\":\"Gi\u00e0y l\u01b0\u1eddi da b\u00f2 d\u1eadp v\u00e2n c\u00e1 s\u1ea5u cao c\u1ea5p - \u1d33\u2071\u1d43\u02b8\u1d57\u1d52\u1d57\u00b7\u1d5b\u207f\",\"isPartOf\":{\"@id\":\"https:\\\/\\\/giaytot.vn\\\/#website\"},\"primaryImageOfPage\":{\"@id\":\"https:\\\/\\\/giaytot.vn\\\/index.php\\\/product\\\/giay-luoi-da-bo-dap-van-ca-sau-cao-cap\\\/#primaryimage\"},\"image\":{\"@id\":\"https:\\\/\\\/giaytot.vn\\\/index.php\\\/product\\\/giay-luoi-da-bo-dap-van-ca-sau-cao-cap\\\/#primaryimage\"},\"thumbnailUrl\":\"https:\\\/\\\/giaytot.vn\\\/wp-content\\\/uploads\\\/2026\\\/01\\\/z7453430733667_0da99132a8effe6092200de972786873.jpg\",\"datePublished\":\"2026-01-21T08:29:21+00:00\",\"dateModified\":\"2026-01-21T08:31:46+00:00\",\"description\":\"Gi\u00e0y l\u01b0\u1eddi da b\u00f2 d\u1eadp v\u00e2n c\u00e1 s\u1ea5u cao c\u1ea5p l\u00e0 m\u1ed9t m\u00f3n ph\u1ee5 ki\u1ec7n th\u1eddi trang nam sang tr\u1ecdng, k\u1ebft h\u1ee3p gi\u1eefa ch\u1ea5t li\u1ec7u da th\u1eadt v\u00e0 h\u1ecda ti\u1ebft gi\u1ea3 v\u00e2n c\u00e1 s\u1ea5u\",\"breadcrumb\":{\"@id\":\"https:\\\/\\\/giaytot.vn\\\/index.php\\\/product\\\/giay-luoi-da-bo-dap-van-ca-sau-cao-cap\\\/#breadcrumb\"},\"inLanguage\":\"vi\",\"potentialAction\":[{\"@type\":\"ReadAction\",\"target\":[\"https:\\\/\\\/giaytot.vn\\\/index.php\\\/product\\\/giay-luoi-da-bo-dap-van-ca-sau-cao-cap\\\/\"]}]},{\"@type\":\"ImageObject\",\"inLanguage\":\"vi\",\"@id\":\"https:\\\/\\\/giaytot.vn\\\/index.php\\\/product\\\/giay-luoi-da-bo-dap-van-ca-sau-cao-cap\\\/#primaryimage\",\"url\":\"https:\\\/\\\/giaytot.vn\\\/wp-content\\\/uploads\\\/2026\\\/01\\\/z7453430733667_0da99132a8effe6092200de972786873.jpg\",\"contentUrl\":\"https:\\\/\\\/giaytot.vn\\\/wp-content\\\/uploads\\\/2026\\\/01\\\/z7453430733667_0da99132a8effe6092200de972786873.jpg\",\"width\":1024,\"height\":1024},{\"@type\":\"BreadcrumbList\",\"@id\":\"https:\\\/\\\/giaytot.vn\\\/index.php\\\/product\\\/giay-luoi-da-bo-dap-van-ca-sau-cao-cap\\\/#breadcrumb\",\"itemListElement\":[{\"@type\":\"ListItem\",\"position\":1,\"name\":\"Trang ch\u1ee7\",\"item\":\"https:\\\/\\\/giaytot.vn\\\/\"},{\"@type\":\"ListItem\",\"position\":2,\"name\":\"Shop\",\"item\":\"https:\\\/\\\/giaytot.vn\\\/index.php\\\/shop\\\/\"},{\"@type\":\"ListItem\",\"position\":3,\"name\":\"Gi\u00e0y l\u01b0\u1eddi da b\u00f2 d\u1eadp v\u00e2n c\u00e1 s\u1ea5u cao c\u1ea5p\"}]},{\"@type\":\"WebSite\",\"@id\":\"https:\\\/\\\/giaytot.vn\\\/#website\",\"url\":\"https:\\\/\\\/giaytot.vn\\\/\",\"name\":\"giaytot.vn\",\"description\":\"\",\"publisher\":{\"@id\":\"https:\\\/\\\/giaytot.vn\\\/#organization\"},\"potentialAction\":[{\"@type\":\"SearchAction\",\"target\":{\"@type\":\"EntryPoint\",\"urlTemplate\":\"https:\\\/\\\/giaytot.vn\\\/?s={search_term_string}\"},\"query-input\":{\"@type\":\"PropertyValueSpecification\",\"valueRequired\":true,\"valueName\":\"search_term_string\"}}],\"inLanguage\":\"vi\"},{\"@type\":\"Organization\",\"@id\":\"https:\\\/\\\/giaytot.vn\\\/#organization\",\"name\":\"giaytot.vn\",\"url\":\"https:\\\/\\\/giaytot.vn\\\/\",\"logo\":{\"@type\":\"ImageObject\",\"inLanguage\":\"vi\",\"@id\":\"https:\\\/\\\/giaytot.vn\\\/#\\\/schema\\\/logo\\\/image\\\/\",\"url\":\"http:\\\/\\\/giaytot.vn\\\/wp-content\\\/uploads\\\/2026\\\/01\\\/cropped-GGIAYTOT.VN-5.png\",\"contentUrl\":\"http:\\\/\\\/giaytot.vn\\\/wp-content\\\/uploads\\\/2026\\\/01\\\/cropped-GGIAYTOT.VN-5.png\",\"width\":512,\"height\":512,\"caption\":\"giaytot.vn\"},\"image\":{\"@id\":\"https:\\\/\\\/giaytot.vn\\\/#\\\/schema\\\/logo\\\/image\\\/\"}}]}<\/script>\n<!-- \/ Yoast SEO plugin. -->","yoast_head_json":{"title":"Gi\u00e0y l\u01b0\u1eddi da b\u00f2 d\u1eadp v\u00e2n c\u00e1 s\u1ea5u cao c\u1ea5p - \u1d33\u2071\u1d43\u02b8\u1d57\u1d52\u1d57\u00b7\u1d5b\u207f","description":"Gi\u00e0y l\u01b0\u1eddi da b\u00f2 d\u1eadp v\u00e2n c\u00e1 s\u1ea5u cao c\u1ea5p l\u00e0 m\u1ed9t m\u00f3n ph\u1ee5 ki\u1ec7n th\u1eddi trang nam sang tr\u1ecdng, k\u1ebft h\u1ee3p gi\u1eefa ch\u1ea5t li\u1ec7u da th\u1eadt v\u00e0 h\u1ecda ti\u1ebft gi\u1ea3 v\u00e2n c\u00e1 s\u1ea5u","robots":{"index":"index","follow":"follow","max-snippet":"max-snippet:-1","max-image-preview":"max-image-preview:large","max-video-preview":"max-video-preview:-1"},"canonical":"https:\/\/giaytot.vn\/index.php\/product\/giay-luoi-da-bo-dap-van-ca-sau-cao-cap\/","og_locale":"vi_VN","og_type":"article","og_title":"Gi\u00e0y l\u01b0\u1eddi da b\u00f2 d\u1eadp v\u00e2n c\u00e1 s\u1ea5u cao c\u1ea5p - \u1d33\u2071\u1d43\u02b8\u1d57\u1d52\u1d57\u00b7\u1d5b\u207f","og_description":"Gi\u00e0y l\u01b0\u1eddi da b\u00f2 d\u1eadp v\u00e2n c\u00e1 s\u1ea5u cao c\u1ea5p l\u00e0 m\u1ed9t m\u00f3n ph\u1ee5 ki\u1ec7n th\u1eddi trang nam sang tr\u1ecdng, k\u1ebft h\u1ee3p gi\u1eefa ch\u1ea5t li\u1ec7u da th\u1eadt v\u00e0 h\u1ecda ti\u1ebft gi\u1ea3 v\u00e2n c\u00e1 s\u1ea5u","og_url":"https:\/\/giaytot.vn\/index.php\/product\/giay-luoi-da-bo-dap-van-ca-sau-cao-cap\/","og_site_name":"\u1d33\u2071\u1d43\u02b8\u1d57\u1d52\u1d57\u00b7\u1d5b\u207f","article_modified_time":"2026-01-21T08:31:46+00:00","og_image":[{"width":1024,"height":1024,"url":"https:\/\/giaytot.vn\/wp-content\/uploads\/2026\/01\/z7453430733667_0da99132a8effe6092200de972786873.jpg","type":"image\/jpeg"}],"twitter_card":"summary_large_image","twitter_misc":{"\u01af\u1edbc t\u00ednh th\u1eddi gian \u0111\u1ecdc":"3 ph\u00fat"},"schema":{"@context":"https:\/\/schema.org","@graph":[{"@type":"WebPage","@id":"https:\/\/giaytot.vn\/index.php\/product\/giay-luoi-da-bo-dap-van-ca-sau-cao-cap\/","url":"https:\/\/giaytot.vn\/index.php\/product\/giay-luoi-da-bo-dap-van-ca-sau-cao-cap\/","name":"Gi\u00e0y l\u01b0\u1eddi da b\u00f2 d\u1eadp v\u00e2n c\u00e1 s\u1ea5u cao c\u1ea5p - \u1d33\u2071\u1d43\u02b8\u1d57\u1d52\u1d57\u00b7\u1d5b\u207f","isPartOf":{"@id":"https:\/\/giaytot.vn\/#website"},"primaryImageOfPage":{"@id":"https:\/\/giaytot.vn\/index.php\/product\/giay-luoi-da-bo-dap-van-ca-sau-cao-cap\/#primaryimage"},"image":{"@id":"https:\/\/giaytot.vn\/index.php\/product\/giay-luoi-da-bo-dap-van-ca-sau-cao-cap\/#primaryimage"},"thumbnailUrl":"https:\/\/giaytot.vn\/wp-content\/uploads\/2026\/01\/z7453430733667_0da99132a8effe6092200de972786873.jpg","datePublished":"2026-01-21T08:29:21+00:00","dateModified":"2026-01-21T08:31:46+00:00","description":"Gi\u00e0y l\u01b0\u1eddi da b\u00f2 d\u1eadp v\u00e2n c\u00e1 s\u1ea5u cao c\u1ea5p l\u00e0 m\u1ed9t m\u00f3n ph\u1ee5 ki\u1ec7n th\u1eddi trang nam sang tr\u1ecdng, k\u1ebft h\u1ee3p gi\u1eefa ch\u1ea5t li\u1ec7u da th\u1eadt v\u00e0 h\u1ecda ti\u1ebft gi\u1ea3 v\u00e2n c\u00e1 s\u1ea5u","breadcrumb":{"@id":"https:\/\/giaytot.vn\/index.php\/product\/giay-luoi-da-bo-dap-van-ca-sau-cao-cap\/#breadcrumb"},"inLanguage":"vi","potentialAction":[{"@type":"ReadAction","target":["https:\/\/giaytot.vn\/index.php\/product\/giay-luoi-da-bo-dap-van-ca-sau-cao-cap\/"]}]},{"@type":"ImageObject","inLanguage":"vi","@id":"https:\/\/giaytot.vn\/index.php\/product\/giay-luoi-da-bo-dap-van-ca-sau-cao-cap\/#primaryimage","url":"https:\/\/giaytot.vn\/wp-content\/uploads\/2026\/01\/z7453430733667_0da99132a8effe6092200de972786873.jpg","contentUrl":"https:\/\/giaytot.vn\/wp-content\/uploads\/2026\/01\/z7453430733667_0da99132a8effe6092200de972786873.jpg","width":1024,"height":1024},{"@type":"BreadcrumbList","@id":"https:\/\/giaytot.vn\/index.php\/product\/giay-luoi-da-bo-dap-van-ca-sau-cao-cap\/#breadcrumb","itemListElement":[{"@type":"ListItem","position":1,"name":"Trang ch\u1ee7","item":"https:\/\/giaytot.vn\/"},{"@type":"ListItem","position":2,"name":"Shop","item":"https:\/\/giaytot.vn\/index.php\/shop\/"},{"@type":"ListItem","position":3,"name":"Gi\u00e0y l\u01b0\u1eddi da b\u00f2 d\u1eadp v\u00e2n c\u00e1 s\u1ea5u cao c\u1ea5p"}]},{"@type":"WebSite","@id":"https:\/\/giaytot.vn\/#website","url":"https:\/\/giaytot.vn\/","name":"giaytot.vn","description":"","publisher":{"@id":"https:\/\/giaytot.vn\/#organization"},"potentialAction":[{"@type":"SearchAction","target":{"@type":"EntryPoint","urlTemplate":"https:\/\/giaytot.vn\/?s={search_term_string}"},"query-input":{"@type":"PropertyValueSpecification","valueRequired":true,"valueName":"search_term_string"}}],"inLanguage":"vi"},{"@type":"Organization","@id":"https:\/\/giaytot.vn\/#organization","name":"giaytot.vn","url":"https:\/\/giaytot.vn\/","logo":{"@type":"ImageObject","inLanguage":"vi","@id":"https:\/\/giaytot.vn\/#\/schema\/logo\/image\/","url":"http:\/\/giaytot.vn\/wp-content\/uploads\/2026\/01\/cropped-GGIAYTOT.VN-5.png","contentUrl":"http:\/\/giaytot.vn\/wp-content\/uploads\/2026\/01\/cropped-GGIAYTOT.VN-5.png","width":512,"height":512,"caption":"giaytot.vn"},"image":{"@id":"https:\/\/giaytot.vn\/#\/schema\/logo\/image\/"}}]}},"jetpack_sharing_enabled":true,"_links":{"self":[{"href":"https:\/\/giaytot.vn\/index.php\/wp-json\/wp\/v2\/product\/355","targetHints":{"allow":["GET"]}}],"collection":[{"href":"https:\/\/giaytot.vn\/index.php\/wp-json\/wp\/v2\/product"}],"about":[{"href":"https:\/\/giaytot.vn\/index.php\/wp-json\/wp\/v2\/types\/product"}],"replies":[{"embeddable":true,"href":"https:\/\/giaytot.vn\/index.php\/wp-json\/wp\/v2\/comments?post=355"}],"wp:featuredmedia":[{"embeddable":true,"href":"https:\/\/giaytot.vn\/index.php\/wp-json\/wp\/v2\/media\/357"}],"wp:attachment":[{"href":"https:\/\/giaytot.vn\/index.php\/wp-json\/wp\/v2\/media?parent=355"}],"wp:term":[{"taxonomy":"product_brand","embeddable":true,"href":"https:\/\/giaytot.vn\/index.php\/wp-json\/wp\/v2\/product_brand?post=355"},{"taxonomy":"product_cat","embeddable":true,"href":"https:\/\/giaytot.vn\/index.php\/wp-json\/wp\/v2\/product_cat?post=355"},{"taxonomy":"product_tag","embeddable":true,"href":"https:\/\/giaytot.vn\/index.php\/wp-json\/wp\/v2\/product_tag?post=355"}],"curies":[{"name":"wp","href":"https:\/\/api.w.org\/{rel}","templated":true}]}}