{"id":405,"date":"2026-01-22T11:29:51","date_gmt":"2026-01-22T11:29:51","guid":{"rendered":"https:\/\/giaytot.vn\/?post_type=product&#038;p=405"},"modified":"2026-01-22T11:30:25","modified_gmt":"2026-01-22T11:30:25","slug":"giay-luoi-suc-da-bo-cao-cap","status":"publish","type":"product","link":"https:\/\/giaytot.vn\/index.php\/product\/giay-luoi-suc-da-bo-cao-cap\/","title":{"rendered":"Gi\u00e0y l\u01b0\u1eddi s\u1ee5c da b\u00f2 cao c\u1ea5p"},"content":{"rendered":"<h3 data-start=\"92\" data-end=\"130\">\ud83d\udc5e <strong data-start=\"99\" data-end=\"130\">Gi\u00e0y l\u01b0\u1eddi s\u1ee5c da b\u00f2 cao c\u1ea5p<\/strong><\/h3>\n<p data-start=\"132\" data-end=\"287\">\u0110\u00f4i gi\u00e0y l\u01b0\u1eddi s\u1ee5c da b\u00f2 cao c\u1ea5p l\u00e0 bi\u1ec3u t\u01b0\u1ee3ng c\u1ee7a <strong data-start=\"182\" data-end=\"238\">phong c\u00e1ch l\u1ecbch l\u00e3m, sang tr\u1ecdng v\u00e0 tho\u1ea3i m\u00e1i tinh t\u1ebf<\/strong> \u2014 ph\u00f9 h\u1ee3p c\u1ea3 khi \u0111i h\u1ecdc, \u0111i ch\u01a1i hay d\u1ef1 s\u1ef1 ki\u1ec7n.<\/p>\n<p data-start=\"289\" data-end=\"306\"><strong data-start=\"289\" data-end=\"306\">\ud83c\udfa8 Ch\u1ea5t li\u1ec7u:<\/strong><\/p>\n<ul data-start=\"307\" data-end=\"576\">\n<li data-start=\"307\" data-end=\"388\">\n<p data-start=\"309\" data-end=\"388\"><strong data-start=\"309\" data-end=\"328\">Da b\u00f2 th\u1eadt 100%<\/strong> v\u1edbi b\u1ec1 m\u1eb7t m\u1ecbn m\u00e0ng, t\u1ef1 nhi\u00ean v\u00e0 c\u1ea3m gi\u00e1c m\u1ec1m khi ch\u1ea1m v\u00e0o.<\/p>\n<\/li>\n<li data-start=\"389\" data-end=\"476\">\n<p data-start=\"391\" data-end=\"476\">Da \u0111\u01b0\u1ee3c x\u1eed l\u00fd k\u1ef9 thu\u1eadt cao, kh\u00f4ng n\u1ebfp g\u1ea5p x\u1ea5u v\u00e0 <strong data-start=\"440\" data-end=\"475\">\u0111\u1ed9 b\u1ec1n v\u01b0\u1ee3t tr\u1ed9i theo th\u1eddi gian<\/strong>.<\/p>\n<\/li>\n<li data-start=\"477\" data-end=\"576\">\n<p data-start=\"479\" data-end=\"576\">M\u00e0u s\u1eafc th\u01b0\u1eddng l\u00e0 \u0111\u1eadm nh\u1ea1t tinh t\u1ebf nh\u01b0 n\u00e2u, \u0111en, cognac, ph\u00f9 h\u1ee3p v\u1edbi nhi\u1ec1u phong c\u00e1ch trang ph\u1ee5c.<\/p>\n<\/li>\n<\/ul>\n<p data-start=\"578\" data-end=\"594\"><strong data-start=\"578\" data-end=\"594\">\ud83d\udc63 Thi\u1ebft k\u1ebf:<\/strong><\/p>\n<ul data-start=\"595\" data-end=\"889\">\n<li data-start=\"595\" data-end=\"678\">\n<p data-start=\"597\" data-end=\"678\">Ki\u1ec3u <strong data-start=\"602\" data-end=\"628\">gi\u00e0y l\u01b0\u1eddi s\u1ee5c (loafer)<\/strong> kh\u00f4ng bu\u1ed9c d\u00e2y \u2014 d\u1ec5 mang, d\u1ec5 c\u1edfi v\u00e0 r\u1ea5t ti\u1ec7n l\u1ee3i.<\/p>\n<\/li>\n<li data-start=\"679\" data-end=\"729\">\n<p data-start=\"681\" data-end=\"729\">\u0110\u01b0\u1eddng may t\u1ec9 m\u1ec9, \u0111\u1ec1u \u0111\u1eb7n, kh\u00f4ng b\u1ecb l\u1ed7i ch\u1ec9 th\u1eeba.<\/p>\n<\/li>\n<li data-start=\"730\" data-end=\"813\">\n<p data-start=\"732\" data-end=\"813\">Form gi\u00e0y <strong data-start=\"742\" data-end=\"773\">\u00f4n h\u00f2a, \u00f4m v\u1eeba v\u1eb7n b\u00e0n ch\u00e2n<\/strong> nh\u01b0ng v\u1eabn \u0111\u1ee7 tho\u1ea3i m\u00e1i cho c\u1ea3 ng\u00e0y d\u00e0i.<\/p>\n<\/li>\n<li data-start=\"814\" data-end=\"889\">\n<p data-start=\"816\" data-end=\"889\">Ph\u1ea7n m\u0169i gi\u00e0y th\u01b0\u1eddng bo tr\u00f2n nh\u1eb9, to\u00e1t l\u00ean v\u1ebb <strong data-start=\"862\" data-end=\"888\">tr\u01b0\u1edfng th\u00e0nh &amp; l\u1ecbch s\u1ef1<\/strong>.<\/p>\n<\/li>\n<\/ul>\n<p data-start=\"891\" data-end=\"907\"><strong data-start=\"891\" data-end=\"907\">\ud83e\uddb6 \u0110\u1ebf &amp; L\u00f3t:<\/strong><\/p>\n<ul data-start=\"908\" data-end=\"1061\">\n<li data-start=\"908\" data-end=\"983\">\n<p data-start=\"910\" data-end=\"983\"><strong data-start=\"910\" data-end=\"949\">\u0110\u1ebf cao su ho\u1eb7c \u0111\u1ebf da ch\u1ea5t l\u01b0\u1ee3ng cao<\/strong> gi\u00fap t\u0103ng \u0111\u1ed9 b\u00e1m, nh\u1eb9 v\u00e0 \u00eam ch\u00e2n.<\/p>\n<\/li>\n<li data-start=\"984\" data-end=\"1061\">\n<p data-start=\"986\" data-end=\"1061\">L\u1edbp l\u00f3t m\u1ec1m, tho\u00e1ng kh\u00ed, h\u1ea1n ch\u1ebf m\u00f9i v\u00e0 t\u1ea1o c\u1ea3m gi\u00e1c d\u1ec5 ch\u1ecbu khi di chuy\u1ec3n.<\/p>\n<\/li>\n<\/ul>\n<p data-start=\"1063\" data-end=\"1089\"><strong data-start=\"1063\" data-end=\"1089\">\ud83d\udcbc Phong c\u00e1ch ph\u1ed1i \u0111\u1ed3:<\/strong><\/p>\n<ul data-start=\"1090\" data-end=\"1208\">\n<li data-start=\"1090\" data-end=\"1152\">\n<p data-start=\"1092\" data-end=\"1152\">Ph\u00f9 h\u1ee3p v\u1edbi <strong data-start=\"1104\" data-end=\"1151\">qu\u1ea7n chinos, jean t\u1ed1i m\u00e0u, ho\u1eb7c suit casual<\/strong>.<\/p>\n<\/li>\n<li data-start=\"1153\" data-end=\"1208\">\n<p data-start=\"1155\" data-end=\"1208\">D\u1ec5 mix \u0111\u1ed3 t\u1eeb phong c\u00e1ch smart casual \u0111\u1ebfn semi-formal.<\/p>\n<\/li>\n<\/ul>\n<p data-start=\"1210\" data-end=\"1226\"><strong data-start=\"1210\" data-end=\"1226\">\ud83e\uddfc B\u1ea3o qu\u1ea3n:<\/strong><\/p>\n<ul data-start=\"1227\" data-end=\"1353\">\n<li data-start=\"1227\" data-end=\"1307\">\n<p data-start=\"1229\" data-end=\"1307\">Lau ch\u00f9i b\u1eb1ng kh\u0103n m\u1ec1m, d\u00f9ng xi \u0111\u00e1nh gi\u00e0y ph\u00f9 h\u1ee3p \u0111\u1ec3 gi\u1eef \u0111\u1ed9 b\u00f3ng v\u00e0 b\u1ea3o v\u1ec7 da.<\/p>\n<\/li>\n<li data-start=\"1308\" data-end=\"1353\">\n<p data-start=\"1310\" data-end=\"1353\">Tr\u00e1nh \u0111\u1ec3 n\u01a1i \u1ea9m \u01b0\u1edbt \u0111\u1ec3 gi\u1eef da lu\u00f4n b\u1ec1n \u0111\u1eb9p.<\/p>\n<\/li>\n<\/ul>\n<h3 data-start=\"134\" data-end=\"194\">\ud83d\udee1 <strong data-start=\"141\" data-end=\"194\">Ch\u00ednh s\u00e1ch b\u1ea3o h\u00e0nh \u2013 Gi\u00e0y l\u01b0\u1eddi s\u1ee5c da b\u00f2 cao c\u1ea5p<\/strong><\/h3>\n<p data-start=\"196\" data-end=\"341\">S\u1ea3n ph\u1ea9m <strong data-start=\"205\" data-end=\"236\">gi\u00e0y l\u01b0\u1eddi s\u1ee5c da b\u00f2 cao c\u1ea5p<\/strong> \u0111\u01b0\u1ee3c \u00e1p d\u1ee5ng <strong data-start=\"250\" data-end=\"292\">ch\u00ednh s\u00e1ch b\u1ea3o h\u00e0nh r\u00f5 r\u00e0ng, minh b\u1ea1ch<\/strong>, cam k\u1ebft ch\u1ea5t l\u01b0\u1ee3ng v\u00e0 quy\u1ec1n l\u1ee3i cho kh\u00e1ch h\u00e0ng.<\/p>\n<p data-start=\"343\" data-end=\"370\"><strong data-start=\"343\" data-end=\"368\">\u23f1 Th\u1eddi gian b\u1ea3o h\u00e0nh:<\/strong><\/p>\n<ul data-start=\"371\" data-end=\"431\">\n<li data-start=\"371\" data-end=\"431\">\n<p data-start=\"373\" data-end=\"431\">B\u1ea3o h\u00e0nh <strong data-start=\"382\" data-end=\"396\">6\u201312 th\u00e1ng<\/strong> (t\u00f9y nh\u00e0 b\u00e1n) k\u1ec3 t\u1eeb ng\u00e0y mua h\u00e0ng.<\/p>\n<\/li>\n<\/ul>\n<p data-start=\"433\" data-end=\"457\"><strong data-start=\"433\" data-end=\"457\">\ud83d\udccc Ph\u1ea1m vi b\u1ea3o h\u00e0nh:<\/strong><\/p>\n<ul data-start=\"458\" data-end=\"595\">\n<li data-start=\"458\" data-end=\"502\">\n<p data-start=\"460\" data-end=\"502\">Bong keo, h\u1edf \u0111\u1ebf do l\u1ed7i k\u1ef9 thu\u1eadt s\u1ea3n xu\u1ea5t<\/p>\n<\/li>\n<li data-start=\"503\" data-end=\"530\">\n<p data-start=\"505\" data-end=\"530\">\u0110\u1ee9t ch\u1ec9, bung \u0111\u01b0\u1eddng may<\/p>\n<\/li>\n<li data-start=\"531\" data-end=\"595\">\n<p data-start=\"533\" data-end=\"595\">L\u1ed7i da (n\u1ee9t, bong tr\u00f3c b\u1ea5t th\u01b0\u1eddng kh\u00f4ng do t\u00e1c \u0111\u1ed9ng b\u00ean ngo\u00e0i)<\/p>\n<\/li>\n<\/ul>\n<p data-start=\"597\" data-end=\"635\"><strong data-start=\"597\" data-end=\"635\">\ud83d\udeab Kh\u00f4ng \u00e1p d\u1ee5ng b\u1ea3o h\u00e0nh \u0111\u1ed1i v\u1edbi:<\/strong><\/p>\n<ul data-start=\"636\" data-end=\"824\">\n<li data-start=\"636\" data-end=\"680\">\n<p data-start=\"638\" data-end=\"680\">Hao m\u00f2n t\u1ef1 nhi\u00ean trong qu\u00e1 tr\u00ecnh s\u1eed d\u1ee5ng<\/p>\n<\/li>\n<li data-start=\"681\" data-end=\"740\">\n<p data-start=\"683\" data-end=\"740\">Tr\u1ea7y x\u01b0\u1edbc, r\u00e1ch da do va ch\u1ea1m m\u1ea1nh, ng\u1eadp n\u01b0\u1edbc, h\u00f3a ch\u1ea5t<\/p>\n<\/li>\n<li data-start=\"741\" data-end=\"795\">\n<p data-start=\"743\" data-end=\"795\">S\u1eed d\u1ee5ng sai m\u1ee5c \u0111\u00edch ho\u1eb7c b\u1ea3o qu\u1ea3n kh\u00f4ng \u0111\u00fang c\u00e1ch<\/p>\n<\/li>\n<li data-start=\"796\" data-end=\"824\">\n<p data-start=\"798\" data-end=\"824\">T\u1ef1 \u00fd s\u1eeda ch\u1eefa t\u1ea1i n\u01a1i kh\u00e1c<\/p>\n<\/li>\n<\/ul>\n<p data-start=\"826\" data-end=\"852\"><strong data-start=\"826\" data-end=\"852\">\ud83d\udd04 H\u00ecnh th\u1ee9c b\u1ea3o h\u00e0nh:<\/strong><\/p>\n<ul data-start=\"853\" data-end=\"1016\">\n<li data-start=\"853\" data-end=\"941\">\n<p data-start=\"855\" data-end=\"941\">S\u1eeda ch\u1eefa mi\u1ec5n ph\u00ed ho\u1eb7c <strong data-start=\"878\" data-end=\"898\">\u0111\u1ed5i m\u1edbi s\u1ea3n ph\u1ea9m<\/strong> n\u1ebfu l\u1ed7i nghi\u00eam tr\u1ecdng kh\u00f4ng th\u1ec3 kh\u1eafc ph\u1ee5c<\/p>\n<\/li>\n<li data-start=\"942\" data-end=\"1016\">\n<p data-start=\"944\" data-end=\"1016\">Th\u1eddi gian x\u1eed l\u00fd nhanh ch\u00f3ng, \u0111\u1ea3m b\u1ea3o tr\u1ea3i nghi\u1ec7m t\u1ed1t nh\u1ea5t cho kh\u00e1ch h\u00e0ng<\/p>\n<\/li>\n<\/ul>\n<p data-start=\"1018\" data-end=\"1044\"><strong data-start=\"1018\" data-end=\"1044\">\ud83d\udcde \u0110i\u1ec1u ki\u1ec7n b\u1ea3o h\u00e0nh:<\/strong><\/p>\n<ul data-start=\"1045\" data-end=\"1143\">\n<li data-start=\"1045\" data-end=\"1085\">\n<p data-start=\"1047\" data-end=\"1085\">S\u1ea3n ph\u1ea9m c\u00f2n trong th\u1eddi h\u1ea1n b\u1ea3o h\u00e0nh<\/p>\n<\/li>\n<li data-start=\"1086\" data-end=\"1143\">\n<p data-start=\"1088\" data-end=\"1143\">C\u00f3 h\u00f3a \u0111\u01a1n mua h\u00e0ng ho\u1eb7c th\u00f4ng tin x\u00e1c nh\u1eadn t\u1eeb c\u1eeda h\u00e0ng<\/p>\n<\/li>\n<\/ul>\n","protected":false},"excerpt":{"rendered":"<p>\ud83d\udc5e Gi\u00e0y l\u01b0\u1eddi s\u1ee5c da b\u00f2 cao c\u1ea5p \u0110\u00f4i gi\u00e0y l\u01b0\u1eddi s\u1ee5c da b\u00f2 cao c\u1ea5p l\u00e0 bi\u1ec3u t\u01b0\u1ee3ng c\u1ee7a phong c\u00e1ch l\u1ecbch l\u00e3m, sang tr\u1ecdng v\u00e0 tho\u1ea3i m\u00e1i tinh t\u1ebf \u2014 ph\u00f9 h\u1ee3p c\u1ea3 khi \u0111i h\u1ecdc, \u0111i ch\u01a1i hay d\u1ef1 s\u1ef1 ki\u1ec7n. \ud83c\udfa8 Ch\u1ea5t li\u1ec7u: Da b\u00f2 th\u1eadt 100% v\u1edbi b\u1ec1 m\u1eb7t m\u1ecbn [&#8230;]\n","protected":false},"featured_media":408,"comment_status":"open","ping_status":"closed","template":"","meta":[],"product_brand":[],"product_cat":[30],"product_tag":[40],"class_list":{"0":"post-405","1":"product","2":"type-product","3":"status-publish","4":"has-post-thumbnail","6":"product_cat-cao-cap","7":"product_tag-giay-luoi-suc-da-bo-cao-cap","9":"first","10":"instock","11":"shipping-taxable","12":"purchasable","13":"product-type-variable"},"yoast_head":"<!-- This site is optimized with the Yoast SEO plugin v27.4 - https:\/\/yoast.com\/product\/yoast-seo-wordpress\/ -->\n<title>Gi\u00e0y l\u01b0\u1eddi s\u1ee5c da b\u00f2 cao c\u1ea5p - \u1d33\u2071\u1d43\u02b8\u1d57\u1d52\u1d57\u00b7\u1d5b\u207f<\/title>\n<meta name=\"description\" content=\"\u0110\u00f4i gi\u00e0y l\u01b0\u1eddi s\u1ee5c da b\u00f2 cao c\u1ea5p l\u00e0 bi\u1ec3u t\u01b0\u1ee3ng c\u1ee7a phong c\u00e1ch l\u1ecbch l\u00e3m, sang tr\u1ecdng v\u00e0 tho\u1ea3i m\u00e1i tinh t\u1ebf \u2014 ph\u00f9 h\u1ee3p c\u1ea3 khi \u0111i h\u1ecdc, \u0111i ch\u01a1i hay d\u1ef1 s\u1ef1 ki\u1ec7n.\" \/>\n<meta name=\"robots\" content=\"index, follow, max-snippet:-1, max-image-preview:large, max-video-preview:-1\" \/>\n<link rel=\"canonical\" href=\"https:\/\/giaytot.vn\/index.php\/product\/giay-luoi-suc-da-bo-cao-cap\/\" \/>\n<meta property=\"og:locale\" content=\"vi_VN\" \/>\n<meta property=\"og:type\" content=\"article\" \/>\n<meta property=\"og:title\" content=\"Gi\u00e0y l\u01b0\u1eddi s\u1ee5c da b\u00f2 cao c\u1ea5p - \u1d33\u2071\u1d43\u02b8\u1d57\u1d52\u1d57\u00b7\u1d5b\u207f\" \/>\n<meta property=\"og:description\" content=\"\u0110\u00f4i gi\u00e0y l\u01b0\u1eddi s\u1ee5c da b\u00f2 cao c\u1ea5p l\u00e0 bi\u1ec3u t\u01b0\u1ee3ng c\u1ee7a phong c\u00e1ch l\u1ecbch l\u00e3m, sang tr\u1ecdng v\u00e0 tho\u1ea3i m\u00e1i tinh t\u1ebf \u2014 ph\u00f9 h\u1ee3p c\u1ea3 khi \u0111i h\u1ecdc, \u0111i ch\u01a1i hay d\u1ef1 s\u1ef1 ki\u1ec7n.\" \/>\n<meta property=\"og:url\" content=\"https:\/\/giaytot.vn\/index.php\/product\/giay-luoi-suc-da-bo-cao-cap\/\" \/>\n<meta property=\"og:site_name\" content=\"\u1d33\u2071\u1d43\u02b8\u1d57\u1d52\u1d57\u00b7\u1d5b\u207f\" \/>\n<meta property=\"article:modified_time\" content=\"2026-01-22T11:30:25+00:00\" \/>\n<meta property=\"og:image\" content=\"https:\/\/giaytot.vn\/wp-content\/uploads\/2026\/01\/z7457475538478_fc2a7624656731c27839e8b3cc7e7b46.jpg\" \/>\n\t<meta property=\"og:image:width\" content=\"1024\" \/>\n\t<meta property=\"og:image:height\" content=\"1024\" \/>\n\t<meta property=\"og:image:type\" content=\"image\/jpeg\" \/>\n<meta name=\"twitter:card\" content=\"summary_large_image\" \/>\n<meta name=\"twitter:label1\" content=\"\u01af\u1edbc t\u00ednh th\u1eddi gian \u0111\u1ecdc\" \/>\n\t<meta name=\"twitter:data1\" content=\"3 ph\u00fat\" \/>\n<script type=\"application\/ld+json\" class=\"yoast-schema-graph\">{\"@context\":\"https:\\\/\\\/schema.org\",\"@graph\":[{\"@type\":\"WebPage\",\"@id\":\"https:\\\/\\\/giaytot.vn\\\/index.php\\\/product\\\/giay-luoi-suc-da-bo-cao-cap\\\/\",\"url\":\"https:\\\/\\\/giaytot.vn\\\/index.php\\\/product\\\/giay-luoi-suc-da-bo-cao-cap\\\/\",\"name\":\"Gi\u00e0y l\u01b0\u1eddi s\u1ee5c da b\u00f2 cao c\u1ea5p - \u1d33\u2071\u1d43\u02b8\u1d57\u1d52\u1d57\u00b7\u1d5b\u207f\",\"isPartOf\":{\"@id\":\"https:\\\/\\\/giaytot.vn\\\/#website\"},\"primaryImageOfPage\":{\"@id\":\"https:\\\/\\\/giaytot.vn\\\/index.php\\\/product\\\/giay-luoi-suc-da-bo-cao-cap\\\/#primaryimage\"},\"image\":{\"@id\":\"https:\\\/\\\/giaytot.vn\\\/index.php\\\/product\\\/giay-luoi-suc-da-bo-cao-cap\\\/#primaryimage\"},\"thumbnailUrl\":\"https:\\\/\\\/giaytot.vn\\\/wp-content\\\/uploads\\\/2026\\\/01\\\/z7457475538478_fc2a7624656731c27839e8b3cc7e7b46.jpg\",\"datePublished\":\"2026-01-22T11:29:51+00:00\",\"dateModified\":\"2026-01-22T11:30:25+00:00\",\"description\":\"\u0110\u00f4i gi\u00e0y l\u01b0\u1eddi s\u1ee5c da b\u00f2 cao c\u1ea5p l\u00e0 bi\u1ec3u t\u01b0\u1ee3ng c\u1ee7a phong c\u00e1ch l\u1ecbch l\u00e3m, sang tr\u1ecdng v\u00e0 tho\u1ea3i m\u00e1i tinh t\u1ebf \u2014 ph\u00f9 h\u1ee3p c\u1ea3 khi \u0111i h\u1ecdc, \u0111i ch\u01a1i hay d\u1ef1 s\u1ef1 ki\u1ec7n.\",\"breadcrumb\":{\"@id\":\"https:\\\/\\\/giaytot.vn\\\/index.php\\\/product\\\/giay-luoi-suc-da-bo-cao-cap\\\/#breadcrumb\"},\"inLanguage\":\"vi\",\"potentialAction\":[{\"@type\":\"ReadAction\",\"target\":[\"https:\\\/\\\/giaytot.vn\\\/index.php\\\/product\\\/giay-luoi-suc-da-bo-cao-cap\\\/\"]}]},{\"@type\":\"ImageObject\",\"inLanguage\":\"vi\",\"@id\":\"https:\\\/\\\/giaytot.vn\\\/index.php\\\/product\\\/giay-luoi-suc-da-bo-cao-cap\\\/#primaryimage\",\"url\":\"https:\\\/\\\/giaytot.vn\\\/wp-content\\\/uploads\\\/2026\\\/01\\\/z7457475538478_fc2a7624656731c27839e8b3cc7e7b46.jpg\",\"contentUrl\":\"https:\\\/\\\/giaytot.vn\\\/wp-content\\\/uploads\\\/2026\\\/01\\\/z7457475538478_fc2a7624656731c27839e8b3cc7e7b46.jpg\",\"width\":1024,\"height\":1024},{\"@type\":\"BreadcrumbList\",\"@id\":\"https:\\\/\\\/giaytot.vn\\\/index.php\\\/product\\\/giay-luoi-suc-da-bo-cao-cap\\\/#breadcrumb\",\"itemListElement\":[{\"@type\":\"ListItem\",\"position\":1,\"name\":\"Trang ch\u1ee7\",\"item\":\"https:\\\/\\\/giaytot.vn\\\/\"},{\"@type\":\"ListItem\",\"position\":2,\"name\":\"Shop\",\"item\":\"https:\\\/\\\/giaytot.vn\\\/index.php\\\/shop\\\/\"},{\"@type\":\"ListItem\",\"position\":3,\"name\":\"Gi\u00e0y l\u01b0\u1eddi s\u1ee5c da b\u00f2 cao c\u1ea5p\"}]},{\"@type\":\"WebSite\",\"@id\":\"https:\\\/\\\/giaytot.vn\\\/#website\",\"url\":\"https:\\\/\\\/giaytot.vn\\\/\",\"name\":\"giaytot.vn\",\"description\":\"\",\"publisher\":{\"@id\":\"https:\\\/\\\/giaytot.vn\\\/#organization\"},\"potentialAction\":[{\"@type\":\"SearchAction\",\"target\":{\"@type\":\"EntryPoint\",\"urlTemplate\":\"https:\\\/\\\/giaytot.vn\\\/?s={search_term_string}\"},\"query-input\":{\"@type\":\"PropertyValueSpecification\",\"valueRequired\":true,\"valueName\":\"search_term_string\"}}],\"inLanguage\":\"vi\"},{\"@type\":\"Organization\",\"@id\":\"https:\\\/\\\/giaytot.vn\\\/#organization\",\"name\":\"giaytot.vn\",\"url\":\"https:\\\/\\\/giaytot.vn\\\/\",\"logo\":{\"@type\":\"ImageObject\",\"inLanguage\":\"vi\",\"@id\":\"https:\\\/\\\/giaytot.vn\\\/#\\\/schema\\\/logo\\\/image\\\/\",\"url\":\"http:\\\/\\\/giaytot.vn\\\/wp-content\\\/uploads\\\/2026\\\/01\\\/cropped-GGIAYTOT.VN-5.png\",\"contentUrl\":\"http:\\\/\\\/giaytot.vn\\\/wp-content\\\/uploads\\\/2026\\\/01\\\/cropped-GGIAYTOT.VN-5.png\",\"width\":512,\"height\":512,\"caption\":\"giaytot.vn\"},\"image\":{\"@id\":\"https:\\\/\\\/giaytot.vn\\\/#\\\/schema\\\/logo\\\/image\\\/\"}}]}<\/script>\n<!-- \/ Yoast SEO plugin. -->","yoast_head_json":{"title":"Gi\u00e0y l\u01b0\u1eddi s\u1ee5c da b\u00f2 cao c\u1ea5p - \u1d33\u2071\u1d43\u02b8\u1d57\u1d52\u1d57\u00b7\u1d5b\u207f","description":"\u0110\u00f4i gi\u00e0y l\u01b0\u1eddi s\u1ee5c da b\u00f2 cao c\u1ea5p l\u00e0 bi\u1ec3u t\u01b0\u1ee3ng c\u1ee7a phong c\u00e1ch l\u1ecbch l\u00e3m, sang tr\u1ecdng v\u00e0 tho\u1ea3i m\u00e1i tinh t\u1ebf \u2014 ph\u00f9 h\u1ee3p c\u1ea3 khi \u0111i h\u1ecdc, \u0111i ch\u01a1i hay d\u1ef1 s\u1ef1 ki\u1ec7n.","robots":{"index":"index","follow":"follow","max-snippet":"max-snippet:-1","max-image-preview":"max-image-preview:large","max-video-preview":"max-video-preview:-1"},"canonical":"https:\/\/giaytot.vn\/index.php\/product\/giay-luoi-suc-da-bo-cao-cap\/","og_locale":"vi_VN","og_type":"article","og_title":"Gi\u00e0y l\u01b0\u1eddi s\u1ee5c da b\u00f2 cao c\u1ea5p - \u1d33\u2071\u1d43\u02b8\u1d57\u1d52\u1d57\u00b7\u1d5b\u207f","og_description":"\u0110\u00f4i gi\u00e0y l\u01b0\u1eddi s\u1ee5c da b\u00f2 cao c\u1ea5p l\u00e0 bi\u1ec3u t\u01b0\u1ee3ng c\u1ee7a phong c\u00e1ch l\u1ecbch l\u00e3m, sang tr\u1ecdng v\u00e0 tho\u1ea3i m\u00e1i tinh t\u1ebf \u2014 ph\u00f9 h\u1ee3p c\u1ea3 khi \u0111i h\u1ecdc, \u0111i ch\u01a1i hay d\u1ef1 s\u1ef1 ki\u1ec7n.","og_url":"https:\/\/giaytot.vn\/index.php\/product\/giay-luoi-suc-da-bo-cao-cap\/","og_site_name":"\u1d33\u2071\u1d43\u02b8\u1d57\u1d52\u1d57\u00b7\u1d5b\u207f","article_modified_time":"2026-01-22T11:30:25+00:00","og_image":[{"width":1024,"height":1024,"url":"https:\/\/giaytot.vn\/wp-content\/uploads\/2026\/01\/z7457475538478_fc2a7624656731c27839e8b3cc7e7b46.jpg","type":"image\/jpeg"}],"twitter_card":"summary_large_image","twitter_misc":{"\u01af\u1edbc t\u00ednh th\u1eddi gian \u0111\u1ecdc":"3 ph\u00fat"},"schema":{"@context":"https:\/\/schema.org","@graph":[{"@type":"WebPage","@id":"https:\/\/giaytot.vn\/index.php\/product\/giay-luoi-suc-da-bo-cao-cap\/","url":"https:\/\/giaytot.vn\/index.php\/product\/giay-luoi-suc-da-bo-cao-cap\/","name":"Gi\u00e0y l\u01b0\u1eddi s\u1ee5c da b\u00f2 cao c\u1ea5p - \u1d33\u2071\u1d43\u02b8\u1d57\u1d52\u1d57\u00b7\u1d5b\u207f","isPartOf":{"@id":"https:\/\/giaytot.vn\/#website"},"primaryImageOfPage":{"@id":"https:\/\/giaytot.vn\/index.php\/product\/giay-luoi-suc-da-bo-cao-cap\/#primaryimage"},"image":{"@id":"https:\/\/giaytot.vn\/index.php\/product\/giay-luoi-suc-da-bo-cao-cap\/#primaryimage"},"thumbnailUrl":"https:\/\/giaytot.vn\/wp-content\/uploads\/2026\/01\/z7457475538478_fc2a7624656731c27839e8b3cc7e7b46.jpg","datePublished":"2026-01-22T11:29:51+00:00","dateModified":"2026-01-22T11:30:25+00:00","description":"\u0110\u00f4i gi\u00e0y l\u01b0\u1eddi s\u1ee5c da b\u00f2 cao c\u1ea5p l\u00e0 bi\u1ec3u t\u01b0\u1ee3ng c\u1ee7a phong c\u00e1ch l\u1ecbch l\u00e3m, sang tr\u1ecdng v\u00e0 tho\u1ea3i m\u00e1i tinh t\u1ebf \u2014 ph\u00f9 h\u1ee3p c\u1ea3 khi \u0111i h\u1ecdc, \u0111i ch\u01a1i hay d\u1ef1 s\u1ef1 ki\u1ec7n.","breadcrumb":{"@id":"https:\/\/giaytot.vn\/index.php\/product\/giay-luoi-suc-da-bo-cao-cap\/#breadcrumb"},"inLanguage":"vi","potentialAction":[{"@type":"ReadAction","target":["https:\/\/giaytot.vn\/index.php\/product\/giay-luoi-suc-da-bo-cao-cap\/"]}]},{"@type":"ImageObject","inLanguage":"vi","@id":"https:\/\/giaytot.vn\/index.php\/product\/giay-luoi-suc-da-bo-cao-cap\/#primaryimage","url":"https:\/\/giaytot.vn\/wp-content\/uploads\/2026\/01\/z7457475538478_fc2a7624656731c27839e8b3cc7e7b46.jpg","contentUrl":"https:\/\/giaytot.vn\/wp-content\/uploads\/2026\/01\/z7457475538478_fc2a7624656731c27839e8b3cc7e7b46.jpg","width":1024,"height":1024},{"@type":"BreadcrumbList","@id":"https:\/\/giaytot.vn\/index.php\/product\/giay-luoi-suc-da-bo-cao-cap\/#breadcrumb","itemListElement":[{"@type":"ListItem","position":1,"name":"Trang ch\u1ee7","item":"https:\/\/giaytot.vn\/"},{"@type":"ListItem","position":2,"name":"Shop","item":"https:\/\/giaytot.vn\/index.php\/shop\/"},{"@type":"ListItem","position":3,"name":"Gi\u00e0y l\u01b0\u1eddi s\u1ee5c da b\u00f2 cao c\u1ea5p"}]},{"@type":"WebSite","@id":"https:\/\/giaytot.vn\/#website","url":"https:\/\/giaytot.vn\/","name":"giaytot.vn","description":"","publisher":{"@id":"https:\/\/giaytot.vn\/#organization"},"potentialAction":[{"@type":"SearchAction","target":{"@type":"EntryPoint","urlTemplate":"https:\/\/giaytot.vn\/?s={search_term_string}"},"query-input":{"@type":"PropertyValueSpecification","valueRequired":true,"valueName":"search_term_string"}}],"inLanguage":"vi"},{"@type":"Organization","@id":"https:\/\/giaytot.vn\/#organization","name":"giaytot.vn","url":"https:\/\/giaytot.vn\/","logo":{"@type":"ImageObject","inLanguage":"vi","@id":"https:\/\/giaytot.vn\/#\/schema\/logo\/image\/","url":"http:\/\/giaytot.vn\/wp-content\/uploads\/2026\/01\/cropped-GGIAYTOT.VN-5.png","contentUrl":"http:\/\/giaytot.vn\/wp-content\/uploads\/2026\/01\/cropped-GGIAYTOT.VN-5.png","width":512,"height":512,"caption":"giaytot.vn"},"image":{"@id":"https:\/\/giaytot.vn\/#\/schema\/logo\/image\/"}}]}},"jetpack_sharing_enabled":true,"_links":{"self":[{"href":"https:\/\/giaytot.vn\/index.php\/wp-json\/wp\/v2\/product\/405","targetHints":{"allow":["GET"]}}],"collection":[{"href":"https:\/\/giaytot.vn\/index.php\/wp-json\/wp\/v2\/product"}],"about":[{"href":"https:\/\/giaytot.vn\/index.php\/wp-json\/wp\/v2\/types\/product"}],"replies":[{"embeddable":true,"href":"https:\/\/giaytot.vn\/index.php\/wp-json\/wp\/v2\/comments?post=405"}],"wp:featuredmedia":[{"embeddable":true,"href":"https:\/\/giaytot.vn\/index.php\/wp-json\/wp\/v2\/media\/408"}],"wp:attachment":[{"href":"https:\/\/giaytot.vn\/index.php\/wp-json\/wp\/v2\/media?parent=405"}],"wp:term":[{"taxonomy":"product_brand","embeddable":true,"href":"https:\/\/giaytot.vn\/index.php\/wp-json\/wp\/v2\/product_brand?post=405"},{"taxonomy":"product_cat","embeddable":true,"href":"https:\/\/giaytot.vn\/index.php\/wp-json\/wp\/v2\/product_cat?post=405"},{"taxonomy":"product_tag","embeddable":true,"href":"https:\/\/giaytot.vn\/index.php\/wp-json\/wp\/v2\/product_tag?post=405"}],"curies":[{"name":"wp","href":"https:\/\/api.w.org\/{rel}","templated":true}]}}