{"id":506,"date":"2026-02-14T14:58:42","date_gmt":"2026-02-14T14:58:42","guid":{"rendered":"https:\/\/giaytot.vn\/?post_type=product&#038;p=506"},"modified":"2026-02-14T15:02:14","modified_gmt":"2026-02-14T15:02:14","slug":"giay-luoi-da-bo-duc-lo-cao-cap","status":"publish","type":"product","link":"https:\/\/giaytot.vn\/index.php\/product\/giay-luoi-da-bo-duc-lo-cao-cap\/","title":{"rendered":"Gi\u00e0y l\u01b0\u1eddi da b\u00f2 \u0111\u1ee5c l\u1ed7 cao c\u1ea5p"},"content":{"rendered":"<h2 data-start=\"182\" data-end=\"222\">\ud83d\udc5e <strong data-start=\"188\" data-end=\"222\">Gi\u00e0y L\u01b0\u1eddi Da B\u00f2 \u0110\u1ee5c L\u1ed7 Cao C\u1ea5p<\/strong><\/h2>\n<h3 data-start=\"224\" data-end=\"252\">\ud83d\udc02 <strong data-start=\"231\" data-end=\"252\">Ch\u1ea5t li\u1ec7u cao c\u1ea5p<\/strong><\/h3>\n<p data-start=\"253\" data-end=\"448\">Gi\u00e0y \u0111\u01b0\u1ee3c l\u00e0m t\u1eeb <strong data-start=\"270\" data-end=\"289\">da b\u00f2 th\u1eadt 100%<\/strong>, m\u1ec1m m\u1ea1i, b\u1ec1n ch\u1eafc v\u00e0 c\u00f3 \u0111\u1ed9 \u0111\u00e0n h\u1ed3i t\u1ed1t. B\u1ec1 m\u1eb7t da \u0111\u01b0\u1ee3c <strong data-start=\"346\" data-end=\"364\">\u0111\u1ee5c l\u1ed7 tinh t\u1ebf<\/strong> gi\u00fap t\u0103ng kh\u1ea3 n\u0103ng tho\u00e1ng kh\u00ed, t\u1ea1o c\u1ea3m gi\u00e1c tho\u1ea3i m\u00e1i ngay c\u1ea3 khi mang c\u1ea3 ng\u00e0y d\u00e0i.<\/p>\n<h3 data-start=\"450\" data-end=\"487\">\ud83c\udf00 <strong data-start=\"457\" data-end=\"487\">Thi\u1ebft k\u1ebf \u0111\u1ee5c l\u1ed7 th\u00f4ng minh<\/strong><\/h3>\n<ul data-start=\"488\" data-end=\"711\">\n<li data-start=\"488\" data-end=\"626\">\n<p data-start=\"490\" data-end=\"626\">C\u00e1c l\u1ed7 nh\u1ecf \u0111\u1ec1u \u0111\u1eb7n tr\u00ean th\u00e2n gi\u00e0y kh\u00f4ng ch\u1ec9 t\u1ea1o \u0111i\u1ec3m nh\u1ea5n th\u1ea9m m\u1ef9 m\u00e0 c\u00f2n <strong data-start=\"563\" data-end=\"591\">gi\u00fap l\u01b0u th\u00f4ng kh\u00f4ng kh\u00ed<\/strong>, gi\u1ea3m m\u00f9i v\u00e0 ch\u1ed1ng \u0111\u1ed5 m\u1ed3 h\u00f4i ch\u00e2n.<\/p>\n<\/li>\n<li data-start=\"627\" data-end=\"711\">\n<p data-start=\"629\" data-end=\"711\">Phong c\u00e1ch <strong data-start=\"640\" data-end=\"663\">minimal, sang tr\u1ecdng<\/strong>, d\u1ec5 ph\u1ed1i v\u1edbi trang ph\u1ee5c t\u1eeb c\u00f4ng s\u1edf \u0111\u1ebfn d\u1ea1o ph\u1ed1.<\/p>\n<\/li>\n<\/ul>\n<h3 data-start=\"713\" data-end=\"743\">\ud83d\udc63 <strong data-start=\"720\" data-end=\"743\">T\u00ednh n\u0103ng tho\u1ea3i m\u00e1i<\/strong><\/h3>\n<ul data-start=\"744\" data-end=\"904\">\n<li data-start=\"744\" data-end=\"810\">\n<p data-start=\"746\" data-end=\"810\"><strong data-start=\"746\" data-end=\"764\">L\u00f3t gi\u00e0y \u00eam \u00e1i<\/strong>, \u00f4m s\u00e1t b\u00e0n ch\u00e2n, gi\u1ea3m m\u1ec7t m\u1ecfi khi di chuy\u1ec3n.<\/p>\n<\/li>\n<li data-start=\"811\" data-end=\"904\">\n<p data-start=\"813\" data-end=\"904\">\u0110\u1ebf cao su ch\u1ea5t l\u01b0\u1ee3ng cao, <strong data-start=\"839\" data-end=\"859\">ch\u1ed1ng tr\u01a1n tr\u01b0\u1ee3t<\/strong>, \u0111\u00e0n h\u1ed3i t\u1ed1t, ch\u1ecbu l\u1ef1c v\u00e0 b\u00e1m \u0111\u01b0\u1eddng \u1ed5n \u0111\u1ecbnh.<\/p>\n<\/li>\n<\/ul>\n<h3 data-start=\"906\" data-end=\"935\">\ud83e\uddf5 <strong data-start=\"913\" data-end=\"935\">\u0110\u01b0\u1eddng may tinh x\u1ea3o<\/strong><\/h3>\n<p>&nbsp;<\/p>\n<p data-start=\"936\" data-end=\"1072\">\u0110\u01b0\u1eddng ch\u1ec9 \u0111\u1ec1u \u0111\u1eb7n, t\u1ec9 m\u1ec9, \u0111\u1ea3m b\u1ea3o \u0111\u1ed9 b\u1ec1n l\u00e2u d\u00e0i. Thi\u1ebft k\u1ebf kh\u00f4ng d\u00e2y bu\u1ed9c gi\u00fap b\u1ea1n d\u1ec5 d\u00e0ng x\u1ecf v\u00e0o \u2013 x\u1ecf ra m\u00e0 v\u1eabn gi\u1eef form gi\u00e0y g\u1ecdn g\u00e0ng.<\/p>\n<h3 data-start=\"1074\" data-end=\"1113\">\ud83c\udfa8 <strong data-start=\"1081\" data-end=\"1113\">Phong c\u00e1ch &amp; ph\u1ed1i \u0111\u1ed3 d\u1ec5 d\u00e0ng<\/strong><\/h3>\n<p data-start=\"1114\" data-end=\"1173\">Gi\u00e0y l\u01b0\u1eddi da b\u00f2 \u0111\u1ee5c l\u1ed7 l\u00e0 l\u1ef1a ch\u1ecdn ho\u00e0n h\u1ea3o cho phong c\u00e1ch:<\/p>\n<ul data-start=\"1174\" data-end=\"1290\">\n<li data-start=\"1174\" data-end=\"1192\">\n<p data-start=\"1176\" data-end=\"1192\"><strong data-start=\"1176\" data-end=\"1192\">Smart casual<\/strong><\/p>\n<\/li>\n<li data-start=\"1193\" data-end=\"1217\">\n<p data-start=\"1195\" data-end=\"1217\"><strong data-start=\"1195\" data-end=\"1217\">\u0110i l\u00e0m \u2013 g\u1eb7p kh\u00e1ch<\/strong><\/p>\n<\/li>\n<li data-start=\"1218\" data-end=\"1241\">\n<p data-start=\"1220\" data-end=\"1241\"><strong data-start=\"1220\" data-end=\"1241\">\u0110i ch\u01a1i \u2013 du l\u1ecbch<\/strong><\/p>\n<\/li>\n<li data-start=\"1242\" data-end=\"1290\">\n<p data-start=\"1244\" data-end=\"1290\"><strong data-start=\"1244\" data-end=\"1290\">Ph\u1ed1i v\u1edbi qu\u1ea7n jean, chinos, shorts \u0111\u1ec1u \u0111\u1eb9p<\/strong><\/p>\n<\/li>\n<\/ul>\n<hr data-start=\"1292\" data-end=\"1295\" \/>\n<h2 data-start=\"1297\" data-end=\"1322\">\ud83d\udccc <strong data-start=\"1303\" data-end=\"1322\">\u01afu \u0111i\u1ec3m n\u1ed5i b\u1eadt<\/strong><\/h2>\n<p data-start=\"1323\" data-end=\"1537\">\u2705 Da b\u00f2 th\u1eadt \u2014 c\u00e0ng d\u00f9ng c\u00e0ng m\u1ec1m v\u00e0 b\u00f3ng \u0111\u1eb9p<br data-start=\"1368\" data-end=\"1371\" \/>\u2705 Thi\u1ebft k\u1ebf \u0111\u1ee5c l\u1ed7 tho\u00e1ng kh\u00ed \u2014 ph\u00f9 h\u1ee3p c\u1ea3 ng\u00e0y h\u00e8<br data-start=\"1420\" data-end=\"1423\" \/>\u2705 Phong c\u00e1ch sang tr\u1ecdng, d\u1ec5 ph\u1ed1i \u0111\u1ed3<br data-start=\"1458\" data-end=\"1461\" \/>\u2705 \u0110\u1ebf cao su ch\u1ed1ng tr\u01b0\u1ee3t, \u00eam ch\u00e2n<br data-start=\"1493\" data-end=\"1496\" \/>\u2705 D\u1ec5 mang \u2013 ti\u1ec7n l\u1ee3i \u2013 kh\u00f4ng c\u1ea7n bu\u1ed9c d\u00e2y<\/p>\n","protected":false},"excerpt":{"rendered":"<p>\ud83d\udc5e Gi\u00e0y L\u01b0\u1eddi Da B\u00f2 \u0110\u1ee5c L\u1ed7 Cao C\u1ea5p \ud83d\udc02 Ch\u1ea5t li\u1ec7u cao c\u1ea5p Gi\u00e0y \u0111\u01b0\u1ee3c l\u00e0m t\u1eeb da b\u00f2 th\u1eadt 100%, m\u1ec1m m\u1ea1i, b\u1ec1n ch\u1eafc v\u00e0 c\u00f3 \u0111\u1ed9 \u0111\u00e0n h\u1ed3i t\u1ed1t. B\u1ec1 m\u1eb7t da \u0111\u01b0\u1ee3c \u0111\u1ee5c l\u1ed7 tinh t\u1ebf gi\u00fap t\u0103ng kh\u1ea3 n\u0103ng tho\u00e1ng kh\u00ed, t\u1ea1o c\u1ea3m gi\u00e1c tho\u1ea3i m\u00e1i ngay c\u1ea3 khi mang [&#8230;]\n","protected":false},"featured_media":508,"comment_status":"open","ping_status":"closed","template":"","meta":[],"product_brand":[],"product_cat":[30],"product_tag":[44],"class_list":{"0":"post-506","1":"product","2":"type-product","3":"status-publish","4":"has-post-thumbnail","6":"product_cat-cao-cap","7":"product_tag-giay-luoi-da-bo-duc-lo-cao-cap","9":"first","10":"instock","11":"shipping-taxable","12":"purchasable","13":"product-type-variable"},"yoast_head":"<!-- This site is optimized with the Yoast SEO plugin v27.4 - https:\/\/yoast.com\/product\/yoast-seo-wordpress\/ -->\n<title>Gi\u00e0y l\u01b0\u1eddi da b\u00f2 \u0111\u1ee5c l\u1ed7 cao c\u1ea5p - \u1d33\u2071\u1d43\u02b8\u1d57\u1d52\u1d57\u00b7\u1d5b\u207f<\/title>\n<meta name=\"description\" content=\"Gi\u00e0y \u0111\u01b0\u1ee3c l\u00e0m t\u1eeb da b\u00f2 th\u1eadt 100%, m\u1ec1m m\u1ea1i, b\u1ec1n ch\u1eafc v\u00e0 c\u00f3 \u0111\u1ed9 \u0111\u00e0n h\u1ed3i t\u1ed1t. B\u1ec1 m\u1eb7t da \u0111\u01b0\u1ee3c \u0111\u1ee5c l\u1ed7 tinh t\u1ebf gi\u00fap t\u0103ng kh\u1ea3 n\u0103ng tho\u00e1ng kh\u00ed\" \/>\n<meta name=\"robots\" content=\"index, follow, max-snippet:-1, max-image-preview:large, max-video-preview:-1\" \/>\n<link rel=\"canonical\" href=\"https:\/\/giaytot.vn\/index.php\/product\/giay-luoi-da-bo-duc-lo-cao-cap\/\" \/>\n<meta property=\"og:locale\" content=\"vi_VN\" \/>\n<meta property=\"og:type\" content=\"article\" \/>\n<meta property=\"og:title\" content=\"Gi\u00e0y l\u01b0\u1eddi da b\u00f2 \u0111\u1ee5c l\u1ed7 cao c\u1ea5p - \u1d33\u2071\u1d43\u02b8\u1d57\u1d52\u1d57\u00b7\u1d5b\u207f\" \/>\n<meta property=\"og:description\" content=\"Gi\u00e0y \u0111\u01b0\u1ee3c l\u00e0m t\u1eeb da b\u00f2 th\u1eadt 100%, m\u1ec1m m\u1ea1i, b\u1ec1n ch\u1eafc v\u00e0 c\u00f3 \u0111\u1ed9 \u0111\u00e0n h\u1ed3i t\u1ed1t. B\u1ec1 m\u1eb7t da \u0111\u01b0\u1ee3c \u0111\u1ee5c l\u1ed7 tinh t\u1ebf gi\u00fap t\u0103ng kh\u1ea3 n\u0103ng tho\u00e1ng kh\u00ed\" \/>\n<meta property=\"og:url\" content=\"https:\/\/giaytot.vn\/index.php\/product\/giay-luoi-da-bo-duc-lo-cao-cap\/\" \/>\n<meta property=\"og:site_name\" content=\"\u1d33\u2071\u1d43\u02b8\u1d57\u1d52\u1d57\u00b7\u1d5b\u207f\" \/>\n<meta property=\"article:modified_time\" content=\"2026-02-14T15:02:14+00:00\" \/>\n<meta property=\"og:image\" content=\"https:\/\/giaytot.vn\/wp-content\/uploads\/2026\/02\/z7535115462636_a793df25b2251483a354c4cb96b5fc7e.jpg\" \/>\n\t<meta property=\"og:image:width\" content=\"1024\" \/>\n\t<meta property=\"og:image:height\" content=\"1024\" \/>\n\t<meta property=\"og:image:type\" content=\"image\/jpeg\" \/>\n<meta name=\"twitter:card\" content=\"summary_large_image\" \/>\n<meta name=\"twitter:label1\" content=\"\u01af\u1edbc t\u00ednh th\u1eddi gian \u0111\u1ecdc\" \/>\n\t<meta name=\"twitter:data1\" content=\"2 ph\u00fat\" \/>\n<script type=\"application\/ld+json\" class=\"yoast-schema-graph\">{\"@context\":\"https:\\\/\\\/schema.org\",\"@graph\":[{\"@type\":\"WebPage\",\"@id\":\"https:\\\/\\\/giaytot.vn\\\/index.php\\\/product\\\/giay-luoi-da-bo-duc-lo-cao-cap\\\/\",\"url\":\"https:\\\/\\\/giaytot.vn\\\/index.php\\\/product\\\/giay-luoi-da-bo-duc-lo-cao-cap\\\/\",\"name\":\"Gi\u00e0y l\u01b0\u1eddi da b\u00f2 \u0111\u1ee5c l\u1ed7 cao c\u1ea5p - \u1d33\u2071\u1d43\u02b8\u1d57\u1d52\u1d57\u00b7\u1d5b\u207f\",\"isPartOf\":{\"@id\":\"https:\\\/\\\/giaytot.vn\\\/#website\"},\"primaryImageOfPage\":{\"@id\":\"https:\\\/\\\/giaytot.vn\\\/index.php\\\/product\\\/giay-luoi-da-bo-duc-lo-cao-cap\\\/#primaryimage\"},\"image\":{\"@id\":\"https:\\\/\\\/giaytot.vn\\\/index.php\\\/product\\\/giay-luoi-da-bo-duc-lo-cao-cap\\\/#primaryimage\"},\"thumbnailUrl\":\"https:\\\/\\\/giaytot.vn\\\/wp-content\\\/uploads\\\/2026\\\/02\\\/z7535115462636_a793df25b2251483a354c4cb96b5fc7e.jpg\",\"datePublished\":\"2026-02-14T14:58:42+00:00\",\"dateModified\":\"2026-02-14T15:02:14+00:00\",\"description\":\"Gi\u00e0y \u0111\u01b0\u1ee3c l\u00e0m t\u1eeb da b\u00f2 th\u1eadt 100%, m\u1ec1m m\u1ea1i, b\u1ec1n ch\u1eafc v\u00e0 c\u00f3 \u0111\u1ed9 \u0111\u00e0n h\u1ed3i t\u1ed1t. B\u1ec1 m\u1eb7t da \u0111\u01b0\u1ee3c \u0111\u1ee5c l\u1ed7 tinh t\u1ebf gi\u00fap t\u0103ng kh\u1ea3 n\u0103ng tho\u00e1ng kh\u00ed\",\"breadcrumb\":{\"@id\":\"https:\\\/\\\/giaytot.vn\\\/index.php\\\/product\\\/giay-luoi-da-bo-duc-lo-cao-cap\\\/#breadcrumb\"},\"inLanguage\":\"vi\",\"potentialAction\":[{\"@type\":\"ReadAction\",\"target\":[\"https:\\\/\\\/giaytot.vn\\\/index.php\\\/product\\\/giay-luoi-da-bo-duc-lo-cao-cap\\\/\"]}]},{\"@type\":\"ImageObject\",\"inLanguage\":\"vi\",\"@id\":\"https:\\\/\\\/giaytot.vn\\\/index.php\\\/product\\\/giay-luoi-da-bo-duc-lo-cao-cap\\\/#primaryimage\",\"url\":\"https:\\\/\\\/giaytot.vn\\\/wp-content\\\/uploads\\\/2026\\\/02\\\/z7535115462636_a793df25b2251483a354c4cb96b5fc7e.jpg\",\"contentUrl\":\"https:\\\/\\\/giaytot.vn\\\/wp-content\\\/uploads\\\/2026\\\/02\\\/z7535115462636_a793df25b2251483a354c4cb96b5fc7e.jpg\",\"width\":1024,\"height\":1024},{\"@type\":\"BreadcrumbList\",\"@id\":\"https:\\\/\\\/giaytot.vn\\\/index.php\\\/product\\\/giay-luoi-da-bo-duc-lo-cao-cap\\\/#breadcrumb\",\"itemListElement\":[{\"@type\":\"ListItem\",\"position\":1,\"name\":\"Trang ch\u1ee7\",\"item\":\"https:\\\/\\\/giaytot.vn\\\/\"},{\"@type\":\"ListItem\",\"position\":2,\"name\":\"Shop\",\"item\":\"https:\\\/\\\/giaytot.vn\\\/index.php\\\/shop\\\/\"},{\"@type\":\"ListItem\",\"position\":3,\"name\":\"Gi\u00e0y l\u01b0\u1eddi da b\u00f2 \u0111\u1ee5c l\u1ed7 cao c\u1ea5p\"}]},{\"@type\":\"WebSite\",\"@id\":\"https:\\\/\\\/giaytot.vn\\\/#website\",\"url\":\"https:\\\/\\\/giaytot.vn\\\/\",\"name\":\"giaytot.vn\",\"description\":\"\",\"publisher\":{\"@id\":\"https:\\\/\\\/giaytot.vn\\\/#organization\"},\"potentialAction\":[{\"@type\":\"SearchAction\",\"target\":{\"@type\":\"EntryPoint\",\"urlTemplate\":\"https:\\\/\\\/giaytot.vn\\\/?s={search_term_string}\"},\"query-input\":{\"@type\":\"PropertyValueSpecification\",\"valueRequired\":true,\"valueName\":\"search_term_string\"}}],\"inLanguage\":\"vi\"},{\"@type\":\"Organization\",\"@id\":\"https:\\\/\\\/giaytot.vn\\\/#organization\",\"name\":\"giaytot.vn\",\"url\":\"https:\\\/\\\/giaytot.vn\\\/\",\"logo\":{\"@type\":\"ImageObject\",\"inLanguage\":\"vi\",\"@id\":\"https:\\\/\\\/giaytot.vn\\\/#\\\/schema\\\/logo\\\/image\\\/\",\"url\":\"http:\\\/\\\/giaytot.vn\\\/wp-content\\\/uploads\\\/2026\\\/01\\\/cropped-GGIAYTOT.VN-5.png\",\"contentUrl\":\"http:\\\/\\\/giaytot.vn\\\/wp-content\\\/uploads\\\/2026\\\/01\\\/cropped-GGIAYTOT.VN-5.png\",\"width\":512,\"height\":512,\"caption\":\"giaytot.vn\"},\"image\":{\"@id\":\"https:\\\/\\\/giaytot.vn\\\/#\\\/schema\\\/logo\\\/image\\\/\"}}]}<\/script>\n<!-- \/ Yoast SEO plugin. -->","yoast_head_json":{"title":"Gi\u00e0y l\u01b0\u1eddi da b\u00f2 \u0111\u1ee5c l\u1ed7 cao c\u1ea5p - \u1d33\u2071\u1d43\u02b8\u1d57\u1d52\u1d57\u00b7\u1d5b\u207f","description":"Gi\u00e0y \u0111\u01b0\u1ee3c l\u00e0m t\u1eeb da b\u00f2 th\u1eadt 100%, m\u1ec1m m\u1ea1i, b\u1ec1n ch\u1eafc v\u00e0 c\u00f3 \u0111\u1ed9 \u0111\u00e0n h\u1ed3i t\u1ed1t. B\u1ec1 m\u1eb7t da \u0111\u01b0\u1ee3c \u0111\u1ee5c l\u1ed7 tinh t\u1ebf gi\u00fap t\u0103ng kh\u1ea3 n\u0103ng tho\u00e1ng kh\u00ed","robots":{"index":"index","follow":"follow","max-snippet":"max-snippet:-1","max-image-preview":"max-image-preview:large","max-video-preview":"max-video-preview:-1"},"canonical":"https:\/\/giaytot.vn\/index.php\/product\/giay-luoi-da-bo-duc-lo-cao-cap\/","og_locale":"vi_VN","og_type":"article","og_title":"Gi\u00e0y l\u01b0\u1eddi da b\u00f2 \u0111\u1ee5c l\u1ed7 cao c\u1ea5p - \u1d33\u2071\u1d43\u02b8\u1d57\u1d52\u1d57\u00b7\u1d5b\u207f","og_description":"Gi\u00e0y \u0111\u01b0\u1ee3c l\u00e0m t\u1eeb da b\u00f2 th\u1eadt 100%, m\u1ec1m m\u1ea1i, b\u1ec1n ch\u1eafc v\u00e0 c\u00f3 \u0111\u1ed9 \u0111\u00e0n h\u1ed3i t\u1ed1t. B\u1ec1 m\u1eb7t da \u0111\u01b0\u1ee3c \u0111\u1ee5c l\u1ed7 tinh t\u1ebf gi\u00fap t\u0103ng kh\u1ea3 n\u0103ng tho\u00e1ng kh\u00ed","og_url":"https:\/\/giaytot.vn\/index.php\/product\/giay-luoi-da-bo-duc-lo-cao-cap\/","og_site_name":"\u1d33\u2071\u1d43\u02b8\u1d57\u1d52\u1d57\u00b7\u1d5b\u207f","article_modified_time":"2026-02-14T15:02:14+00:00","og_image":[{"width":1024,"height":1024,"url":"https:\/\/giaytot.vn\/wp-content\/uploads\/2026\/02\/z7535115462636_a793df25b2251483a354c4cb96b5fc7e.jpg","type":"image\/jpeg"}],"twitter_card":"summary_large_image","twitter_misc":{"\u01af\u1edbc t\u00ednh th\u1eddi gian \u0111\u1ecdc":"2 ph\u00fat"},"schema":{"@context":"https:\/\/schema.org","@graph":[{"@type":"WebPage","@id":"https:\/\/giaytot.vn\/index.php\/product\/giay-luoi-da-bo-duc-lo-cao-cap\/","url":"https:\/\/giaytot.vn\/index.php\/product\/giay-luoi-da-bo-duc-lo-cao-cap\/","name":"Gi\u00e0y l\u01b0\u1eddi da b\u00f2 \u0111\u1ee5c l\u1ed7 cao c\u1ea5p - \u1d33\u2071\u1d43\u02b8\u1d57\u1d52\u1d57\u00b7\u1d5b\u207f","isPartOf":{"@id":"https:\/\/giaytot.vn\/#website"},"primaryImageOfPage":{"@id":"https:\/\/giaytot.vn\/index.php\/product\/giay-luoi-da-bo-duc-lo-cao-cap\/#primaryimage"},"image":{"@id":"https:\/\/giaytot.vn\/index.php\/product\/giay-luoi-da-bo-duc-lo-cao-cap\/#primaryimage"},"thumbnailUrl":"https:\/\/giaytot.vn\/wp-content\/uploads\/2026\/02\/z7535115462636_a793df25b2251483a354c4cb96b5fc7e.jpg","datePublished":"2026-02-14T14:58:42+00:00","dateModified":"2026-02-14T15:02:14+00:00","description":"Gi\u00e0y \u0111\u01b0\u1ee3c l\u00e0m t\u1eeb da b\u00f2 th\u1eadt 100%, m\u1ec1m m\u1ea1i, b\u1ec1n ch\u1eafc v\u00e0 c\u00f3 \u0111\u1ed9 \u0111\u00e0n h\u1ed3i t\u1ed1t. B\u1ec1 m\u1eb7t da \u0111\u01b0\u1ee3c \u0111\u1ee5c l\u1ed7 tinh t\u1ebf gi\u00fap t\u0103ng kh\u1ea3 n\u0103ng tho\u00e1ng kh\u00ed","breadcrumb":{"@id":"https:\/\/giaytot.vn\/index.php\/product\/giay-luoi-da-bo-duc-lo-cao-cap\/#breadcrumb"},"inLanguage":"vi","potentialAction":[{"@type":"ReadAction","target":["https:\/\/giaytot.vn\/index.php\/product\/giay-luoi-da-bo-duc-lo-cao-cap\/"]}]},{"@type":"ImageObject","inLanguage":"vi","@id":"https:\/\/giaytot.vn\/index.php\/product\/giay-luoi-da-bo-duc-lo-cao-cap\/#primaryimage","url":"https:\/\/giaytot.vn\/wp-content\/uploads\/2026\/02\/z7535115462636_a793df25b2251483a354c4cb96b5fc7e.jpg","contentUrl":"https:\/\/giaytot.vn\/wp-content\/uploads\/2026\/02\/z7535115462636_a793df25b2251483a354c4cb96b5fc7e.jpg","width":1024,"height":1024},{"@type":"BreadcrumbList","@id":"https:\/\/giaytot.vn\/index.php\/product\/giay-luoi-da-bo-duc-lo-cao-cap\/#breadcrumb","itemListElement":[{"@type":"ListItem","position":1,"name":"Trang ch\u1ee7","item":"https:\/\/giaytot.vn\/"},{"@type":"ListItem","position":2,"name":"Shop","item":"https:\/\/giaytot.vn\/index.php\/shop\/"},{"@type":"ListItem","position":3,"name":"Gi\u00e0y l\u01b0\u1eddi da b\u00f2 \u0111\u1ee5c l\u1ed7 cao c\u1ea5p"}]},{"@type":"WebSite","@id":"https:\/\/giaytot.vn\/#website","url":"https:\/\/giaytot.vn\/","name":"giaytot.vn","description":"","publisher":{"@id":"https:\/\/giaytot.vn\/#organization"},"potentialAction":[{"@type":"SearchAction","target":{"@type":"EntryPoint","urlTemplate":"https:\/\/giaytot.vn\/?s={search_term_string}"},"query-input":{"@type":"PropertyValueSpecification","valueRequired":true,"valueName":"search_term_string"}}],"inLanguage":"vi"},{"@type":"Organization","@id":"https:\/\/giaytot.vn\/#organization","name":"giaytot.vn","url":"https:\/\/giaytot.vn\/","logo":{"@type":"ImageObject","inLanguage":"vi","@id":"https:\/\/giaytot.vn\/#\/schema\/logo\/image\/","url":"http:\/\/giaytot.vn\/wp-content\/uploads\/2026\/01\/cropped-GGIAYTOT.VN-5.png","contentUrl":"http:\/\/giaytot.vn\/wp-content\/uploads\/2026\/01\/cropped-GGIAYTOT.VN-5.png","width":512,"height":512,"caption":"giaytot.vn"},"image":{"@id":"https:\/\/giaytot.vn\/#\/schema\/logo\/image\/"}}]}},"jetpack_sharing_enabled":true,"_links":{"self":[{"href":"https:\/\/giaytot.vn\/index.php\/wp-json\/wp\/v2\/product\/506","targetHints":{"allow":["GET"]}}],"collection":[{"href":"https:\/\/giaytot.vn\/index.php\/wp-json\/wp\/v2\/product"}],"about":[{"href":"https:\/\/giaytot.vn\/index.php\/wp-json\/wp\/v2\/types\/product"}],"replies":[{"embeddable":true,"href":"https:\/\/giaytot.vn\/index.php\/wp-json\/wp\/v2\/comments?post=506"}],"wp:featuredmedia":[{"embeddable":true,"href":"https:\/\/giaytot.vn\/index.php\/wp-json\/wp\/v2\/media\/508"}],"wp:attachment":[{"href":"https:\/\/giaytot.vn\/index.php\/wp-json\/wp\/v2\/media?parent=506"}],"wp:term":[{"taxonomy":"product_brand","embeddable":true,"href":"https:\/\/giaytot.vn\/index.php\/wp-json\/wp\/v2\/product_brand?post=506"},{"taxonomy":"product_cat","embeddable":true,"href":"https:\/\/giaytot.vn\/index.php\/wp-json\/wp\/v2\/product_cat?post=506"},{"taxonomy":"product_tag","embeddable":true,"href":"https:\/\/giaytot.vn\/index.php\/wp-json\/wp\/v2\/product_tag?post=506"}],"curies":[{"name":"wp","href":"https:\/\/api.w.org\/{rel}","templated":true}]}}